{"id":6769,"date":"2021-01-24T10:39:35","date_gmt":"2021-01-24T10:39:35","guid":{"rendered":"http:\/\/megapharm.al\/index.php\/product\/import-placeholder-for-3441\/"},"modified":"2021-01-24T10:39:39","modified_gmt":"2021-01-24T10:39:39","slug":"hydrotenseur-antiwrinkle-normalizing-fluid","status":"publish","type":"product","link":"https:\/\/megapharm.al\/?product=hydrotenseur-antiwrinkle-normalizing-fluid","title":{"rendered":"Hydrotenseur Antiwrinkle Normalizing Fluid"},"content":{"rendered":"<p>P\u00ebrshkrimi i produktit<br \/>\nRilastil Hydrotenseur \u00ebsht\u00eb nj\u00eb krem fluid hidratues p\u00ebr fytyr\u00ebn me veprim antirrudh\u00eb. Ka nj\u00eb tekstur\u00eb fluide leht\u00ebsisht t\u00eb p\u00ebrthithshme nga l\u00ebkura. Lufton shenjat e mosh\u00ebs dhe matifikon l\u00ebkur\u00ebn. Mbush rrudhat n\u00eb thell\u00ebsi. Hidraton dhe riparon l\u00ebkur\u00ebn. Matifikon dhe i rikthen l\u00ebkur\u00ebs pamjen kompakte dhe t\u00eb l\u00ebmuar. P\u00ebrmban acid hialuronik, ceramide dhe Vitamine E.<\/p>\n<p>P\u00ebrdorimi<br \/>\nAplikojeni kremin n\u00eb m\u00ebngjes dhe n\u00eb dark\u00eb n\u00eb l\u00ebkur\u00eb t\u00eb past\u00ebr dhe t\u00eb thar\u00eb. Masazhojeni n\u00eb m\u00ebnyr\u00eb delikat\u00eb nga posht\u00eb lart.<br \/>\nSasia: 50ml<\/p>\n","protected":false},"excerpt":{"rendered":"<p>P\u00ebrshkrimi i produktit<br \/>\nRilastil Hydrotenseur \u00ebsht\u00eb nj\u00eb krem fluid hidratues p\u00ebr fytyr\u00ebn me veprim antirrudh\u00eb. Ka nj\u00eb tekstur\u00eb fluide leht\u00ebsisht t\u00eb p\u00ebrthithshme nga l\u00ebkura. Lufton shenjat e mosh\u00ebs dhe matifikon l\u00ebkur\u00ebn. Mbush rrudhat n\u00eb thell\u00ebsi. Hidraton dhe riparon l\u00ebkur\u00ebn. Matifikon dhe i rikthen l\u00ebkur\u00ebs pamjen kompakte dhe t\u00eb l\u00ebmuar. P\u00ebrmban acid hialuronik, ceramide dhe Vitamine E.<\/p>\n<p>P\u00ebrdorimi<br \/>\nAplikojeni kremin n\u00eb m\u00ebngjes dhe n\u00eb dark\u00eb n\u00eb l\u00ebkur\u00eb t\u00eb past\u00ebr dhe t\u00eb thar\u00eb. Masazhojeni n\u00eb m\u00ebnyr\u00eb delikat\u00eb nga posht\u00eb lart.<br \/>\nSasia: 50ml<\/p>\n","protected":false},"featured_media":5875,"comment_status":"open","ping_status":"closed","template":"","meta":[],"product_cat":[123],"product_tag":[],"class_list":{"0":"post-6769","1":"product","2":"type-product","3":"status-publish","4":"has-post-thumbnail","6":"product_cat-rilastil","8":"first","9":"instock","10":"shipping-taxable","11":"product-type-simple"},"_links":{"self":[{"href":"https:\/\/megapharm.al\/index.php?rest_route=\/wp\/v2\/product\/6769","targetHints":{"allow":["GET"]}}],"collection":[{"href":"https:\/\/megapharm.al\/index.php?rest_route=\/wp\/v2\/product"}],"about":[{"href":"https:\/\/megapharm.al\/index.php?rest_route=\/wp\/v2\/types\/product"}],"replies":[{"embeddable":true,"href":"https:\/\/megapharm.al\/index.php?rest_route=%2Fwp%2Fv2%2Fcomments&post=6769"}],"wp:featuredmedia":[{"embeddable":true,"href":"https:\/\/megapharm.al\/index.php?rest_route=\/wp\/v2\/media\/5875"}],"wp:attachment":[{"href":"https:\/\/megapharm.al\/index.php?rest_route=%2Fwp%2Fv2%2Fmedia&parent=6769"}],"wp:term":[{"taxonomy":"product_cat","embeddable":true,"href":"https:\/\/megapharm.al\/index.php?rest_route=%2Fwp%2Fv2%2Fproduct_cat&post=6769"},{"taxonomy":"product_tag","embeddable":true,"href":"https:\/\/megapharm.al\/index.php?rest_route=%2Fwp%2Fv2%2Fproduct_tag&post=6769"}],"curies":[{"name":"wp","href":"https:\/\/api.w.org\/{rel}","templated":true}]}}