{"id":6768,"date":"2021-01-24T10:39:35","date_gmt":"2021-01-24T10:39:35","guid":{"rendered":"http:\/\/megapharm.al\/index.php\/product\/import-placeholder-for-3440\/"},"modified":"2021-01-24T10:39:39","modified_gmt":"2021-01-24T10:39:39","slug":"hydrotenseur-antiwrinkle-nourishing-cream","status":"publish","type":"product","link":"https:\/\/megapharm.al\/?product=hydrotenseur-antiwrinkle-nourishing-cream","title":{"rendered":"Hydrotenseur Antiwrinkle Nourishing Cream"},"content":{"rendered":"<p>P\u00ebrshkrimi i produktit<br \/>\nHydrotenseur- Nourishing Cream \u00ebsht\u00eb nj\u00eb hidratues dhe ushqyes mjaft i mir\u00eb p\u00ebr l\u00ebkur\u00ebn I cili vepron deri n\u00eb thell\u00ebsi t\u00eb saj. P\u00ebrmban acid hialuronik, SK-Influx, Calmosensine\u1d40\u1d39, Vitamine E, ceramide dhe Lupeol. Ky krem parandalon dhe redukton rrudhat duke ristrukturuar struktur\u00ebn e l\u00ebkur\u00ebs. Kremi Hydrotenseur pengon kontraktimin e muskujve q\u00eb kontribuojne n\u00eb formimin e linjave t\u00eb mimik\u00ebs. Nxit prodhimin e kolagjenit. I jep l\u00ebkur\u00ebs q\u00ebndrueshm\u00ebri dhe rrit elasticitetin e saj. P\u00ebr l\u00ebkur\u00eb t\u00eb that\u00eb. Si trajtim nate p\u00ebr l\u00ebkur\u00eb normale dhe mikse. Krem anti-rrudh\u00eb dhe anti-age.<br \/>\nP\u00ebrdorimi<br \/>\nAplikojeni n\u00eb m\u00ebngjes dhe\/ ose dark\u00eb n\u00eb fytyre t\u00eb past\u00ebr<br \/>\nSasia: 50ml<\/p>\n","protected":false},"excerpt":{"rendered":"<p>P\u00ebrshkrimi i produktit<br \/>\nHydrotenseur- Nourishing Cream \u00ebsht\u00eb nj\u00eb hidratues dhe ushqyes mjaft i mir\u00eb p\u00ebr l\u00ebkur\u00ebn I cili vepron deri n\u00eb thell\u00ebsi t\u00eb saj. P\u00ebrmban acid hialuronik, SK-Influx, Calmosensine\u1d40\u1d39, Vitamine E, ceramide dhe Lupeol. Ky krem parandalon dhe redukton rrudhat duke ristrukturuar struktur\u00ebn e l\u00ebkur\u00ebs. Kremi Hydrotenseur pengon kontraktimin e muskujve q\u00eb kontribuojne n\u00eb formimin e linjave t\u00eb mimik\u00ebs. Nxit prodhimin e kolagjenit. I jep l\u00ebkur\u00ebs q\u00ebndrueshm\u00ebri dhe rrit elasticitetin e saj. P\u00ebr l\u00ebkur\u00eb t\u00eb that\u00eb. Si trajtim nate p\u00ebr l\u00ebkur\u00eb normale dhe mikse. Krem anti-rrudh\u00eb dhe anti-age.<br \/>\nP\u00ebrdorimi<br \/>\nAplikojeni n\u00eb m\u00ebngjes dhe\/ ose dark\u00eb n\u00eb fytyre t\u00eb past\u00ebr<br \/>\nSasia: 50ml<\/p>\n","protected":false},"featured_media":5874,"comment_status":"open","ping_status":"closed","template":"","meta":[],"product_cat":[123],"product_tag":[],"class_list":{"0":"post-6768","1":"product","2":"type-product","3":"status-publish","4":"has-post-thumbnail","6":"product_cat-rilastil","8":"first","9":"instock","10":"shipping-taxable","11":"product-type-simple"},"_links":{"self":[{"href":"https:\/\/megapharm.al\/index.php?rest_route=\/wp\/v2\/product\/6768","targetHints":{"allow":["GET"]}}],"collection":[{"href":"https:\/\/megapharm.al\/index.php?rest_route=\/wp\/v2\/product"}],"about":[{"href":"https:\/\/megapharm.al\/index.php?rest_route=\/wp\/v2\/types\/product"}],"replies":[{"embeddable":true,"href":"https:\/\/megapharm.al\/index.php?rest_route=%2Fwp%2Fv2%2Fcomments&post=6768"}],"wp:featuredmedia":[{"embeddable":true,"href":"https:\/\/megapharm.al\/index.php?rest_route=\/wp\/v2\/media\/5874"}],"wp:attachment":[{"href":"https:\/\/megapharm.al\/index.php?rest_route=%2Fwp%2Fv2%2Fmedia&parent=6768"}],"wp:term":[{"taxonomy":"product_cat","embeddable":true,"href":"https:\/\/megapharm.al\/index.php?rest_route=%2Fwp%2Fv2%2Fproduct_cat&post=6768"},{"taxonomy":"product_tag","embeddable":true,"href":"https:\/\/megapharm.al\/index.php?rest_route=%2Fwp%2Fv2%2Fproduct_tag&post=6768"}],"curies":[{"name":"wp","href":"https:\/\/api.w.org\/{rel}","templated":true}]}}