{"id":6767,"date":"2021-01-24T10:39:34","date_gmt":"2021-01-24T10:39:34","guid":{"rendered":"http:\/\/megapharm.al\/index.php\/product\/import-placeholder-for-3439\/"},"modified":"2021-01-24T10:39:39","modified_gmt":"2021-01-24T10:39:39","slug":"multirepair-h-a-facial-detox-serum-moisturizing-and-filling","status":"publish","type":"product","link":"https:\/\/megapharm.al\/?product=multirepair-h-a-facial-detox-serum-moisturizing-and-filling","title":{"rendered":"Multirepair H.A. &#8211; Facial Detox Serum Moisturizing and Filling"},"content":{"rendered":"<p>P\u00ebrshkrimi i produktit<br \/>\nEkspozimi i vazhduesh\u00ebm i l\u00ebkur\u00ebs n\u00eb diell apo faktor\u00ebt si, ndotja, smogu b\u00ebjn\u00eb q\u00eb ajo t\u00eb plaket para kohe. Rilastil Multirepair \u00ebsht\u00eb linje e cila p\u00ebrshtatet p\u00ebr l\u00ebkurat q\u00eb kane humbur shk\u00eblqimin apo p\u00ebr l\u00ebkurat e lodhura e tregojn\u00eb shenja t\u00eb nj\u00eb l\u00ebkure t\u00eb plakur. Rilastil Multirepair H.A Facial Detox Serum Moisturizing and Filling \u00ebsht\u00eb nj\u00eb serum me nj\u00eb teksture t\u00eb lehte, i cili b\u00ebn detoksifikimin e l\u00ebkur\u00ebs, e hidraton at\u00eb dhe b\u00ebn t\u00eb mundur rinovimin qelizor t\u00eb saj. P\u00ebrmban Detoxiox, me efekt riparues dhe anti-oksidant lufton tonet gri t\u00eb l\u00ebkur\u00ebs t\u00eb shkaktuara nga smogu. H.A Complex, ka veprim mbush\u00ebs, anti-rrudh\u00eb, hidratues dhe zbut\u00ebs. Acidi mandeliki cili b\u00ebn stimulimin e rigjenerimit qelizor. Pa derivate te grurit. Hipoalergjik. Jo komedogjenik. Testuar klinikisht. Testuar p\u00ebr nikel, krom, kobalt, paladium dhe M\u00ebrkur.<br \/>\n\u2022 P\u00ebr t\u00eb gjitha llojet e l\u00ebkur\u00ebs.<br \/>\n\u2022 I p\u00ebrshtatsh\u00ebm p\u00ebr t\u00eb gjitha moshat.<br \/>\nP\u00ebrdorimi<br \/>\nAplikoni serumin n\u00eb fytyr\u00eb t\u00eb past\u00ebr dhe t\u00eb thar\u00eb, n\u00eb m\u00ebngjes dhe n\u00eb dark\u00eb, para vendosjes s\u00eb kremit. Evitoni zon\u00ebn rreth syve.<br \/>\nSasia: 30ml<br \/>\nNuk bllokon poret<br \/>\nP\u00ebrdorimi<br \/>\nPas pastrimit t\u00eb l\u00ebkur\u00ebs aplikoni nj\u00eb sasi t\u00eb mjaftueshme n\u00eb fytyr\u00eb dhe qaf\u00eb duke masazhuar me delikates\u00eb nga posht\u00eb lart deri sa t\u00eb p\u00ebrthithet.<br \/>\nSasia: 50ml<\/p>\n","protected":false},"excerpt":{"rendered":"<p>P\u00ebrshkrimi i produktit<br \/>\nEkspozimi i vazhduesh\u00ebm i l\u00ebkur\u00ebs n\u00eb diell apo faktor\u00ebt si, ndotja, smogu b\u00ebjn\u00eb q\u00eb ajo t\u00eb plaket para kohe. Rilastil Multirepair \u00ebsht\u00eb linje e cila p\u00ebrshtatet p\u00ebr l\u00ebkurat q\u00eb kane humbur shk\u00eblqimin apo p\u00ebr l\u00ebkurat e lodhura e tregojn\u00eb shenja t\u00eb nj\u00eb l\u00ebkure t\u00eb plakur. Rilastil Multirepair H.A Facial Detox Serum Moisturizing and Filling \u00ebsht\u00eb nj\u00eb serum me nj\u00eb teksture t\u00eb lehte, i cili b\u00ebn detoksifikimin e l\u00ebkur\u00ebs, e hidraton at\u00eb dhe b\u00ebn t\u00eb mundur rinovimin qelizor t\u00eb saj. P\u00ebrmban Detoxiox, me efekt riparues dhe anti-oksidant lufton tonet gri t\u00eb l\u00ebkur\u00ebs t\u00eb shkaktuara nga smogu. H.A Complex, ka veprim mbush\u00ebs, anti-rrudh\u00eb, hidratues dhe zbut\u00ebs. Acidi mandeliki cili b\u00ebn stimulimin e rigjenerimit qelizor. Pa derivate te grurit. Hipoalergjik. Jo komedogjenik. Testuar klinikisht. Testuar p\u00ebr nikel, krom, kobalt, paladium dhe M\u00ebrkur.<br \/>\n\u2022 P\u00ebr t\u00eb gjitha llojet e l\u00ebkur\u00ebs.<br \/>\n\u2022 I p\u00ebrshtatsh\u00ebm p\u00ebr t\u00eb gjitha moshat.<br \/>\nP\u00ebrdorimi<br \/>\nAplikoni serumin n\u00eb fytyr\u00eb t\u00eb past\u00ebr dhe t\u00eb thar\u00eb, n\u00eb m\u00ebngjes dhe n\u00eb dark\u00eb, para vendosjes s\u00eb kremit. Evitoni zon\u00ebn rreth syve.<br \/>\nSasia: 30ml<br \/>\nNuk bllokon poret<br \/>\nP\u00ebrdorimi<br \/>\nPas pastrimit t\u00eb l\u00ebkur\u00ebs aplikoni nj\u00eb sasi t\u00eb mjaftueshme n\u00eb fytyr\u00eb dhe qaf\u00eb duke masazhuar me delikates\u00eb nga posht\u00eb lart deri sa t\u00eb p\u00ebrthithet.<br \/>\nSasia: 50ml<\/p>\n","protected":false},"featured_media":5873,"comment_status":"open","ping_status":"closed","template":"","meta":[],"product_cat":[123],"product_tag":[],"class_list":{"0":"post-6767","1":"product","2":"type-product","3":"status-publish","4":"has-post-thumbnail","6":"product_cat-rilastil","8":"first","9":"instock","10":"shipping-taxable","11":"product-type-simple"},"_links":{"self":[{"href":"https:\/\/megapharm.al\/index.php?rest_route=\/wp\/v2\/product\/6767","targetHints":{"allow":["GET"]}}],"collection":[{"href":"https:\/\/megapharm.al\/index.php?rest_route=\/wp\/v2\/product"}],"about":[{"href":"https:\/\/megapharm.al\/index.php?rest_route=\/wp\/v2\/types\/product"}],"replies":[{"embeddable":true,"href":"https:\/\/megapharm.al\/index.php?rest_route=%2Fwp%2Fv2%2Fcomments&post=6767"}],"wp:featuredmedia":[{"embeddable":true,"href":"https:\/\/megapharm.al\/index.php?rest_route=\/wp\/v2\/media\/5873"}],"wp:attachment":[{"href":"https:\/\/megapharm.al\/index.php?rest_route=%2Fwp%2Fv2%2Fmedia&parent=6767"}],"wp:term":[{"taxonomy":"product_cat","embeddable":true,"href":"https:\/\/megapharm.al\/index.php?rest_route=%2Fwp%2Fv2%2Fproduct_cat&post=6767"},{"taxonomy":"product_tag","embeddable":true,"href":"https:\/\/megapharm.al\/index.php?rest_route=%2Fwp%2Fv2%2Fproduct_tag&post=6767"}],"curies":[{"name":"wp","href":"https:\/\/api.w.org\/{rel}","templated":true}]}}