{"id":6766,"date":"2021-01-24T10:39:34","date_gmt":"2021-01-24T10:39:34","guid":{"rendered":"http:\/\/megapharm.al\/index.php\/product\/import-placeholder-for-3438\/"},"modified":"2021-01-24T10:39:39","modified_gmt":"2021-01-24T10:39:39","slug":"micro-eye-contour-cream","status":"publish","type":"product","link":"https:\/\/megapharm.al\/?product=micro-eye-contour-cream","title":{"rendered":"MICRO eye contour Cream"},"content":{"rendered":"<p>P\u00ebrshkrimi i produktit<br \/>\nRilastil Micr\u00f2 eye contour cream, \u00ebsht\u00eb nj\u00eb krem q\u00eb trajton zon\u00ebn delikate t\u00eb syve. Ideal p\u00ebr rrudhat e para dhe ndihmon n\u00eb parandalimin e plakjes s\u00eb l\u00ebkur\u00ebs dhe formimin e rrudhave. Zbut l\u00ebkur\u00ebn dhe vepron mbi rrudhat e formuara duke i reduktuar ato. Redukton gjithashtu dhe qeskat posht\u00eb syve dhe rrath\u00ebt e zinj. Jo komedogjenik. Pa paraben. Pa parfum. Pa ngjyrues. Hipoalergjik. Testuar mikrobiologjikisht, dermatologjikisht, oftalmogjikish.<br \/>\nP\u00ebrdorimi<br \/>\nAplikojeni n\u00eb m\u00ebngjes dhe dark\u00eb. Evitoni zon\u00ebn e qepallave.<br \/>\nSasia: 15ml<\/p>\n","protected":false},"excerpt":{"rendered":"<p>P\u00ebrshkrimi i produktit<br \/>\nRilastil Micr\u00f2 eye contour cream, \u00ebsht\u00eb nj\u00eb krem q\u00eb trajton zon\u00ebn delikate t\u00eb syve. Ideal p\u00ebr rrudhat e para dhe ndihmon n\u00eb parandalimin e plakjes s\u00eb l\u00ebkur\u00ebs dhe formimin e rrudhave. Zbut l\u00ebkur\u00ebn dhe vepron mbi rrudhat e formuara duke i reduktuar ato. Redukton gjithashtu dhe qeskat posht\u00eb syve dhe rrath\u00ebt e zinj. Jo komedogjenik. Pa paraben. Pa parfum. Pa ngjyrues. Hipoalergjik. Testuar mikrobiologjikisht, dermatologjikisht, oftalmogjikish.<br \/>\nP\u00ebrdorimi<br \/>\nAplikojeni n\u00eb m\u00ebngjes dhe dark\u00eb. Evitoni zon\u00ebn e qepallave.<br \/>\nSasia: 15ml<\/p>\n","protected":false},"featured_media":5872,"comment_status":"open","ping_status":"closed","template":"","meta":[],"product_cat":[123],"product_tag":[],"class_list":{"0":"post-6766","1":"product","2":"type-product","3":"status-publish","4":"has-post-thumbnail","6":"product_cat-rilastil","8":"first","9":"instock","10":"shipping-taxable","11":"product-type-simple"},"_links":{"self":[{"href":"https:\/\/megapharm.al\/index.php?rest_route=\/wp\/v2\/product\/6766","targetHints":{"allow":["GET"]}}],"collection":[{"href":"https:\/\/megapharm.al\/index.php?rest_route=\/wp\/v2\/product"}],"about":[{"href":"https:\/\/megapharm.al\/index.php?rest_route=\/wp\/v2\/types\/product"}],"replies":[{"embeddable":true,"href":"https:\/\/megapharm.al\/index.php?rest_route=%2Fwp%2Fv2%2Fcomments&post=6766"}],"wp:featuredmedia":[{"embeddable":true,"href":"https:\/\/megapharm.al\/index.php?rest_route=\/wp\/v2\/media\/5872"}],"wp:attachment":[{"href":"https:\/\/megapharm.al\/index.php?rest_route=%2Fwp%2Fv2%2Fmedia&parent=6766"}],"wp:term":[{"taxonomy":"product_cat","embeddable":true,"href":"https:\/\/megapharm.al\/index.php?rest_route=%2Fwp%2Fv2%2Fproduct_cat&post=6766"},{"taxonomy":"product_tag","embeddable":true,"href":"https:\/\/megapharm.al\/index.php?rest_route=%2Fwp%2Fv2%2Fproduct_tag&post=6766"}],"curies":[{"name":"wp","href":"https:\/\/api.w.org\/{rel}","templated":true}]}}