{"id":6765,"date":"2021-01-24T10:39:34","date_gmt":"2021-01-24T10:39:34","guid":{"rendered":"http:\/\/megapharm.al\/index.php\/product\/import-placeholder-for-3437\/"},"modified":"2021-01-24T10:39:38","modified_gmt":"2021-01-24T10:39:38","slug":"micro-nourishing-cream-50-ml","status":"publish","type":"product","link":"https:\/\/megapharm.al\/?product=micro-nourishing-cream-50-ml","title":{"rendered":"Micro Nourishing Cream 50 ml"},"content":{"rendered":"<p>P\u00ebrshkrimi i produktit<br \/>\nMicr\u00f2 Cream \u00ebsht\u00eb nj\u00eb trajtim ushqyes p\u00ebr l\u00ebkur\u00ebn me nj\u00eb tekstur\u00eb t\u00eb pasur dhe leht\u00ebsisht t\u00eb p\u00ebrthithshme. Krem anti-rrudhe i p\u00ebrb\u00ebr\u00eb me acid hialuronik, kompleks vitminash dhe Mikro Care Complex. Hidraton dhe ushqen l\u00ebkur\u00ebn n\u00eb thell\u00ebsi. Ndihmon n\u00eb parandalimin e plakjes s\u00eb l\u00ebkur\u00ebs dhe vepron n\u00eb rrudhat e sapoformuara duke tonifikuar l\u00ebkur\u00ebn. Mikro Care Complex, vaj Jojoba dhe vitamina A kan\u00eb veprim anti-age, mbushin rrudhat e vogla dhe l\u00ebmojn\u00eb l\u00ebkur\u00ebn. Vitamina E lufton formimin e radikaleve te lira fale veprimit antioksidant. Acidi hialuronik dhe betaina, hidratojn\u00eb l\u00ebkur\u00ebn duke e zbutur at\u00eb. Micro Care Complex dhe ceramidet mbrojn\u00eb l\u00ebkur\u00ebn nga sulmet e jashtme dhe nga ndotja atmosferike. L\u00ebkur\u00eb e but\u00eb, elastike dhe rrudha te zbehura. Pa ngjyrues, parfum dhe derivate t\u00eb grurit. Jo komedogjenik. Testuar klinikisht dhe dermatologjikisht. Testuar p\u00ebr Nikel, Kobalt, Krom, Palladium dhe M\u00ebrkur.<br \/>\nP\u00ebrdorimi<br \/>\nAplikoni n\u00eb m\u00ebngjes dhe \/ose dark\u00eb n\u00eb fytyr\u00eb t\u00eb past\u00ebr duke evituar zon\u00ebn e konturit t\u00eb syve. Baz\u00eb e mir\u00eb p\u00ebr make-up.<br \/>\nSasia: 50ml<\/p>\n","protected":false},"excerpt":{"rendered":"<p>P\u00ebrshkrimi i produktit<br \/>\nMicr\u00f2 Cream \u00ebsht\u00eb nj\u00eb trajtim ushqyes p\u00ebr l\u00ebkur\u00ebn me nj\u00eb tekstur\u00eb t\u00eb pasur dhe leht\u00ebsisht t\u00eb p\u00ebrthithshme. Krem anti-rrudhe i p\u00ebrb\u00ebr\u00eb me acid hialuronik, kompleks vitminash dhe Mikro Care Complex. Hidraton dhe ushqen l\u00ebkur\u00ebn n\u00eb thell\u00ebsi. Ndihmon n\u00eb parandalimin e plakjes s\u00eb l\u00ebkur\u00ebs dhe vepron n\u00eb rrudhat e sapoformuara duke tonifikuar l\u00ebkur\u00ebn. Mikro Care Complex, vaj Jojoba dhe vitamina A kan\u00eb veprim anti-age, mbushin rrudhat e vogla dhe l\u00ebmojn\u00eb l\u00ebkur\u00ebn. Vitamina E lufton formimin e radikaleve te lira fale veprimit antioksidant. Acidi hialuronik dhe betaina, hidratojn\u00eb l\u00ebkur\u00ebn duke e zbutur at\u00eb. Micro Care Complex dhe ceramidet mbrojn\u00eb l\u00ebkur\u00ebn nga sulmet e jashtme dhe nga ndotja atmosferike. L\u00ebkur\u00eb e but\u00eb, elastike dhe rrudha te zbehura. Pa ngjyrues, parfum dhe derivate t\u00eb grurit. Jo komedogjenik. Testuar klinikisht dhe dermatologjikisht. Testuar p\u00ebr Nikel, Kobalt, Krom, Palladium dhe M\u00ebrkur.<br \/>\nP\u00ebrdorimi<br \/>\nAplikoni n\u00eb m\u00ebngjes dhe \/ose dark\u00eb n\u00eb fytyr\u00eb t\u00eb past\u00ebr duke evituar zon\u00ebn e konturit t\u00eb syve. Baz\u00eb e mir\u00eb p\u00ebr make-up.<br \/>\nSasia: 50ml<\/p>\n","protected":false},"featured_media":5871,"comment_status":"open","ping_status":"closed","template":"","meta":[],"product_cat":[123],"product_tag":[],"class_list":{"0":"post-6765","1":"product","2":"type-product","3":"status-publish","4":"has-post-thumbnail","6":"product_cat-rilastil","8":"first","9":"instock","10":"shipping-taxable","11":"product-type-simple"},"_links":{"self":[{"href":"https:\/\/megapharm.al\/index.php?rest_route=\/wp\/v2\/product\/6765","targetHints":{"allow":["GET"]}}],"collection":[{"href":"https:\/\/megapharm.al\/index.php?rest_route=\/wp\/v2\/product"}],"about":[{"href":"https:\/\/megapharm.al\/index.php?rest_route=\/wp\/v2\/types\/product"}],"replies":[{"embeddable":true,"href":"https:\/\/megapharm.al\/index.php?rest_route=%2Fwp%2Fv2%2Fcomments&post=6765"}],"wp:featuredmedia":[{"embeddable":true,"href":"https:\/\/megapharm.al\/index.php?rest_route=\/wp\/v2\/media\/5871"}],"wp:attachment":[{"href":"https:\/\/megapharm.al\/index.php?rest_route=%2Fwp%2Fv2%2Fmedia&parent=6765"}],"wp:term":[{"taxonomy":"product_cat","embeddable":true,"href":"https:\/\/megapharm.al\/index.php?rest_route=%2Fwp%2Fv2%2Fproduct_cat&post=6765"},{"taxonomy":"product_tag","embeddable":true,"href":"https:\/\/megapharm.al\/index.php?rest_route=%2Fwp%2Fv2%2Fproduct_tag&post=6765"}],"curies":[{"name":"wp","href":"https:\/\/api.w.org\/{rel}","templated":true}]}}