{"id":6764,"date":"2021-01-24T10:39:34","date_gmt":"2021-01-24T10:39:34","guid":{"rendered":"http:\/\/megapharm.al\/index.php\/product\/import-placeholder-for-3436\/"},"modified":"2021-01-24T10:39:38","modified_gmt":"2021-01-24T10:39:38","slug":"micro-moisturizing-fluid","status":"publish","type":"product","link":"https:\/\/megapharm.al\/?product=micro-moisturizing-fluid","title":{"rendered":"Micro Moisturizing Fluid"},"content":{"rendered":"<p>P\u00ebrshkrimi i produktit<br \/>\nRilastil Micr\u00f2 Fluid \u00ebsht\u00eb nj\u00eb krem hidratues me nj\u00eb tekstur\u00eb t\u00eb leht\u00eb dhe leht\u00ebsisht i p\u00ebrthithsh\u00ebm. \u00cbsht\u00eb krem hidratues dhe anti-rrudh\u00eb n\u00eb t\u00eb nj\u00ebjt\u00ebn koh\u00eb. Zbut dhe minimizon rrudhat dhe parandalon plakjen e parakohshme t\u00eb l\u00ebkur\u00ebs. \u00cbsht\u00eb I p\u00ebrb\u00ebr\u00eb me acid hialuronik, Mikro Care Complex, vaj Jojoba , Vitamine A , Vitamine E ,ceramide. L\u00ebkura \u00ebsht\u00eb e hidratuar, e fresk\u00ebt, m\u00eb elastike dhe rrudhat e imta t\u00eb minimizuara.<br \/>\nP\u00ebrdorimi<br \/>\nAplikojeni n\u00eb m\u00ebngjes dhe n\u00eb dark\u00eb n\u00eb fytyr\u00eb t\u00eb past\u00ebr. Masazhojeni n\u00eb m\u00ebnyr\u00eb delikate deri sa t\u00eb p\u00ebrthithet.<br \/>\nSasia: 50ml<\/p>\n","protected":false},"excerpt":{"rendered":"<p>P\u00ebrshkrimi i produktit<br \/>\nRilastil Micr\u00f2 Fluid \u00ebsht\u00eb nj\u00eb krem hidratues me nj\u00eb tekstur\u00eb t\u00eb leht\u00eb dhe leht\u00ebsisht i p\u00ebrthithsh\u00ebm. \u00cbsht\u00eb krem hidratues dhe anti-rrudh\u00eb n\u00eb t\u00eb nj\u00ebjt\u00ebn koh\u00eb. Zbut dhe minimizon rrudhat dhe parandalon plakjen e parakohshme t\u00eb l\u00ebkur\u00ebs. \u00cbsht\u00eb I p\u00ebrb\u00ebr\u00eb me acid hialuronik, Mikro Care Complex, vaj Jojoba , Vitamine A , Vitamine E ,ceramide. L\u00ebkura \u00ebsht\u00eb e hidratuar, e fresk\u00ebt, m\u00eb elastike dhe rrudhat e imta t\u00eb minimizuara.<br \/>\nP\u00ebrdorimi<br \/>\nAplikojeni n\u00eb m\u00ebngjes dhe n\u00eb dark\u00eb n\u00eb fytyr\u00eb t\u00eb past\u00ebr. Masazhojeni n\u00eb m\u00ebnyr\u00eb delikate deri sa t\u00eb p\u00ebrthithet.<br \/>\nSasia: 50ml<\/p>\n","protected":false},"featured_media":5870,"comment_status":"open","ping_status":"closed","template":"","meta":[],"product_cat":[123],"product_tag":[],"class_list":{"0":"post-6764","1":"product","2":"type-product","3":"status-publish","4":"has-post-thumbnail","6":"product_cat-rilastil","8":"first","9":"instock","10":"shipping-taxable","11":"product-type-simple"},"_links":{"self":[{"href":"https:\/\/megapharm.al\/index.php?rest_route=\/wp\/v2\/product\/6764","targetHints":{"allow":["GET"]}}],"collection":[{"href":"https:\/\/megapharm.al\/index.php?rest_route=\/wp\/v2\/product"}],"about":[{"href":"https:\/\/megapharm.al\/index.php?rest_route=\/wp\/v2\/types\/product"}],"replies":[{"embeddable":true,"href":"https:\/\/megapharm.al\/index.php?rest_route=%2Fwp%2Fv2%2Fcomments&post=6764"}],"wp:featuredmedia":[{"embeddable":true,"href":"https:\/\/megapharm.al\/index.php?rest_route=\/wp\/v2\/media\/5870"}],"wp:attachment":[{"href":"https:\/\/megapharm.al\/index.php?rest_route=%2Fwp%2Fv2%2Fmedia&parent=6764"}],"wp:term":[{"taxonomy":"product_cat","embeddable":true,"href":"https:\/\/megapharm.al\/index.php?rest_route=%2Fwp%2Fv2%2Fproduct_cat&post=6764"},{"taxonomy":"product_tag","embeddable":true,"href":"https:\/\/megapharm.al\/index.php?rest_route=%2Fwp%2Fv2%2Fproduct_tag&post=6764"}],"curies":[{"name":"wp","href":"https:\/\/api.w.org\/{rel}","templated":true}]}}