{"id":6763,"date":"2021-01-24T10:39:34","date_gmt":"2021-01-24T10:39:34","guid":{"rendered":"http:\/\/megapharm.al\/index.php\/product\/import-placeholder-for-3435\/"},"modified":"2021-01-24T10:39:38","modified_gmt":"2021-01-24T10:39:38","slug":"aqua-eye-contour-cream","status":"publish","type":"product","link":"https:\/\/megapharm.al\/?product=aqua-eye-contour-cream","title":{"rendered":"Aqua Eye Contour Cream"},"content":{"rendered":"<p>P\u00ebrshkrimi i produktit<br \/>\nRilastil Intensive \u00ebsht\u00eb krem p\u00ebr rrath\u00ebt rreth syve me efekt anti-age. Lufton rrath\u00ebt e err\u00ebt, qeskat posht\u00eb syve dhe shenjat e plakjes s\u00eb l\u00ebkur\u00ebs. Ka n\u00eb p\u00ebrb\u00ebrjen e tij acid hialuronik, vitamina dhe aminoacide. Ka veti hidratuese dhe rikthen elasticitetin l\u00ebkur\u00ebs n\u00eb zonen e syve. Zbeh pamjen e rrudhave ekzistuese dhe parandalon t\u00eb rejat. L\u00ebkura \u00ebsht\u00eb e ushqyer dhe e mir\u00eb hidratuar.<br \/>\nP\u00ebrdorimi<br \/>\nAplikojeni n\u00eb m\u00ebngjes dhe dark\u00eb n\u00eb konturin e syve.<br \/>\nSasia: 15ml<\/p>\n","protected":false},"excerpt":{"rendered":"<p>P\u00ebrshkrimi i produktit<br \/>\nRilastil Intensive \u00ebsht\u00eb krem p\u00ebr rrath\u00ebt rreth syve me efekt anti-age. Lufton rrath\u00ebt e err\u00ebt, qeskat posht\u00eb syve dhe shenjat e plakjes s\u00eb l\u00ebkur\u00ebs. Ka n\u00eb p\u00ebrb\u00ebrjen e tij acid hialuronik, vitamina dhe aminoacide. Ka veti hidratuese dhe rikthen elasticitetin l\u00ebkur\u00ebs n\u00eb zonen e syve. Zbeh pamjen e rrudhave ekzistuese dhe parandalon t\u00eb rejat. L\u00ebkura \u00ebsht\u00eb e ushqyer dhe e mir\u00eb hidratuar.<br \/>\nP\u00ebrdorimi<br \/>\nAplikojeni n\u00eb m\u00ebngjes dhe dark\u00eb n\u00eb konturin e syve.<br \/>\nSasia: 15ml<\/p>\n","protected":false},"featured_media":5869,"comment_status":"open","ping_status":"closed","template":"","meta":[],"product_cat":[123],"product_tag":[],"class_list":{"0":"post-6763","1":"product","2":"type-product","3":"status-publish","4":"has-post-thumbnail","6":"product_cat-rilastil","8":"first","9":"instock","10":"shipping-taxable","11":"product-type-simple"},"_links":{"self":[{"href":"https:\/\/megapharm.al\/index.php?rest_route=\/wp\/v2\/product\/6763","targetHints":{"allow":["GET"]}}],"collection":[{"href":"https:\/\/megapharm.al\/index.php?rest_route=\/wp\/v2\/product"}],"about":[{"href":"https:\/\/megapharm.al\/index.php?rest_route=\/wp\/v2\/types\/product"}],"replies":[{"embeddable":true,"href":"https:\/\/megapharm.al\/index.php?rest_route=%2Fwp%2Fv2%2Fcomments&post=6763"}],"wp:featuredmedia":[{"embeddable":true,"href":"https:\/\/megapharm.al\/index.php?rest_route=\/wp\/v2\/media\/5869"}],"wp:attachment":[{"href":"https:\/\/megapharm.al\/index.php?rest_route=%2Fwp%2Fv2%2Fmedia&parent=6763"}],"wp:term":[{"taxonomy":"product_cat","embeddable":true,"href":"https:\/\/megapharm.al\/index.php?rest_route=%2Fwp%2Fv2%2Fproduct_cat&post=6763"},{"taxonomy":"product_tag","embeddable":true,"href":"https:\/\/megapharm.al\/index.php?rest_route=%2Fwp%2Fv2%2Fproduct_tag&post=6763"}],"curies":[{"name":"wp","href":"https:\/\/api.w.org\/{rel}","templated":true}]}}