{"id":6761,"date":"2021-01-24T10:39:22","date_gmt":"2021-01-24T10:39:22","guid":{"rendered":"http:\/\/megapharm.al\/index.php\/product\/import-placeholder-for-3433\/"},"modified":"2021-01-24T10:39:32","modified_gmt":"2021-01-24T10:39:32","slug":"aqua-crema-optimale","status":"publish","type":"product","link":"https:\/\/megapharm.al\/?product=aqua-crema-optimale","title":{"rendered":"Aqua-crema optimale"},"content":{"rendered":"<p>P\u00ebrshkrimi i produktit<br \/>\nRilastil Aqua- Crema Optimale trajtim p\u00ebr fytyr\u00ebn, i leht\u00eb, dhe leht\u00ebsisht i p\u00ebrthithsh\u00ebm nga l\u00ebkura. Karakterizohet nga nj\u00eb veprim energjik hidratues dhe mbrojt\u00ebs. Formuluar p\u00ebr t\u00eb mbajtur l\u00ebkur\u00ebn tonike, t\u00eb fresk\u00ebt dhe p\u00ebr t\u00eb parandaluar rrudhat. Hidraton dhe ushqen thell\u00ebsisht l\u00ebkur\u00ebn fal\u00eb nj\u00eb sistemi hidratimi bifunksional, acid hialuronik me pesh\u00eb t\u00eb lart\u00eb dhe t\u00eb ulet molekulare. Formuluar me: Acid Hialuronik me pesh\u00eb t\u00eb lart\u00eb molekulare; hidraton l\u00ebkur\u00ebn n\u00eb sip\u00ebrfaqe Acid Hialuronik me pesh\u00eb t\u00eb ul\u00ebt molekulare; hidraton l\u00ebkur\u00ebn n\u00eb thell\u00ebsi; sistem i patentuar ceramidesh me aksion ristrukturues Vaj Agulice Mbremje (Enotera); i pasur me acide esenciale t\u00eb yndyrshme (omega 6) ndihmojn\u00eb n\u00eb ekuilibrimin natyral t\u00eb l\u00ebkur\u00ebs; jep shk\u00eblqim dhe but\u00ebsi l\u00ebkur\u00ebs.<br \/>\nP\u00ebrdorimi<br \/>\nPasi t\u00eb keni pastruar fytyr\u00ebn aplikojeni n\u00eb m\u00ebngjes dhe n\u00eb dark\u00eb.<br \/>\nMasazhojeni me l\u00ebvizje delikate rrethore nga posht\u00eb lart deri n\u00eb p\u00ebrthithje t\u00eb plot\u00eb.<br \/>\nBaz\u00eb e mir\u00eb p\u00ebr make-up.<br \/>\nSasia: 50ml<\/p>\n","protected":false},"excerpt":{"rendered":"<p>P\u00ebrshkrimi i produktit<br \/>\nRilastil Aqua- Crema Optimale trajtim p\u00ebr fytyr\u00ebn, i leht\u00eb, dhe leht\u00ebsisht i p\u00ebrthithsh\u00ebm nga l\u00ebkura. Karakterizohet nga nj\u00eb veprim energjik hidratues dhe mbrojt\u00ebs. Formuluar p\u00ebr t\u00eb mbajtur l\u00ebkur\u00ebn tonike, t\u00eb fresk\u00ebt dhe p\u00ebr t\u00eb parandaluar rrudhat. Hidraton dhe ushqen thell\u00ebsisht l\u00ebkur\u00ebn fal\u00eb nj\u00eb sistemi hidratimi bifunksional, acid hialuronik me pesh\u00eb t\u00eb lart\u00eb dhe t\u00eb ulet molekulare. Formuluar me: Acid Hialuronik me pesh\u00eb t\u00eb lart\u00eb molekulare; hidraton l\u00ebkur\u00ebn n\u00eb sip\u00ebrfaqe Acid Hialuronik me pesh\u00eb t\u00eb ul\u00ebt molekulare; hidraton l\u00ebkur\u00ebn n\u00eb thell\u00ebsi; sistem i patentuar ceramidesh me aksion ristrukturues Vaj Agulice Mbremje (Enotera); i pasur me acide esenciale t\u00eb yndyrshme (omega 6) ndihmojn\u00eb n\u00eb ekuilibrimin natyral t\u00eb l\u00ebkur\u00ebs; jep shk\u00eblqim dhe but\u00ebsi l\u00ebkur\u00ebs.<br \/>\nP\u00ebrdorimi<br \/>\nPasi t\u00eb keni pastruar fytyr\u00ebn aplikojeni n\u00eb m\u00ebngjes dhe n\u00eb dark\u00eb.<br \/>\nMasazhojeni me l\u00ebvizje delikate rrethore nga posht\u00eb lart deri n\u00eb p\u00ebrthithje t\u00eb plot\u00eb.<br \/>\nBaz\u00eb e mir\u00eb p\u00ebr make-up.<br \/>\nSasia: 50ml<\/p>\n","protected":false},"featured_media":5867,"comment_status":"open","ping_status":"closed","template":"","meta":[],"product_cat":[123],"product_tag":[],"class_list":{"0":"post-6761","1":"product","2":"type-product","3":"status-publish","4":"has-post-thumbnail","6":"product_cat-rilastil","8":"first","9":"instock","10":"shipping-taxable","11":"product-type-simple"},"_links":{"self":[{"href":"https:\/\/megapharm.al\/index.php?rest_route=\/wp\/v2\/product\/6761","targetHints":{"allow":["GET"]}}],"collection":[{"href":"https:\/\/megapharm.al\/index.php?rest_route=\/wp\/v2\/product"}],"about":[{"href":"https:\/\/megapharm.al\/index.php?rest_route=\/wp\/v2\/types\/product"}],"replies":[{"embeddable":true,"href":"https:\/\/megapharm.al\/index.php?rest_route=%2Fwp%2Fv2%2Fcomments&post=6761"}],"wp:featuredmedia":[{"embeddable":true,"href":"https:\/\/megapharm.al\/index.php?rest_route=\/wp\/v2\/media\/5867"}],"wp:attachment":[{"href":"https:\/\/megapharm.al\/index.php?rest_route=%2Fwp%2Fv2%2Fmedia&parent=6761"}],"wp:term":[{"taxonomy":"product_cat","embeddable":true,"href":"https:\/\/megapharm.al\/index.php?rest_route=%2Fwp%2Fv2%2Fproduct_cat&post=6761"},{"taxonomy":"product_tag","embeddable":true,"href":"https:\/\/megapharm.al\/index.php?rest_route=%2Fwp%2Fv2%2Fproduct_tag&post=6761"}],"curies":[{"name":"wp","href":"https:\/\/api.w.org\/{rel}","templated":true}]}}