{"id":6760,"date":"2021-01-24T10:39:22","date_gmt":"2021-01-24T10:39:22","guid":{"rendered":"http:\/\/megapharm.al\/index.php\/product\/import-placeholder-for-3432\/"},"modified":"2021-01-24T10:39:32","modified_gmt":"2021-01-24T10:39:32","slug":"aqua-normalizing-fluid","status":"publish","type":"product","link":"https:\/\/megapharm.al\/?product=aqua-normalizing-fluid","title":{"rendered":"Aqua normalizing fluid"},"content":{"rendered":"<p>P\u00ebrshkrimi i produktit<br \/>\nAqua Fluido Normalizzante \u00ebsht\u00eb nj\u00eb krem i leht\u00eb dhe leht\u00ebsisht i p\u00ebrthithsh\u00ebm nga l\u00ebkura. Hidratues, riekuilibrues dhe matifikues.P\u00ebrmban Capryloyl Glycine, Hamamelis virginiana, Corallina officinalis; ndalon prodhimin e tep\u00ebrt t\u00eb sebumit (yndyr\u00ebs) n\u00eb zon\u00ebn T, duke e b\u00ebr\u00eb l\u00ebkur\u00ebn m\u00eb t\u00eb l\u00ebmuar.Acid hialuronik me pesh\u00eb t\u00eb lart\u00eb dhe t\u00eb ul\u00ebt molekulare; hidraton l\u00ebkur\u00ebn n\u00eb sip\u00ebrfaqe dhe n\u00eb thell\u00ebsi; parandalon humbjen e ujit n\u00eb l\u00ebkur\u00eb Vitamin\u00eb F me Omega 3 dhe Omega6; l\u00ebkur\u00eb e but\u00eb dhe e shtrir\u00eb.Pa derivate t\u00eb grurit. Hipoalergjenik. Jo komedogjenik.Testuar Klinikisht.Testuar p\u00ebr Nikel, Kobalt, Krom, Palladium dhe M\u00ebrkur P\u00ebr l\u00ebkur\u00eb mikse t\u00eb papast\u00ebr.<br \/>\nP\u00ebrdorimi<br \/>\nAplikoni n\u00eb m\u00ebngjes dhe n\u00eb dark\u00eb n\u00eb fytyr\u00eb dhe n\u00eb qaf\u00eb. Baz\u00eb e mir\u00eb p\u00ebr make-up.<br \/>\nSasia: 50ml<\/p>\n","protected":false},"excerpt":{"rendered":"<p>P\u00ebrshkrimi i produktit<br \/>\nAqua Fluido Normalizzante \u00ebsht\u00eb nj\u00eb krem i leht\u00eb dhe leht\u00ebsisht i p\u00ebrthithsh\u00ebm nga l\u00ebkura. Hidratues, riekuilibrues dhe matifikues.P\u00ebrmban Capryloyl Glycine, Hamamelis virginiana, Corallina officinalis; ndalon prodhimin e tep\u00ebrt t\u00eb sebumit (yndyr\u00ebs) n\u00eb zon\u00ebn T, duke e b\u00ebr\u00eb l\u00ebkur\u00ebn m\u00eb t\u00eb l\u00ebmuar.Acid hialuronik me pesh\u00eb t\u00eb lart\u00eb dhe t\u00eb ul\u00ebt molekulare; hidraton l\u00ebkur\u00ebn n\u00eb sip\u00ebrfaqe dhe n\u00eb thell\u00ebsi; parandalon humbjen e ujit n\u00eb l\u00ebkur\u00eb Vitamin\u00eb F me Omega 3 dhe Omega6; l\u00ebkur\u00eb e but\u00eb dhe e shtrir\u00eb.Pa derivate t\u00eb grurit. Hipoalergjenik. Jo komedogjenik.Testuar Klinikisht.Testuar p\u00ebr Nikel, Kobalt, Krom, Palladium dhe M\u00ebrkur P\u00ebr l\u00ebkur\u00eb mikse t\u00eb papast\u00ebr.<br \/>\nP\u00ebrdorimi<br \/>\nAplikoni n\u00eb m\u00ebngjes dhe n\u00eb dark\u00eb n\u00eb fytyr\u00eb dhe n\u00eb qaf\u00eb. Baz\u00eb e mir\u00eb p\u00ebr make-up.<br \/>\nSasia: 50ml<\/p>\n","protected":false},"featured_media":5866,"comment_status":"open","ping_status":"closed","template":"","meta":[],"product_cat":[123],"product_tag":[],"class_list":{"0":"post-6760","1":"product","2":"type-product","3":"status-publish","4":"has-post-thumbnail","6":"product_cat-rilastil","8":"first","9":"instock","10":"shipping-taxable","11":"product-type-simple"},"_links":{"self":[{"href":"https:\/\/megapharm.al\/index.php?rest_route=\/wp\/v2\/product\/6760","targetHints":{"allow":["GET"]}}],"collection":[{"href":"https:\/\/megapharm.al\/index.php?rest_route=\/wp\/v2\/product"}],"about":[{"href":"https:\/\/megapharm.al\/index.php?rest_route=\/wp\/v2\/types\/product"}],"replies":[{"embeddable":true,"href":"https:\/\/megapharm.al\/index.php?rest_route=%2Fwp%2Fv2%2Fcomments&post=6760"}],"wp:featuredmedia":[{"embeddable":true,"href":"https:\/\/megapharm.al\/index.php?rest_route=\/wp\/v2\/media\/5866"}],"wp:attachment":[{"href":"https:\/\/megapharm.al\/index.php?rest_route=%2Fwp%2Fv2%2Fmedia&parent=6760"}],"wp:term":[{"taxonomy":"product_cat","embeddable":true,"href":"https:\/\/megapharm.al\/index.php?rest_route=%2Fwp%2Fv2%2Fproduct_cat&post=6760"},{"taxonomy":"product_tag","embeddable":true,"href":"https:\/\/megapharm.al\/index.php?rest_route=%2Fwp%2Fv2%2Fproduct_tag&post=6760"}],"curies":[{"name":"wp","href":"https:\/\/api.w.org\/{rel}","templated":true}]}}