{"id":6759,"date":"2021-01-24T10:39:22","date_gmt":"2021-01-24T10:39:22","guid":{"rendered":"http:\/\/megapharm.al\/index.php\/product\/import-placeholder-for-3431\/"},"modified":"2021-01-24T10:39:32","modified_gmt":"2021-01-24T10:39:32","slug":"aqua-face-cleanser","status":"publish","type":"product","link":"https:\/\/megapharm.al\/?product=aqua-face-cleanser","title":{"rendered":"Aqua Face Cleanser"},"content":{"rendered":"<p>P\u00ebrshkrimi i produktit<br \/>\nLar\u00ebs me pH fiziologjik p\u00ebr pastrimin e p\u00ebrditsh\u00ebm t\u00eb fytyr\u00ebs, indikuar p\u00ebr t\u00eb gjitha llojet e l\u00ebkurave. Rezultati do jet\u00eb nj\u00eb l\u00ebkur\u00eb e past\u00ebr dhe e hidratuar n\u00eb th\u00ebll\u00ebsi<br \/>\nRivendos gjendjen e duhur t\u00eb hidratimit t\u00eb peiderm\u00ebs (Acidi hialuronik me pesh\u00eb t\u00eb lart\u00eb molekulare ruan hidratimin e shtres\u00ebs sip\u00ebrfaq\u00ebsore t\u00eb epid\u00ebrm\u00ebs, nd\u00ebrkoh\u00eb qe Acidi Hialuronik me pesh\u00eb t\u00eb ul\u00ebt molekulare hidraton epiderm\u00ebn n\u00eb thell\u00ebsi) Rivendos barrier\u00ebn e l\u00ebkur\u00ebs duke parandaluar humbjen e ujit. Jep shk\u00eblqim dhe but\u00ebsi n\u00eb l\u00ebkur\u00eb (Vaj agulice dhe omega 6)<br \/>\nP\u00ebrdorimi<br \/>\nVendosni nj\u00eb sasi t\u00eb mjatueshme produkti n\u00eb p\u00ebll\u00ebmb\u00ebn \u00eb dor\u00ebs dhe masazhojeni n\u00eb fytyr\u00ebn e lagur m\u00eb par\u00eb derisa t\u00eb krijoj\u00eb shkume. Shpelajeni me uj\u00eb.<br \/>\nSasia: 200ml<\/p>\n","protected":false},"excerpt":{"rendered":"<p>P\u00ebrshkrimi i produktit<br \/>\nLar\u00ebs me pH fiziologjik p\u00ebr pastrimin e p\u00ebrditsh\u00ebm t\u00eb fytyr\u00ebs, indikuar p\u00ebr t\u00eb gjitha llojet e l\u00ebkurave. Rezultati do jet\u00eb nj\u00eb l\u00ebkur\u00eb e past\u00ebr dhe e hidratuar n\u00eb th\u00ebll\u00ebsi<br \/>\nRivendos gjendjen e duhur t\u00eb hidratimit t\u00eb peiderm\u00ebs (Acidi hialuronik me pesh\u00eb t\u00eb lart\u00eb molekulare ruan hidratimin e shtres\u00ebs sip\u00ebrfaq\u00ebsore t\u00eb epid\u00ebrm\u00ebs, nd\u00ebrkoh\u00eb qe Acidi Hialuronik me pesh\u00eb t\u00eb ul\u00ebt molekulare hidraton epiderm\u00ebn n\u00eb thell\u00ebsi) Rivendos barrier\u00ebn e l\u00ebkur\u00ebs duke parandaluar humbjen e ujit. Jep shk\u00eblqim dhe but\u00ebsi n\u00eb l\u00ebkur\u00eb (Vaj agulice dhe omega 6)<br \/>\nP\u00ebrdorimi<br \/>\nVendosni nj\u00eb sasi t\u00eb mjatueshme produkti n\u00eb p\u00ebll\u00ebmb\u00ebn \u00eb dor\u00ebs dhe masazhojeni n\u00eb fytyr\u00ebn e lagur m\u00eb par\u00eb derisa t\u00eb krijoj\u00eb shkume. Shpelajeni me uj\u00eb.<br \/>\nSasia: 200ml<\/p>\n","protected":false},"featured_media":5865,"comment_status":"open","ping_status":"closed","template":"","meta":[],"product_cat":[123],"product_tag":[],"class_list":{"0":"post-6759","1":"product","2":"type-product","3":"status-publish","4":"has-post-thumbnail","6":"product_cat-rilastil","8":"first","9":"instock","10":"shipping-taxable","11":"product-type-simple"},"_links":{"self":[{"href":"https:\/\/megapharm.al\/index.php?rest_route=\/wp\/v2\/product\/6759","targetHints":{"allow":["GET"]}}],"collection":[{"href":"https:\/\/megapharm.al\/index.php?rest_route=\/wp\/v2\/product"}],"about":[{"href":"https:\/\/megapharm.al\/index.php?rest_route=\/wp\/v2\/types\/product"}],"replies":[{"embeddable":true,"href":"https:\/\/megapharm.al\/index.php?rest_route=%2Fwp%2Fv2%2Fcomments&post=6759"}],"wp:featuredmedia":[{"embeddable":true,"href":"https:\/\/megapharm.al\/index.php?rest_route=\/wp\/v2\/media\/5865"}],"wp:attachment":[{"href":"https:\/\/megapharm.al\/index.php?rest_route=%2Fwp%2Fv2%2Fmedia&parent=6759"}],"wp:term":[{"taxonomy":"product_cat","embeddable":true,"href":"https:\/\/megapharm.al\/index.php?rest_route=%2Fwp%2Fv2%2Fproduct_cat&post=6759"},{"taxonomy":"product_tag","embeddable":true,"href":"https:\/\/megapharm.al\/index.php?rest_route=%2Fwp%2Fv2%2Fproduct_tag&post=6759"}],"curies":[{"name":"wp","href":"https:\/\/api.w.org\/{rel}","templated":true}]}}