{"id":6758,"date":"2021-01-24T10:39:22","date_gmt":"2021-01-24T10:39:22","guid":{"rendered":"http:\/\/megapharm.al\/index.php\/product\/import-placeholder-for-3430\/"},"modified":"2021-01-24T10:39:31","modified_gmt":"2021-01-24T10:39:31","slug":"acnestil-mat","status":"publish","type":"product","link":"https:\/\/megapharm.al\/?product=acnestil-mat","title":{"rendered":"Acnestil Mat"},"content":{"rendered":"<p>P\u00ebrshkrimi i produktit<br \/>\nRilastil Acnestil Mat -krem hidratues sebo-normalizues. I leht\u00eb dhe p\u00ebrthithet shpejt nga l\u00ebkura, specifike p\u00ebr t\u00eb luftuar shk\u00eblqimin e l\u00ebkur\u00ebs s\u00eb yndyrshme, mikse, t\u00eb papaster dhe me tendence akneike. Ndihmon n\u00eb mbylljen e poreve dhe reduktimin e sebumit (yndyr\u00ebs) s\u00eb tep\u00ebrt duke e b\u00ebr\u00eb lekur\u00ebn m\u00eb opake, me efekt mat. Qet\u00ebson inflamacionet dhe nuk e than l\u00ebkur\u00ebn si\u00e7 ndodh zakonisht me produktet q\u00eb trajtojn\u00eb aknet. \u00cbsht\u00eb formuluar me kompleks specifik hidratues duke I ofruar l\u00ebkur\u00ebs hidratimin e merituar por pa e yndyrosur at\u00eb. Kjo linj\u00eb e Rilastil \u00ebsht\u00eb studiuar p\u00ebr l\u00ebkur\u00ebn e papast\u00ebr, duke i kthyer past\u00ebrtin\u00eb dhe bukurin\u00eb lekures.<br \/>\nP\u00ebrdorimi<br \/>\nAplikojeni n\u00eb l\u00ebkur\u00eb t\u00eb past\u00ebr n\u00eb m\u00ebngjes dhe n\u00eb dark\u00eb. P\u00ebr nj\u00eb rezultat m\u00eb t\u00eb mir\u00eb p\u00ebrdorni m\u00eb par\u00eb Acnestil cleansing gel ose Acnestil Cleansing Mousse.<br \/>\nSasia: 50ml<\/p>\n","protected":false},"excerpt":{"rendered":"<p>P\u00ebrshkrimi i produktit<br \/>\nRilastil Acnestil Mat -krem hidratues sebo-normalizues. I leht\u00eb dhe p\u00ebrthithet shpejt nga l\u00ebkura, specifike p\u00ebr t\u00eb luftuar shk\u00eblqimin e l\u00ebkur\u00ebs s\u00eb yndyrshme, mikse, t\u00eb papaster dhe me tendence akneike. Ndihmon n\u00eb mbylljen e poreve dhe reduktimin e sebumit (yndyr\u00ebs) s\u00eb tep\u00ebrt duke e b\u00ebr\u00eb lekur\u00ebn m\u00eb opake, me efekt mat. Qet\u00ebson inflamacionet dhe nuk e than l\u00ebkur\u00ebn si\u00e7 ndodh zakonisht me produktet q\u00eb trajtojn\u00eb aknet. \u00cbsht\u00eb formuluar me kompleks specifik hidratues duke I ofruar l\u00ebkur\u00ebs hidratimin e merituar por pa e yndyrosur at\u00eb. Kjo linj\u00eb e Rilastil \u00ebsht\u00eb studiuar p\u00ebr l\u00ebkur\u00ebn e papast\u00ebr, duke i kthyer past\u00ebrtin\u00eb dhe bukurin\u00eb lekures.<br \/>\nP\u00ebrdorimi<br \/>\nAplikojeni n\u00eb l\u00ebkur\u00eb t\u00eb past\u00ebr n\u00eb m\u00ebngjes dhe n\u00eb dark\u00eb. P\u00ebr nj\u00eb rezultat m\u00eb t\u00eb mir\u00eb p\u00ebrdorni m\u00eb par\u00eb Acnestil cleansing gel ose Acnestil Cleansing Mousse.<br \/>\nSasia: 50ml<\/p>\n","protected":false},"featured_media":5864,"comment_status":"open","ping_status":"closed","template":"","meta":[],"product_cat":[123],"product_tag":[],"class_list":{"0":"post-6758","1":"product","2":"type-product","3":"status-publish","4":"has-post-thumbnail","6":"product_cat-rilastil","8":"first","9":"instock","10":"shipping-taxable","11":"product-type-simple"},"_links":{"self":[{"href":"https:\/\/megapharm.al\/index.php?rest_route=\/wp\/v2\/product\/6758","targetHints":{"allow":["GET"]}}],"collection":[{"href":"https:\/\/megapharm.al\/index.php?rest_route=\/wp\/v2\/product"}],"about":[{"href":"https:\/\/megapharm.al\/index.php?rest_route=\/wp\/v2\/types\/product"}],"replies":[{"embeddable":true,"href":"https:\/\/megapharm.al\/index.php?rest_route=%2Fwp%2Fv2%2Fcomments&post=6758"}],"wp:featuredmedia":[{"embeddable":true,"href":"https:\/\/megapharm.al\/index.php?rest_route=\/wp\/v2\/media\/5864"}],"wp:attachment":[{"href":"https:\/\/megapharm.al\/index.php?rest_route=%2Fwp%2Fv2%2Fmedia&parent=6758"}],"wp:term":[{"taxonomy":"product_cat","embeddable":true,"href":"https:\/\/megapharm.al\/index.php?rest_route=%2Fwp%2Fv2%2Fproduct_cat&post=6758"},{"taxonomy":"product_tag","embeddable":true,"href":"https:\/\/megapharm.al\/index.php?rest_route=%2Fwp%2Fv2%2Fproduct_tag&post=6758"}],"curies":[{"name":"wp","href":"https:\/\/api.w.org\/{rel}","templated":true}]}}