{"id":6757,"date":"2021-01-24T10:39:22","date_gmt":"2021-01-24T10:39:22","guid":{"rendered":"http:\/\/megapharm.al\/index.php\/product\/import-placeholder-for-3429\/"},"modified":"2021-01-24T10:39:31","modified_gmt":"2021-01-24T10:39:31","slug":"acnestil-cream","status":"publish","type":"product","link":"https:\/\/megapharm.al\/?product=acnestil-cream","title":{"rendered":"Acnestil Cream"},"content":{"rendered":"<p>P\u00ebrshkrimi i produktit<br \/>\nRilastil Acnestil Crema trajton l\u00ebkur\u00ebn me tendenc\u00eb akneike. Rregullon prodhimin e sebumit (yndyr\u00ebs) dhe normalizon l\u00ebkur\u00ebn. Ka aksion keratolitik, sebonarmalizues dhe riekuilibrues. Redukton dhe parandalon imperfeksionet n\u00eb l\u00ebkurat e papastra. Krem i pasur me pantenol dhe ceramide p\u00ebr t\u00eb b\u00ebr\u00eb t\u00eb mundur q\u00eb l\u00ebkura mos t\u00eb thahet dhe p\u00ebr ta mbajtur at\u00eb t\u00eb hidratuar.<br \/>\nP\u00ebrdorimi<br \/>\nAplikojeni n\u00eb l\u00ebkur\u00eb t\u00eb past\u00ebr n\u00eb m\u00ebngjes dhe n\u00eb dark\u00eb. P\u00ebr higjenen \u00eb lekur\u00ebs, k\u00ebshillohet p\u00ebrdorimi I Rilastil Acnestil Detergjent p\u00ebr fytyr\u00ebn me tendenc\u00eb akneike.<br \/>\nSasia: 50ml<\/p>\n","protected":false},"excerpt":{"rendered":"<p>P\u00ebrshkrimi i produktit<br \/>\nRilastil Acnestil Crema trajton l\u00ebkur\u00ebn me tendenc\u00eb akneike. Rregullon prodhimin e sebumit (yndyr\u00ebs) dhe normalizon l\u00ebkur\u00ebn. Ka aksion keratolitik, sebonarmalizues dhe riekuilibrues. Redukton dhe parandalon imperfeksionet n\u00eb l\u00ebkurat e papastra. Krem i pasur me pantenol dhe ceramide p\u00ebr t\u00eb b\u00ebr\u00eb t\u00eb mundur q\u00eb l\u00ebkura mos t\u00eb thahet dhe p\u00ebr ta mbajtur at\u00eb t\u00eb hidratuar.<br \/>\nP\u00ebrdorimi<br \/>\nAplikojeni n\u00eb l\u00ebkur\u00eb t\u00eb past\u00ebr n\u00eb m\u00ebngjes dhe n\u00eb dark\u00eb. P\u00ebr higjenen \u00eb lekur\u00ebs, k\u00ebshillohet p\u00ebrdorimi I Rilastil Acnestil Detergjent p\u00ebr fytyr\u00ebn me tendenc\u00eb akneike.<br \/>\nSasia: 50ml<\/p>\n","protected":false},"featured_media":5863,"comment_status":"open","ping_status":"closed","template":"","meta":[],"product_cat":[123],"product_tag":[],"class_list":{"0":"post-6757","1":"product","2":"type-product","3":"status-publish","4":"has-post-thumbnail","6":"product_cat-rilastil","8":"first","9":"instock","10":"shipping-taxable","11":"product-type-simple"},"_links":{"self":[{"href":"https:\/\/megapharm.al\/index.php?rest_route=\/wp\/v2\/product\/6757","targetHints":{"allow":["GET"]}}],"collection":[{"href":"https:\/\/megapharm.al\/index.php?rest_route=\/wp\/v2\/product"}],"about":[{"href":"https:\/\/megapharm.al\/index.php?rest_route=\/wp\/v2\/types\/product"}],"replies":[{"embeddable":true,"href":"https:\/\/megapharm.al\/index.php?rest_route=%2Fwp%2Fv2%2Fcomments&post=6757"}],"wp:featuredmedia":[{"embeddable":true,"href":"https:\/\/megapharm.al\/index.php?rest_route=\/wp\/v2\/media\/5863"}],"wp:attachment":[{"href":"https:\/\/megapharm.al\/index.php?rest_route=%2Fwp%2Fv2%2Fmedia&parent=6757"}],"wp:term":[{"taxonomy":"product_cat","embeddable":true,"href":"https:\/\/megapharm.al\/index.php?rest_route=%2Fwp%2Fv2%2Fproduct_cat&post=6757"},{"taxonomy":"product_tag","embeddable":true,"href":"https:\/\/megapharm.al\/index.php?rest_route=%2Fwp%2Fv2%2Fproduct_tag&post=6757"}],"curies":[{"name":"wp","href":"https:\/\/api.w.org\/{rel}","templated":true}]}}