{"id":6755,"date":"2021-01-24T10:39:22","date_gmt":"2021-01-24T10:39:22","guid":{"rendered":"http:\/\/megapharm.al\/index.php\/product\/import-placeholder-for-3427\/"},"modified":"2021-01-24T10:39:30","modified_gmt":"2021-01-24T10:39:30","slug":"acnestil-cleansing-gel","status":"publish","type":"product","link":"https:\/\/megapharm.al\/?product=acnestil-cleansing-gel","title":{"rendered":"Acnestil Cleansing Gel"},"content":{"rendered":"<p>P\u00ebrshkrimi i produktit<br \/>\nRilastil Acnestil Cleansing Gel i pasur me p\u00ebrb\u00ebr\u00ebs \u00ebsht\u00eb nj\u00eb trajtim p\u00ebr larjen e p\u00ebrditshme, purifikimin dhe riekuilibrimin e l\u00ebkurave t\u00eb papastra dhe me imperfeksione.<br \/>\nIdeale p\u00ebr l\u00ebkurat e yndyrshme, mikse dhe me tendence p\u00ebr akne. I p\u00ebrshtatsh\u00ebm dhe p\u00ebr l\u00ebkurat m\u00eb t\u00eb ndjeshme.<br \/>\n\u2022 Me parfum delikat pa alergen\u00eb<br \/>\n\u2022 Pa SLS, SLES, paraben, ngjyrues dhe derivate t\u00eb grurit<br \/>\n\u2022 Hipoalergjik<br \/>\n\u2022 Nuk bllokon poret<br \/>\n\u2022 I testuar klinikisht<br \/>\n\u2022 I testuar p\u00ebr Nikel, Kobalt, Krom, Paladium dhe M\u00ebrkur<br \/>\nP\u00ebrdorimi<br \/>\nAplikojeni n\u00eb m\u00ebngjes dhe n\u00eb dark\u00eb n\u00eb l\u00ebkur\u00eb t\u00eb lagur, masazhojeni but\u00ebsisht dhe shp\u00eblajeni m\u00eb uj\u00eb t\u00eb bollsh\u00ebm.<br \/>\nSasia: 200ml<\/p>\n","protected":false},"excerpt":{"rendered":"<p>P\u00ebrshkrimi i produktit<br \/>\nRilastil Acnestil Cleansing Gel i pasur me p\u00ebrb\u00ebr\u00ebs \u00ebsht\u00eb nj\u00eb trajtim p\u00ebr larjen e p\u00ebrditshme, purifikimin dhe riekuilibrimin e l\u00ebkurave t\u00eb papastra dhe me imperfeksione.<br \/>\nIdeale p\u00ebr l\u00ebkurat e yndyrshme, mikse dhe me tendence p\u00ebr akne. I p\u00ebrshtatsh\u00ebm dhe p\u00ebr l\u00ebkurat m\u00eb t\u00eb ndjeshme.<br \/>\n\u2022 Me parfum delikat pa alergen\u00eb<br \/>\n\u2022 Pa SLS, SLES, paraben, ngjyrues dhe derivate t\u00eb grurit<br \/>\n\u2022 Hipoalergjik<br \/>\n\u2022 Nuk bllokon poret<br \/>\n\u2022 I testuar klinikisht<br \/>\n\u2022 I testuar p\u00ebr Nikel, Kobalt, Krom, Paladium dhe M\u00ebrkur<br \/>\nP\u00ebrdorimi<br \/>\nAplikojeni n\u00eb m\u00ebngjes dhe n\u00eb dark\u00eb n\u00eb l\u00ebkur\u00eb t\u00eb lagur, masazhojeni but\u00ebsisht dhe shp\u00eblajeni m\u00eb uj\u00eb t\u00eb bollsh\u00ebm.<br \/>\nSasia: 200ml<\/p>\n","protected":false},"featured_media":5861,"comment_status":"open","ping_status":"closed","template":"","meta":[],"product_cat":[123],"product_tag":[],"class_list":{"0":"post-6755","1":"product","2":"type-product","3":"status-publish","4":"has-post-thumbnail","6":"product_cat-rilastil","8":"first","9":"instock","10":"shipping-taxable","11":"product-type-simple"},"_links":{"self":[{"href":"https:\/\/megapharm.al\/index.php?rest_route=\/wp\/v2\/product\/6755","targetHints":{"allow":["GET"]}}],"collection":[{"href":"https:\/\/megapharm.al\/index.php?rest_route=\/wp\/v2\/product"}],"about":[{"href":"https:\/\/megapharm.al\/index.php?rest_route=\/wp\/v2\/types\/product"}],"replies":[{"embeddable":true,"href":"https:\/\/megapharm.al\/index.php?rest_route=%2Fwp%2Fv2%2Fcomments&post=6755"}],"wp:featuredmedia":[{"embeddable":true,"href":"https:\/\/megapharm.al\/index.php?rest_route=\/wp\/v2\/media\/5861"}],"wp:attachment":[{"href":"https:\/\/megapharm.al\/index.php?rest_route=%2Fwp%2Fv2%2Fmedia&parent=6755"}],"wp:term":[{"taxonomy":"product_cat","embeddable":true,"href":"https:\/\/megapharm.al\/index.php?rest_route=%2Fwp%2Fv2%2Fproduct_cat&post=6755"},{"taxonomy":"product_tag","embeddable":true,"href":"https:\/\/megapharm.al\/index.php?rest_route=%2Fwp%2Fv2%2Fproduct_tag&post=6755"}],"curies":[{"name":"wp","href":"https:\/\/api.w.org\/{rel}","templated":true}]}}