{"id":6753,"date":"2021-01-24T10:39:21","date_gmt":"2021-01-24T10:39:21","guid":{"rendered":"http:\/\/megapharm.al\/index.php\/product\/import-placeholder-for-3425\/"},"modified":"2021-01-24T10:39:29","modified_gmt":"2021-01-24T10:39:29","slug":"soothing-cleansing-milk","status":"publish","type":"product","link":"https:\/\/megapharm.al\/?product=soothing-cleansing-milk","title":{"rendered":"Soothing cleansing milk"},"content":{"rendered":"<p>P\u00ebrshkrimi i produktit<br \/>\nQum\u00ebshti pastrues qet\u00ebsues heq plot\u00ebsisht papast\u00ebrtit\u00ebL\u00ebkura ndihet m\u00eb e but\u00eb dhe mund t\u00eb ruaj\u00eb m\u00eb shum\u00eb lag\u00ebshti, duke rritur elasticitetin e saj. Ndihmon n\u00eb qet\u00ebsimin e lekures. Hidraton dhe ushqen at\u00eb. I p\u00ebrshtatsh\u00ebm per l\u00ebkurat delikate.<br \/>\nP\u00ebrdorimi<br \/>\nAplikoni pa sasi n\u00eb duart e lagura. Me presion t\u00eb but\u00eb, masazhoni l\u00ebkur\u00ebn .Shp\u00eblajeni me uj\u00eb.<br \/>\nSasia: 250 ml<\/p>\n","protected":false},"excerpt":{"rendered":"<p>P\u00ebrshkrimi i produktit<br \/>\nQum\u00ebshti pastrues qet\u00ebsues heq plot\u00ebsisht papast\u00ebrtit\u00ebL\u00ebkura ndihet m\u00eb e but\u00eb dhe mund t\u00eb ruaj\u00eb m\u00eb shum\u00eb lag\u00ebshti, duke rritur elasticitetin e saj. Ndihmon n\u00eb qet\u00ebsimin e lekures. Hidraton dhe ushqen at\u00eb. I p\u00ebrshtatsh\u00ebm per l\u00ebkurat delikate.<br \/>\nP\u00ebrdorimi<br \/>\nAplikoni pa sasi n\u00eb duart e lagura. Me presion t\u00eb but\u00eb, masazhoni l\u00ebkur\u00ebn .Shp\u00eblajeni me uj\u00eb.<br \/>\nSasia: 250 ml<\/p>\n","protected":false},"featured_media":5859,"comment_status":"open","ping_status":"closed","template":"","meta":[],"product_cat":[123],"product_tag":[],"class_list":{"0":"post-6753","1":"product","2":"type-product","3":"status-publish","4":"has-post-thumbnail","6":"product_cat-rilastil","8":"first","9":"instock","10":"shipping-taxable","11":"product-type-simple"},"_links":{"self":[{"href":"https:\/\/megapharm.al\/index.php?rest_route=\/wp\/v2\/product\/6753","targetHints":{"allow":["GET"]}}],"collection":[{"href":"https:\/\/megapharm.al\/index.php?rest_route=\/wp\/v2\/product"}],"about":[{"href":"https:\/\/megapharm.al\/index.php?rest_route=\/wp\/v2\/types\/product"}],"replies":[{"embeddable":true,"href":"https:\/\/megapharm.al\/index.php?rest_route=%2Fwp%2Fv2%2Fcomments&post=6753"}],"wp:featuredmedia":[{"embeddable":true,"href":"https:\/\/megapharm.al\/index.php?rest_route=\/wp\/v2\/media\/5859"}],"wp:attachment":[{"href":"https:\/\/megapharm.al\/index.php?rest_route=%2Fwp%2Fv2%2Fmedia&parent=6753"}],"wp:term":[{"taxonomy":"product_cat","embeddable":true,"href":"https:\/\/megapharm.al\/index.php?rest_route=%2Fwp%2Fv2%2Fproduct_cat&post=6753"},{"taxonomy":"product_tag","embeddable":true,"href":"https:\/\/megapharm.al\/index.php?rest_route=%2Fwp%2Fv2%2Fproduct_tag&post=6753"}],"curies":[{"name":"wp","href":"https:\/\/api.w.org\/{rel}","templated":true}]}}