{"id":6734,"date":"2021-01-24T10:39:19","date_gmt":"2021-01-24T10:39:19","guid":{"rendered":"http:\/\/megapharm.al\/index.php\/product\/import-placeholder-for-2935\/"},"modified":"2021-01-24T10:39:23","modified_gmt":"2021-01-24T10:39:23","slug":"influvac-sub-unit-tetra","status":"publish","type":"product","link":"https:\/\/megapharm.al\/?product=influvac-sub-unit-tetra","title":{"rendered":"Influvac Sub-Unit Tetra"},"content":{"rendered":"<p>Principi aktiv: A\/Michigan\/45\/2015(H1n1) Pdm09 &#8211; Like Strain; (A\/Singapore\/Gp1908\/2015, Ivr-180a) A\/Singapore\/Infimh-16-0019\/2016 (H3n2)- Like Strain (A\/Singapore\/Infimh-16-0019\/2016 Nib-104); B\/Colorado\/06\/2017 &#8211; Like Strain (B\/Victoria\/2\/87 Lineage) (B\/Maryland\/15\/2016, Nymc Bx-69a); B\/Phuket\/3073\/2013 &#8211; Like Strain (B\/Yamagata\/16\/88, Lineage) (B\/Phuket\/3073\/2013, Wild Type)<\/p>\n<p>Formdoza: Suspension p\u00ebr injektim x (15mcg HA + 15mcg HA + 15mcg HA + 15mcg HA)\/0.5ml<\/p>\n<p>Paketimi: Kuti x 1 shiring\u00eb e mbushur me gjilp\u00ebr\u00eb<\/p>\n","protected":false},"excerpt":{"rendered":"<p>Principi aktiv: A\/Michigan\/45\/2015(H1n1) Pdm09 &#8211; Like Strain; (A\/Singapore\/Gp1908\/2015, Ivr-180a) A\/Singapore\/Infimh-16-0019\/2016 (H3n2)- Like Strain (A\/Singapore\/Infimh-16-0019\/2016 Nib-104); B\/Colorado\/06\/2017 &#8211; Like Strain (B\/Victoria\/2\/87 Lineage) (B\/Maryland\/15\/2016, Nymc Bx-69a); B\/Phuket\/3073\/2013 &#8211; Like Strain (B\/Yamagata\/16\/88, Lineage) (B\/Phuket\/3073\/2013, Wild Type)<\/p>\n<p>Formdoza: Suspension p\u00ebr injektim x (15mcg HA + 15mcg HA + 15mcg HA + 15mcg HA)\/0.5ml<\/p>\n<p>Paketimi: Kuti x 1 shiring\u00eb e mbushur me gjilp\u00ebr\u00eb<\/p>\n","protected":false},"featured_media":0,"comment_status":"open","ping_status":"closed","template":"","meta":[],"product_cat":[145],"product_tag":[],"class_list":{"0":"post-6734","1":"product","2":"type-product","3":"status-publish","5":"product_cat-rx-produktet-sipas-kompanive","7":"first","8":"instock","9":"shipping-taxable","10":"product-type-simple"},"_links":{"self":[{"href":"https:\/\/megapharm.al\/index.php?rest_route=\/wp\/v2\/product\/6734","targetHints":{"allow":["GET"]}}],"collection":[{"href":"https:\/\/megapharm.al\/index.php?rest_route=\/wp\/v2\/product"}],"about":[{"href":"https:\/\/megapharm.al\/index.php?rest_route=\/wp\/v2\/types\/product"}],"replies":[{"embeddable":true,"href":"https:\/\/megapharm.al\/index.php?rest_route=%2Fwp%2Fv2%2Fcomments&post=6734"}],"wp:attachment":[{"href":"https:\/\/megapharm.al\/index.php?rest_route=%2Fwp%2Fv2%2Fmedia&parent=6734"}],"wp:term":[{"taxonomy":"product_cat","embeddable":true,"href":"https:\/\/megapharm.al\/index.php?rest_route=%2Fwp%2Fv2%2Fproduct_cat&post=6734"},{"taxonomy":"product_tag","embeddable":true,"href":"https:\/\/megapharm.al\/index.php?rest_route=%2Fwp%2Fv2%2Fproduct_tag&post=6734"}],"curies":[{"name":"wp","href":"https:\/\/api.w.org\/{rel}","templated":true}]}}