{"id":6656,"date":"2021-01-24T10:38:31","date_gmt":"2021-01-24T10:38:31","guid":{"rendered":"http:\/\/megapharm.al\/index.php\/product\/import-placeholder-for-2852\/"},"modified":"2021-01-24T10:38:40","modified_gmt":"2021-01-24T10:38:40","slug":"tamlos","status":"publish","type":"product","link":"https:\/\/megapharm.al\/?product=tamlos","title":{"rendered":"Tamlos"},"content":{"rendered":"<p>Principi aktiv: Tamsulosin Hydrochloride<\/p>\n<p>Formdoza; Kapsula t\u00eb forta me l\u00ebshim t\u00eb modifikuar x 0.4mg<\/p>\n<p>Paketimi: Kuti x 30<\/p>\n","protected":false},"excerpt":{"rendered":"<p>Principi aktiv: Tamsulosin Hydrochloride<\/p>\n<p>Formdoza; Kapsula t\u00eb forta me l\u00ebshim t\u00eb modifikuar x 0.4mg<\/p>\n<p>Paketimi: Kuti x 30<\/p>\n","protected":false},"featured_media":0,"comment_status":"open","ping_status":"closed","template":"","meta":[],"product_cat":[93],"product_tag":[],"class_list":{"0":"post-6656","1":"product","2":"type-product","3":"status-publish","5":"product_cat-alkaloid","7":"first","8":"instock","9":"shipping-taxable","10":"product-type-simple"},"_links":{"self":[{"href":"https:\/\/megapharm.al\/index.php?rest_route=\/wp\/v2\/product\/6656","targetHints":{"allow":["GET"]}}],"collection":[{"href":"https:\/\/megapharm.al\/index.php?rest_route=\/wp\/v2\/product"}],"about":[{"href":"https:\/\/megapharm.al\/index.php?rest_route=\/wp\/v2\/types\/product"}],"replies":[{"embeddable":true,"href":"https:\/\/megapharm.al\/index.php?rest_route=%2Fwp%2Fv2%2Fcomments&post=6656"}],"wp:attachment":[{"href":"https:\/\/megapharm.al\/index.php?rest_route=%2Fwp%2Fv2%2Fmedia&parent=6656"}],"wp:term":[{"taxonomy":"product_cat","embeddable":true,"href":"https:\/\/megapharm.al\/index.php?rest_route=%2Fwp%2Fv2%2Fproduct_cat&post=6656"},{"taxonomy":"product_tag","embeddable":true,"href":"https:\/\/megapharm.al\/index.php?rest_route=%2Fwp%2Fv2%2Fproduct_tag&post=6656"}],"curies":[{"name":"wp","href":"https:\/\/api.w.org\/{rel}","templated":true}]}}