{"id":6562,"date":"2021-01-24T10:37:43","date_gmt":"2021-01-24T10:37:43","guid":{"rendered":"http:\/\/megapharm.al\/index.php\/product\/import-placeholder-for-2758\/"},"modified":"2021-01-24T10:37:49","modified_gmt":"2021-01-24T10:37:49","slug":"aqua-ad-iniectabilia-alkaloid","status":"publish","type":"product","link":"https:\/\/megapharm.al\/?product=aqua-ad-iniectabilia-alkaloid","title":{"rendered":"Aqua Ad Iniectabilia Alkaloid"},"content":{"rendered":"<p>Formdoza: Uj\u00eb p\u00ebr injeksion x 5ml (tret\u00ebs p\u00ebr p\u00ebrdorim parenterale)<\/p>\n<p>Paketimi: Kuti x 50 ampoula x 5ml<\/p>\n","protected":false},"excerpt":{"rendered":"<p>Formdoza: Uj\u00eb p\u00ebr injeksion x 5ml (tret\u00ebs p\u00ebr p\u00ebrdorim parenterale)<\/p>\n<p>Paketimi: Kuti x 50 ampoula x 5ml<\/p>\n","protected":false},"featured_media":0,"comment_status":"open","ping_status":"closed","template":"","meta":[],"product_cat":[93],"product_tag":[],"class_list":{"0":"post-6562","1":"product","2":"type-product","3":"status-publish","5":"product_cat-alkaloid","7":"first","8":"instock","9":"shipping-taxable","10":"product-type-simple"},"_links":{"self":[{"href":"https:\/\/megapharm.al\/index.php?rest_route=\/wp\/v2\/product\/6562","targetHints":{"allow":["GET"]}}],"collection":[{"href":"https:\/\/megapharm.al\/index.php?rest_route=\/wp\/v2\/product"}],"about":[{"href":"https:\/\/megapharm.al\/index.php?rest_route=\/wp\/v2\/types\/product"}],"replies":[{"embeddable":true,"href":"https:\/\/megapharm.al\/index.php?rest_route=%2Fwp%2Fv2%2Fcomments&post=6562"}],"wp:attachment":[{"href":"https:\/\/megapharm.al\/index.php?rest_route=%2Fwp%2Fv2%2Fmedia&parent=6562"}],"wp:term":[{"taxonomy":"product_cat","embeddable":true,"href":"https:\/\/megapharm.al\/index.php?rest_route=%2Fwp%2Fv2%2Fproduct_cat&post=6562"},{"taxonomy":"product_tag","embeddable":true,"href":"https:\/\/megapharm.al\/index.php?rest_route=%2Fwp%2Fv2%2Fproduct_tag&post=6562"}],"curies":[{"name":"wp","href":"https:\/\/api.w.org\/{rel}","templated":true}]}}