{"id":6503,"date":"2021-01-24T10:37:10","date_gmt":"2021-01-24T10:37:10","guid":{"rendered":"http:\/\/megapharm.al\/index.php\/product\/import-placeholder-for-2696\/"},"modified":"2021-01-24T10:37:15","modified_gmt":"2021-01-24T10:37:15","slug":"satin-lipstick","status":"publish","type":"product","link":"https:\/\/megapharm.al\/?product=satin-lipstick","title":{"rendered":"Satin Lipstick"},"content":{"rendered":"<p>Buz\u00ebkuq kremoz me shk\u00eblqim dhe ngjyr\u00eb t\u00eb thell\u00eb. I leht\u00eb p\u00ebr tu aplikuar pasi ai rr\u00ebshqet me delikates\u00eb n\u00eb buz\u00eb, duke l\u00ebn\u00eb nj\u00eb ngjyr\u00ebfantastike. Tekstur\u00eb e plot\u00eb q\u00eb i jep buz\u00ebve but\u00ebsi dhe comfort gjat\u00eb gjith\u00ebdit\u00ebs. Ngjyr\u00eb intense q\u00eb nga aplikimi i par\u00eb.<br \/>\nPa parfum.<br \/>\n12 nuanca.<br \/>\nTestuar dermatologjikisht. Testuar p\u00ebr Nikel, Kobalt, Krom, Paladium, M\u00ebrkur dhe Plumb.<\/p>\n","protected":false},"excerpt":{"rendered":"<p>Buz\u00ebkuq kremoz me shk\u00eblqim dhe ngjyr\u00eb t\u00eb thell\u00eb. I leht\u00eb p\u00ebr tu aplikuar pasi ai rr\u00ebshqet me delikates\u00eb n\u00eb buz\u00eb, duke l\u00ebn\u00eb nj\u00eb ngjyr\u00ebfantastike. Tekstur\u00eb e plot\u00eb q\u00eb i jep buz\u00ebve but\u00ebsi dhe comfort gjat\u00eb gjith\u00ebdit\u00ebs. Ngjyr\u00eb intense q\u00eb nga aplikimi i par\u00eb.<br \/>\nPa parfum.<br \/>\n12 nuanca.<br \/>\nTestuar dermatologjikisht. Testuar p\u00ebr Nikel, Kobalt, Krom, Paladium, M\u00ebrkur dhe Plumb.<\/p>\n","protected":false},"featured_media":5780,"comment_status":"open","ping_status":"closed","template":"","meta":[],"product_cat":[124],"product_tag":[],"class_list":{"0":"post-6503","1":"product","2":"type-product","3":"status-publish","4":"has-post-thumbnail","6":"product_cat-korff","8":"first","9":"instock","10":"shipping-taxable","11":"product-type-simple"},"_links":{"self":[{"href":"https:\/\/megapharm.al\/index.php?rest_route=\/wp\/v2\/product\/6503","targetHints":{"allow":["GET"]}}],"collection":[{"href":"https:\/\/megapharm.al\/index.php?rest_route=\/wp\/v2\/product"}],"about":[{"href":"https:\/\/megapharm.al\/index.php?rest_route=\/wp\/v2\/types\/product"}],"replies":[{"embeddable":true,"href":"https:\/\/megapharm.al\/index.php?rest_route=%2Fwp%2Fv2%2Fcomments&post=6503"}],"wp:featuredmedia":[{"embeddable":true,"href":"https:\/\/megapharm.al\/index.php?rest_route=\/wp\/v2\/media\/5780"}],"wp:attachment":[{"href":"https:\/\/megapharm.al\/index.php?rest_route=%2Fwp%2Fv2%2Fmedia&parent=6503"}],"wp:term":[{"taxonomy":"product_cat","embeddable":true,"href":"https:\/\/megapharm.al\/index.php?rest_route=%2Fwp%2Fv2%2Fproduct_cat&post=6503"},{"taxonomy":"product_tag","embeddable":true,"href":"https:\/\/megapharm.al\/index.php?rest_route=%2Fwp%2Fv2%2Fproduct_tag&post=6503"}],"curies":[{"name":"wp","href":"https:\/\/api.w.org\/{rel}","templated":true}]}}