{"id":6495,"date":"2021-01-24T10:37:08","date_gmt":"2021-01-24T10:37:08","guid":{"rendered":"http:\/\/megapharm.al\/index.php\/product\/import-placeholder-for-2688\/"},"modified":"2021-01-24T10:37:13","modified_gmt":"2021-01-24T10:37:13","slug":"slim-eyebrow-pencil","status":"publish","type":"product","link":"https:\/\/megapharm.al\/?product=slim-eyebrow-pencil","title":{"rendered":"Slim Eyebrow Pencil"},"content":{"rendered":"<p>Laps p\u00ebr vetullat, preciz, i leht\u00eb p\u00ebr tu aplikuar. Formula \u00ebsht\u00eb e pasur me Acid Hialuronik dhe Vitamin\u00eb E, e cila p\u00ebrshtatet edhe p\u00ebr l\u00ebkur\u00ebn m\u00eb t\u00eb ndjeshme.<br \/>\nPa parfum. Testuar dermatologjikisht.<br \/>\nVe\u00e7orit\u00eb e produktit<br \/>\nSasia: 0,09 g<br \/>\nLaps i bute, zgjat p\u00ebr nj\u00eb koh\u00eb t\u00eb gjat\u00eb. Efekt kund\u00ebr ujit (waterproof).<br \/>\nNuanca: 3<\/p>\n","protected":false},"excerpt":{"rendered":"<p>Laps p\u00ebr vetullat, preciz, i leht\u00eb p\u00ebr tu aplikuar. Formula \u00ebsht\u00eb e pasur me Acid Hialuronik dhe Vitamin\u00eb E, e cila p\u00ebrshtatet edhe p\u00ebr l\u00ebkur\u00ebn m\u00eb t\u00eb ndjeshme.<br \/>\nPa parfum. Testuar dermatologjikisht.<br \/>\nVe\u00e7orit\u00eb e produktit<br \/>\nSasia: 0,09 g<br \/>\nLaps i bute, zgjat p\u00ebr nj\u00eb koh\u00eb t\u00eb gjat\u00eb. Efekt kund\u00ebr ujit (waterproof).<br \/>\nNuanca: 3<\/p>\n","protected":false},"featured_media":5772,"comment_status":"open","ping_status":"closed","template":"","meta":[],"product_cat":[124],"product_tag":[],"class_list":{"0":"post-6495","1":"product","2":"type-product","3":"status-publish","4":"has-post-thumbnail","6":"product_cat-korff","8":"first","9":"instock","10":"shipping-taxable","11":"product-type-simple"},"_links":{"self":[{"href":"https:\/\/megapharm.al\/index.php?rest_route=\/wp\/v2\/product\/6495","targetHints":{"allow":["GET"]}}],"collection":[{"href":"https:\/\/megapharm.al\/index.php?rest_route=\/wp\/v2\/product"}],"about":[{"href":"https:\/\/megapharm.al\/index.php?rest_route=\/wp\/v2\/types\/product"}],"replies":[{"embeddable":true,"href":"https:\/\/megapharm.al\/index.php?rest_route=%2Fwp%2Fv2%2Fcomments&post=6495"}],"wp:featuredmedia":[{"embeddable":true,"href":"https:\/\/megapharm.al\/index.php?rest_route=\/wp\/v2\/media\/5772"}],"wp:attachment":[{"href":"https:\/\/megapharm.al\/index.php?rest_route=%2Fwp%2Fv2%2Fmedia&parent=6495"}],"wp:term":[{"taxonomy":"product_cat","embeddable":true,"href":"https:\/\/megapharm.al\/index.php?rest_route=%2Fwp%2Fv2%2Fproduct_cat&post=6495"},{"taxonomy":"product_tag","embeddable":true,"href":"https:\/\/megapharm.al\/index.php?rest_route=%2Fwp%2Fv2%2Fproduct_tag&post=6495"}],"curies":[{"name":"wp","href":"https:\/\/api.w.org\/{rel}","templated":true}]}}