{"id":6490,"date":"2021-01-24T10:36:57","date_gmt":"2021-01-24T10:36:57","guid":{"rendered":"http:\/\/megapharm.al\/index.php\/product\/import-placeholder-for-2683\/"},"modified":"2021-01-24T10:37:05","modified_gmt":"2021-01-24T10:37:05","slug":"prodigious-all-in-one-mascara","status":"publish","type":"product","link":"https:\/\/megapharm.al\/?product=prodigious-all-in-one-mascara","title":{"rendered":"Prodigious All In One Mascara"},"content":{"rendered":"<p>Rimel me texture kremoze, elastike dhe t\u00ebpasur i cili garanton menj\u00ebher\u00eb nj\u00eb efekt &#8220;qerpik\u00eb t\u00eb rrem\u00eb&#8221;. Formuluar nga nj\u00eb miks dyllrash me densitete t\u00eb ndryshme t\u00eb cil\u00ebt sigurojn\u00eb qerpik\u00eb m\u00eb t\u00eb but\u00eb dhenj\u00eb rezultat q\u00eb zgjat. I pasur me Acid HialuronikdheVItamin\u00eb E q\u00eb i mbajn\u00eb qerpik\u00ebt m\u00eb t\u00eb but\u00eb dhe fleksib\u00ebl.<br \/>\nTestuar dermatologjikisht dhe oftalmologjikisht. Testuar p\u00ebr Nikel, Kobalt, Krom, Paladium dhe M\u00ebrkur.<\/p>\n","protected":false},"excerpt":{"rendered":"<p>Rimel me texture kremoze, elastike dhe t\u00ebpasur i cili garanton menj\u00ebher\u00eb nj\u00eb efekt &#8220;qerpik\u00eb t\u00eb rrem\u00eb&#8221;. Formuluar nga nj\u00eb miks dyllrash me densitete t\u00eb ndryshme t\u00eb cil\u00ebt sigurojn\u00eb qerpik\u00eb m\u00eb t\u00eb but\u00eb dhenj\u00eb rezultat q\u00eb zgjat. I pasur me Acid HialuronikdheVItamin\u00eb E q\u00eb i mbajn\u00eb qerpik\u00ebt m\u00eb t\u00eb but\u00eb dhe fleksib\u00ebl.<br \/>\nTestuar dermatologjikisht dhe oftalmologjikisht. Testuar p\u00ebr Nikel, Kobalt, Krom, Paladium dhe M\u00ebrkur.<\/p>\n","protected":false},"featured_media":5767,"comment_status":"open","ping_status":"closed","template":"","meta":[],"product_cat":[124],"product_tag":[],"class_list":{"0":"post-6490","1":"product","2":"type-product","3":"status-publish","4":"has-post-thumbnail","6":"product_cat-korff","8":"first","9":"instock","10":"shipping-taxable","11":"product-type-simple"},"_links":{"self":[{"href":"https:\/\/megapharm.al\/index.php?rest_route=\/wp\/v2\/product\/6490","targetHints":{"allow":["GET"]}}],"collection":[{"href":"https:\/\/megapharm.al\/index.php?rest_route=\/wp\/v2\/product"}],"about":[{"href":"https:\/\/megapharm.al\/index.php?rest_route=\/wp\/v2\/types\/product"}],"replies":[{"embeddable":true,"href":"https:\/\/megapharm.al\/index.php?rest_route=%2Fwp%2Fv2%2Fcomments&post=6490"}],"wp:featuredmedia":[{"embeddable":true,"href":"https:\/\/megapharm.al\/index.php?rest_route=\/wp\/v2\/media\/5767"}],"wp:attachment":[{"href":"https:\/\/megapharm.al\/index.php?rest_route=%2Fwp%2Fv2%2Fmedia&parent=6490"}],"wp:term":[{"taxonomy":"product_cat","embeddable":true,"href":"https:\/\/megapharm.al\/index.php?rest_route=%2Fwp%2Fv2%2Fproduct_cat&post=6490"},{"taxonomy":"product_tag","embeddable":true,"href":"https:\/\/megapharm.al\/index.php?rest_route=%2Fwp%2Fv2%2Fproduct_tag&post=6490"}],"curies":[{"name":"wp","href":"https:\/\/api.w.org\/{rel}","templated":true}]}}