{"id":6486,"date":"2021-01-24T10:36:57","date_gmt":"2021-01-24T10:36:57","guid":{"rendered":"http:\/\/megapharm.al\/index.php\/product\/import-placeholder-for-2679\/"},"modified":"2021-01-24T10:37:04","modified_gmt":"2021-01-24T10:37:04","slug":"perfecting-powder","status":"publish","type":"product","link":"https:\/\/megapharm.al\/?product=perfecting-powder","title":{"rendered":"Perfecting Powder"},"content":{"rendered":"<p>Pluhur transparent n\u00ebkontaktin me l\u00ebkur\u00ebn. Produkt ideal p\u00ebrt\u00ebfiksuar make-up-in, p\u00ebr t\u00eb uniformuar dhe krijuar nj\u00eb efekt mat.<br \/>\nPasur me Acid Hyaluronic, Vitamina E dhe C dhe uj\u00eb t\u00eb aktivizuar. Nga aplikimi i k\u00ebtij pluhuri do kei nje rezultat mat, p\u00ebr nj\u00eb pamje t\u00eb rafinuar.<br \/>\nPa vajra minerale.<br \/>\nTestuar dermatologjiksht<br \/>\nTestuar p\u00ebr Nikel, Kobalt, Krom, Paladium dhe M\u00ebrkur.<\/p>\n","protected":false},"excerpt":{"rendered":"<p>Pluhur transparent n\u00ebkontaktin me l\u00ebkur\u00ebn. Produkt ideal p\u00ebrt\u00ebfiksuar make-up-in, p\u00ebr t\u00eb uniformuar dhe krijuar nj\u00eb efekt mat.<br \/>\nPasur me Acid Hyaluronic, Vitamina E dhe C dhe uj\u00eb t\u00eb aktivizuar. Nga aplikimi i k\u00ebtij pluhuri do kei nje rezultat mat, p\u00ebr nj\u00eb pamje t\u00eb rafinuar.<br \/>\nPa vajra minerale.<br \/>\nTestuar dermatologjiksht<br \/>\nTestuar p\u00ebr Nikel, Kobalt, Krom, Paladium dhe M\u00ebrkur.<\/p>\n","protected":false},"featured_media":5763,"comment_status":"open","ping_status":"closed","template":"","meta":[],"product_cat":[124],"product_tag":[],"class_list":{"0":"post-6486","1":"product","2":"type-product","3":"status-publish","4":"has-post-thumbnail","6":"product_cat-korff","8":"first","9":"instock","10":"shipping-taxable","11":"product-type-simple"},"_links":{"self":[{"href":"https:\/\/megapharm.al\/index.php?rest_route=\/wp\/v2\/product\/6486","targetHints":{"allow":["GET"]}}],"collection":[{"href":"https:\/\/megapharm.al\/index.php?rest_route=\/wp\/v2\/product"}],"about":[{"href":"https:\/\/megapharm.al\/index.php?rest_route=\/wp\/v2\/types\/product"}],"replies":[{"embeddable":true,"href":"https:\/\/megapharm.al\/index.php?rest_route=%2Fwp%2Fv2%2Fcomments&post=6486"}],"wp:featuredmedia":[{"embeddable":true,"href":"https:\/\/megapharm.al\/index.php?rest_route=\/wp\/v2\/media\/5763"}],"wp:attachment":[{"href":"https:\/\/megapharm.al\/index.php?rest_route=%2Fwp%2Fv2%2Fmedia&parent=6486"}],"wp:term":[{"taxonomy":"product_cat","embeddable":true,"href":"https:\/\/megapharm.al\/index.php?rest_route=%2Fwp%2Fv2%2Fproduct_cat&post=6486"},{"taxonomy":"product_tag","embeddable":true,"href":"https:\/\/megapharm.al\/index.php?rest_route=%2Fwp%2Fv2%2Fproduct_tag&post=6486"}],"curies":[{"name":"wp","href":"https:\/\/api.w.org\/{rel}","templated":true}]}}