{"id":6481,"date":"2021-01-24T10:36:56","date_gmt":"2021-01-24T10:36:56","guid":{"rendered":"http:\/\/megapharm.al\/index.php\/product\/import-placeholder-for-2674\/"},"modified":"2021-01-24T10:37:03","modified_gmt":"2021-01-24T10:37:03","slug":"oval-foundation-brush","status":"publish","type":"product","link":"https:\/\/megapharm.al\/?product=oval-foundation-brush","title":{"rendered":"Oval Foundation Brush"},"content":{"rendered":"<p>Oval Foundation Brush \u00ebsht\u00eb furca ideale p\u00ebr aplikimin e fondotint\u00ebs s\u00eb l\u00ebngshme. Forma e saj ovale siguron nj\u00eb aplikim t\u00eb persosur. Fijet sintetike dhe t\u00eb buta p\u00ebrhapin sasin\u00eb e duhur t\u00eb produktit.<br \/>\nTestuardermatologjikisht.<\/p>\n","protected":false},"excerpt":{"rendered":"<p>Oval Foundation Brush \u00ebsht\u00eb furca ideale p\u00ebr aplikimin e fondotint\u00ebs s\u00eb l\u00ebngshme. Forma e saj ovale siguron nj\u00eb aplikim t\u00eb persosur. Fijet sintetike dhe t\u00eb buta p\u00ebrhapin sasin\u00eb e duhur t\u00eb produktit.<br \/>\nTestuardermatologjikisht.<\/p>\n","protected":false},"featured_media":5758,"comment_status":"open","ping_status":"closed","template":"","meta":[],"product_cat":[124],"product_tag":[],"class_list":{"0":"post-6481","1":"product","2":"type-product","3":"status-publish","4":"has-post-thumbnail","6":"product_cat-korff","8":"first","9":"instock","10":"shipping-taxable","11":"product-type-simple"},"_links":{"self":[{"href":"https:\/\/megapharm.al\/index.php?rest_route=\/wp\/v2\/product\/6481","targetHints":{"allow":["GET"]}}],"collection":[{"href":"https:\/\/megapharm.al\/index.php?rest_route=\/wp\/v2\/product"}],"about":[{"href":"https:\/\/megapharm.al\/index.php?rest_route=\/wp\/v2\/types\/product"}],"replies":[{"embeddable":true,"href":"https:\/\/megapharm.al\/index.php?rest_route=%2Fwp%2Fv2%2Fcomments&post=6481"}],"wp:featuredmedia":[{"embeddable":true,"href":"https:\/\/megapharm.al\/index.php?rest_route=\/wp\/v2\/media\/5758"}],"wp:attachment":[{"href":"https:\/\/megapharm.al\/index.php?rest_route=%2Fwp%2Fv2%2Fmedia&parent=6481"}],"wp:term":[{"taxonomy":"product_cat","embeddable":true,"href":"https:\/\/megapharm.al\/index.php?rest_route=%2Fwp%2Fv2%2Fproduct_cat&post=6481"},{"taxonomy":"product_tag","embeddable":true,"href":"https:\/\/megapharm.al\/index.php?rest_route=%2Fwp%2Fv2%2Fproduct_tag&post=6481"}],"curies":[{"name":"wp","href":"https:\/\/api.w.org\/{rel}","templated":true}]}}