{"id":6477,"date":"2021-01-24T10:36:55","date_gmt":"2021-01-24T10:36:55","guid":{"rendered":"http:\/\/megapharm.al\/index.php\/product\/import-placeholder-for-2670\/"},"modified":"2021-01-24T10:37:02","modified_gmt":"2021-01-24T10:37:02","slug":"smoothing-base-anti-redness-effect","status":"publish","type":"product","link":"https:\/\/megapharm.al\/?product=smoothing-base-anti-redness-effect","title":{"rendered":"Smoothing Base Anti-Redness Effect"},"content":{"rendered":"<p>Smoothing Base &#8211; Anti-Redness me teksture mjaft te lehte per lekuren. Formul\u00eb inovative me acid hialuronik, Vitamine E dhe p\u00ebrb\u00ebr\u00ebs active specifike p\u00ebr nj\u00eb efekt sa m\u00eb t\u00eb but\u00eb n\u00eb l\u00ebkur\u00eb.<br \/>\nVecorite<br \/>\n\u2022Zbut l\u00ebkur\u00ebn.<br \/>\n\u2022 Zbeh rrudhat e im\u00ebta.<br \/>\n\u2022 Leht\u00ebson p\u00ebrhapjen e make-up-it dhe zgjat q\u00ebndrimin e tij.<br \/>\n\u2022 I p\u00ebrshtatsh\u00ebm p\u00ebr zonat e skuqura t\u00eb fytyr\u00ebs.<br \/>\n\u2022 Pa arom\u00eb.<br \/>\nTestuar dermatologjikisht<br \/>\nTestuar p\u00ebrNikel, Kobalt, Krom, Paladium dhe M\u00ebrkur.<\/p>\n","protected":false},"excerpt":{"rendered":"<p>Smoothing Base &#8211; Anti-Redness me teksture mjaft te lehte per lekuren. Formul\u00eb inovative me acid hialuronik, Vitamine E dhe p\u00ebrb\u00ebr\u00ebs active specifike p\u00ebr nj\u00eb efekt sa m\u00eb t\u00eb but\u00eb n\u00eb l\u00ebkur\u00eb.<br \/>\nVecorite<br \/>\n\u2022Zbut l\u00ebkur\u00ebn.<br \/>\n\u2022 Zbeh rrudhat e im\u00ebta.<br \/>\n\u2022 Leht\u00ebson p\u00ebrhapjen e make-up-it dhe zgjat q\u00ebndrimin e tij.<br \/>\n\u2022 I p\u00ebrshtatsh\u00ebm p\u00ebr zonat e skuqura t\u00eb fytyr\u00ebs.<br \/>\n\u2022 Pa arom\u00eb.<br \/>\nTestuar dermatologjikisht<br \/>\nTestuar p\u00ebrNikel, Kobalt, Krom, Paladium dhe M\u00ebrkur.<\/p>\n","protected":false},"featured_media":5754,"comment_status":"open","ping_status":"closed","template":"","meta":[],"product_cat":[124],"product_tag":[],"class_list":{"0":"post-6477","1":"product","2":"type-product","3":"status-publish","4":"has-post-thumbnail","6":"product_cat-korff","8":"first","9":"instock","10":"shipping-taxable","11":"product-type-simple"},"_links":{"self":[{"href":"https:\/\/megapharm.al\/index.php?rest_route=\/wp\/v2\/product\/6477","targetHints":{"allow":["GET"]}}],"collection":[{"href":"https:\/\/megapharm.al\/index.php?rest_route=\/wp\/v2\/product"}],"about":[{"href":"https:\/\/megapharm.al\/index.php?rest_route=\/wp\/v2\/types\/product"}],"replies":[{"embeddable":true,"href":"https:\/\/megapharm.al\/index.php?rest_route=%2Fwp%2Fv2%2Fcomments&post=6477"}],"wp:featuredmedia":[{"embeddable":true,"href":"https:\/\/megapharm.al\/index.php?rest_route=\/wp\/v2\/media\/5754"}],"wp:attachment":[{"href":"https:\/\/megapharm.al\/index.php?rest_route=%2Fwp%2Fv2%2Fmedia&parent=6477"}],"wp:term":[{"taxonomy":"product_cat","embeddable":true,"href":"https:\/\/megapharm.al\/index.php?rest_route=%2Fwp%2Fv2%2Fproduct_cat&post=6477"},{"taxonomy":"product_tag","embeddable":true,"href":"https:\/\/megapharm.al\/index.php?rest_route=%2Fwp%2Fv2%2Fproduct_tag&post=6477"}],"curies":[{"name":"wp","href":"https:\/\/api.w.org\/{rel}","templated":true}]}}