{"id":6472,"date":"2021-01-24T10:36:55","date_gmt":"2021-01-24T10:36:55","guid":{"rendered":"http:\/\/megapharm.al\/index.php\/product\/import-placeholder-for-2665\/"},"modified":"2021-01-24T10:37:01","modified_gmt":"2021-01-24T10:37:01","slug":"sublime-lift-foundation","status":"publish","type":"product","link":"https:\/\/megapharm.al\/?product=sublime-lift-foundation","title":{"rendered":"Sublime Lift Foundation"},"content":{"rendered":"<p>Sublime Lift Foundation fondotinta kremoze me efekt t\u00eb menj\u00ebhersh\u00ebm lifting.<br \/>\nVecorite<br \/>\n\u2022Efekt i menj\u00ebhersh\u00ebm lifting<br \/>\n\u2022 Mbulim i lart\u00eb<br \/>\n\u2022 Fsheh shenjat e lodhjes<br \/>\n\u2022 Nj\u00ebtrajteson l\u00ebkurvn<br \/>\n\u2022 Hidraton n\u00eb thell\u00ebsi<br \/>\n\u2022 P\u00ebrb\u00ebr\u00ebs kryesor\u00eb Acid hialuronik dhe Vitamine E<br \/>\n\u2022 6 nuanca<br \/>\n\u2022 k\u00ebshillohet p\u00ebr te gjitha tipet e l\u00ebkur\u00ebs.<br \/>\nTestuar klinikisht dhe dermatologjikisht. Testuar p\u00ebr Nikel, Kobalt, Krom, Paladium dhe M\u00ebrkur.<\/p>\n","protected":false},"excerpt":{"rendered":"<p>Sublime Lift Foundation fondotinta kremoze me efekt t\u00eb menj\u00ebhersh\u00ebm lifting.<br \/>\nVecorite<br \/>\n\u2022Efekt i menj\u00ebhersh\u00ebm lifting<br \/>\n\u2022 Mbulim i lart\u00eb<br \/>\n\u2022 Fsheh shenjat e lodhjes<br \/>\n\u2022 Nj\u00ebtrajteson l\u00ebkurvn<br \/>\n\u2022 Hidraton n\u00eb thell\u00ebsi<br \/>\n\u2022 P\u00ebrb\u00ebr\u00ebs kryesor\u00eb Acid hialuronik dhe Vitamine E<br \/>\n\u2022 6 nuanca<br \/>\n\u2022 k\u00ebshillohet p\u00ebr te gjitha tipet e l\u00ebkur\u00ebs.<br \/>\nTestuar klinikisht dhe dermatologjikisht. Testuar p\u00ebr Nikel, Kobalt, Krom, Paladium dhe M\u00ebrkur.<\/p>\n","protected":false},"featured_media":5749,"comment_status":"open","ping_status":"closed","template":"","meta":[],"product_cat":[124],"product_tag":[],"class_list":{"0":"post-6472","1":"product","2":"type-product","3":"status-publish","4":"has-post-thumbnail","6":"product_cat-korff","8":"first","9":"instock","10":"shipping-taxable","11":"product-type-simple"},"_links":{"self":[{"href":"https:\/\/megapharm.al\/index.php?rest_route=\/wp\/v2\/product\/6472","targetHints":{"allow":["GET"]}}],"collection":[{"href":"https:\/\/megapharm.al\/index.php?rest_route=\/wp\/v2\/product"}],"about":[{"href":"https:\/\/megapharm.al\/index.php?rest_route=\/wp\/v2\/types\/product"}],"replies":[{"embeddable":true,"href":"https:\/\/megapharm.al\/index.php?rest_route=%2Fwp%2Fv2%2Fcomments&post=6472"}],"wp:featuredmedia":[{"embeddable":true,"href":"https:\/\/megapharm.al\/index.php?rest_route=\/wp\/v2\/media\/5749"}],"wp:attachment":[{"href":"https:\/\/megapharm.al\/index.php?rest_route=%2Fwp%2Fv2%2Fmedia&parent=6472"}],"wp:term":[{"taxonomy":"product_cat","embeddable":true,"href":"https:\/\/megapharm.al\/index.php?rest_route=%2Fwp%2Fv2%2Fproduct_cat&post=6472"},{"taxonomy":"product_tag","embeddable":true,"href":"https:\/\/megapharm.al\/index.php?rest_route=%2Fwp%2Fv2%2Fproduct_tag&post=6472"}],"curies":[{"name":"wp","href":"https:\/\/api.w.org\/{rel}","templated":true}]}}