{"id":6464,"date":"2021-01-24T10:36:54","date_gmt":"2021-01-24T10:36:54","guid":{"rendered":"http:\/\/megapharm.al\/index.php\/product\/import-placeholder-for-2655\/"},"modified":"2021-01-24T10:36:58","modified_gmt":"2021-01-24T10:36:58","slug":"perfect-balance-eye-contour-cream","status":"publish","type":"product","link":"https:\/\/megapharm.al\/?product=perfect-balance-eye-contour-cream","title":{"rendered":"Perfect Balance Eye Contour Cream"},"content":{"rendered":"<p>Perfect Balance, krem p\u00ebr zon\u00ebn rreth syve. Ndihmon l\u00ebkur\u00ebn t\u00eb gjej\u00eb ekuilibrin dhe e forcon at\u00eb duke i dh\u00ebn\u00eb nj\u00eb ndjesi komforti. Kremi \u00ebsht\u00eb i p\u00ebrb\u00ebr\u00eb me Centella asiatica, vaj Inca, vaj Kameli, ekstrakte Lupinus albus dhe Schisandra chinensis. Ky formulim i pasur i k\u00ebtij kremi e b\u00ebn t\u00eb jet\u00eb mjaft efektiv. Zvog\u00eblon rrudhat e mimikes, rrudhat e tjera, qeskat poshte syve dhe rrathet e err\u00ebt. Konturi i syve rigjen elasticitetin dhe ndri\u00e7imin e humbur.<\/p>\n","protected":false},"excerpt":{"rendered":"<p>Perfect Balance, krem p\u00ebr zon\u00ebn rreth syve. Ndihmon l\u00ebkur\u00ebn t\u00eb gjej\u00eb ekuilibrin dhe e forcon at\u00eb duke i dh\u00ebn\u00eb nj\u00eb ndjesi komforti. Kremi \u00ebsht\u00eb i p\u00ebrb\u00ebr\u00eb me Centella asiatica, vaj Inca, vaj Kameli, ekstrakte Lupinus albus dhe Schisandra chinensis. Ky formulim i pasur i k\u00ebtij kremi e b\u00ebn t\u00eb jet\u00eb mjaft efektiv. Zvog\u00eblon rrudhat e mimikes, rrudhat e tjera, qeskat poshte syve dhe rrathet e err\u00ebt. Konturi i syve rigjen elasticitetin dhe ndri\u00e7imin e humbur.<\/p>\n","protected":false},"featured_media":5741,"comment_status":"open","ping_status":"closed","template":"","meta":[],"product_cat":[124],"product_tag":[],"class_list":{"0":"post-6464","1":"product","2":"type-product","3":"status-publish","4":"has-post-thumbnail","6":"product_cat-korff","8":"first","9":"instock","10":"shipping-taxable","11":"product-type-simple"},"_links":{"self":[{"href":"https:\/\/megapharm.al\/index.php?rest_route=\/wp\/v2\/product\/6464","targetHints":{"allow":["GET"]}}],"collection":[{"href":"https:\/\/megapharm.al\/index.php?rest_route=\/wp\/v2\/product"}],"about":[{"href":"https:\/\/megapharm.al\/index.php?rest_route=\/wp\/v2\/types\/product"}],"replies":[{"embeddable":true,"href":"https:\/\/megapharm.al\/index.php?rest_route=%2Fwp%2Fv2%2Fcomments&post=6464"}],"wp:featuredmedia":[{"embeddable":true,"href":"https:\/\/megapharm.al\/index.php?rest_route=\/wp\/v2\/media\/5741"}],"wp:attachment":[{"href":"https:\/\/megapharm.al\/index.php?rest_route=%2Fwp%2Fv2%2Fmedia&parent=6464"}],"wp:term":[{"taxonomy":"product_cat","embeddable":true,"href":"https:\/\/megapharm.al\/index.php?rest_route=%2Fwp%2Fv2%2Fproduct_cat&post=6464"},{"taxonomy":"product_tag","embeddable":true,"href":"https:\/\/megapharm.al\/index.php?rest_route=%2Fwp%2Fv2%2Fproduct_tag&post=6464"}],"curies":[{"name":"wp","href":"https:\/\/api.w.org\/{rel}","templated":true}]}}