{"id":6463,"date":"2021-01-24T10:36:54","date_gmt":"2021-01-24T10:36:54","guid":{"rendered":"http:\/\/megapharm.al\/index.php\/product\/import-placeholder-for-2654\/"},"modified":"2021-01-24T10:36:58","modified_gmt":"2021-01-24T10:36:58","slug":"perfect-balance-face-dry-oil","status":"publish","type":"product","link":"https:\/\/megapharm.al\/?product=perfect-balance-face-dry-oil","title":{"rendered":"Perfect Balance Face Dry Oil"},"content":{"rendered":"<p>Korff perfekt Balance Face Dry Oil \u00ebsht\u00eb nj\u00eb vaj i that\u00eb i p\u00ebrb\u00ebr\u00eb me Centella Aziatike, Vaj Camelia, Vaj Inca dhe ekstrakt Lupinus albus t\u00eb cil\u00ebt ushqejn\u00eb n\u00eb thell\u00ebsi l\u00ebkur\u00ebn dhe e ristrukturojne at\u00eb. Ndihmon l\u00ebkur\u00ebn t\u00eb rigjej ekuilibrin e saj dhe ta riforcoj\u00eb at\u00eb. Ka nj\u00eb konsistenc\u00eb t\u00eb mendafsht\u00eb, t\u00eb leht\u00eb dhe e ben l\u00ebkur\u00ebn menj\u00ebher\u00eb elastike, t\u00eb but\u00eb dhe uniformon ngjyr\u00ebn e l\u00ebkur\u00ebs.<\/p>\n","protected":false},"excerpt":{"rendered":"<p>Korff perfekt Balance Face Dry Oil \u00ebsht\u00eb nj\u00eb vaj i that\u00eb i p\u00ebrb\u00ebr\u00eb me Centella Aziatike, Vaj Camelia, Vaj Inca dhe ekstrakt Lupinus albus t\u00eb cil\u00ebt ushqejn\u00eb n\u00eb thell\u00ebsi l\u00ebkur\u00ebn dhe e ristrukturojne at\u00eb. Ndihmon l\u00ebkur\u00ebn t\u00eb rigjej ekuilibrin e saj dhe ta riforcoj\u00eb at\u00eb. Ka nj\u00eb konsistenc\u00eb t\u00eb mendafsht\u00eb, t\u00eb leht\u00eb dhe e ben l\u00ebkur\u00ebn menj\u00ebher\u00eb elastike, t\u00eb but\u00eb dhe uniformon ngjyr\u00ebn e l\u00ebkur\u00ebs.<\/p>\n","protected":false},"featured_media":5740,"comment_status":"open","ping_status":"closed","template":"","meta":[],"product_cat":[124],"product_tag":[],"class_list":{"0":"post-6463","1":"product","2":"type-product","3":"status-publish","4":"has-post-thumbnail","6":"product_cat-korff","8":"first","9":"instock","10":"shipping-taxable","11":"product-type-simple"},"_links":{"self":[{"href":"https:\/\/megapharm.al\/index.php?rest_route=\/wp\/v2\/product\/6463","targetHints":{"allow":["GET"]}}],"collection":[{"href":"https:\/\/megapharm.al\/index.php?rest_route=\/wp\/v2\/product"}],"about":[{"href":"https:\/\/megapharm.al\/index.php?rest_route=\/wp\/v2\/types\/product"}],"replies":[{"embeddable":true,"href":"https:\/\/megapharm.al\/index.php?rest_route=%2Fwp%2Fv2%2Fcomments&post=6463"}],"wp:featuredmedia":[{"embeddable":true,"href":"https:\/\/megapharm.al\/index.php?rest_route=\/wp\/v2\/media\/5740"}],"wp:attachment":[{"href":"https:\/\/megapharm.al\/index.php?rest_route=%2Fwp%2Fv2%2Fmedia&parent=6463"}],"wp:term":[{"taxonomy":"product_cat","embeddable":true,"href":"https:\/\/megapharm.al\/index.php?rest_route=%2Fwp%2Fv2%2Fproduct_cat&post=6463"},{"taxonomy":"product_tag","embeddable":true,"href":"https:\/\/megapharm.al\/index.php?rest_route=%2Fwp%2Fv2%2Fproduct_tag&post=6463"}],"curies":[{"name":"wp","href":"https:\/\/api.w.org\/{rel}","templated":true}]}}