{"id":6462,"date":"2021-01-24T10:36:46","date_gmt":"2021-01-24T10:36:46","guid":{"rendered":"http:\/\/megapharm.al\/index.php\/product\/import-placeholder-for-2653\/"},"modified":"2021-01-24T10:36:52","modified_gmt":"2021-01-24T10:36:52","slug":"perfect-balance-face-balm","status":"publish","type":"product","link":"https:\/\/megapharm.al\/?product=perfect-balance-face-balm","title":{"rendered":"Perfect Balance Face Balm"},"content":{"rendered":"<p>Balsami i fytyr\u00ebs forcon dhe rikuperon ekuilibrin e l\u00ebkur\u00ebs tuaj, duke ju dh\u00ebn\u00eb nj\u00eb ndjesi t\u00eb fort\u00eb relaksi. Formula e saj me Centella Asiatica, Camellia Oil, Inca Oil, Shea Butter, Squalane and Lupinus Albus dhe ekstrakte t\u00eb Schisandra Chinensis, rivendos dhe ushqen l\u00ebkur\u00ebn intensivisht.<br \/>\nL\u00ebkura e fytyr\u00ebs forcohet dhe rigjenerohet, duke shfaqur nj\u00eb \u00e7ehre t\u00eb barabart\u00eb, t\u00eb ndritshme. Ve\u00e7an\u00ebrisht i p\u00ebrshtatsh\u00ebm p\u00ebr l\u00ebkur\u00ebn e that\u00eb dhe shum\u00eb t\u00eb that\u00eb.<\/p>\n","protected":false},"excerpt":{"rendered":"<p>Balsami i fytyr\u00ebs forcon dhe rikuperon ekuilibrin e l\u00ebkur\u00ebs tuaj, duke ju dh\u00ebn\u00eb nj\u00eb ndjesi t\u00eb fort\u00eb relaksi. Formula e saj me Centella Asiatica, Camellia Oil, Inca Oil, Shea Butter, Squalane and Lupinus Albus dhe ekstrakte t\u00eb Schisandra Chinensis, rivendos dhe ushqen l\u00ebkur\u00ebn intensivisht.<br \/>\nL\u00ebkura e fytyr\u00ebs forcohet dhe rigjenerohet, duke shfaqur nj\u00eb \u00e7ehre t\u00eb barabart\u00eb, t\u00eb ndritshme. Ve\u00e7an\u00ebrisht i p\u00ebrshtatsh\u00ebm p\u00ebr l\u00ebkur\u00ebn e that\u00eb dhe shum\u00eb t\u00eb that\u00eb.<\/p>\n","protected":false},"featured_media":5739,"comment_status":"open","ping_status":"closed","template":"","meta":[],"product_cat":[124],"product_tag":[],"class_list":{"0":"post-6462","1":"product","2":"type-product","3":"status-publish","4":"has-post-thumbnail","6":"product_cat-korff","8":"first","9":"instock","10":"shipping-taxable","11":"product-type-simple"},"_links":{"self":[{"href":"https:\/\/megapharm.al\/index.php?rest_route=\/wp\/v2\/product\/6462","targetHints":{"allow":["GET"]}}],"collection":[{"href":"https:\/\/megapharm.al\/index.php?rest_route=\/wp\/v2\/product"}],"about":[{"href":"https:\/\/megapharm.al\/index.php?rest_route=\/wp\/v2\/types\/product"}],"replies":[{"embeddable":true,"href":"https:\/\/megapharm.al\/index.php?rest_route=%2Fwp%2Fv2%2Fcomments&post=6462"}],"wp:featuredmedia":[{"embeddable":true,"href":"https:\/\/megapharm.al\/index.php?rest_route=\/wp\/v2\/media\/5739"}],"wp:attachment":[{"href":"https:\/\/megapharm.al\/index.php?rest_route=%2Fwp%2Fv2%2Fmedia&parent=6462"}],"wp:term":[{"taxonomy":"product_cat","embeddable":true,"href":"https:\/\/megapharm.al\/index.php?rest_route=%2Fwp%2Fv2%2Fproduct_cat&post=6462"},{"taxonomy":"product_tag","embeddable":true,"href":"https:\/\/megapharm.al\/index.php?rest_route=%2Fwp%2Fv2%2Fproduct_tag&post=6462"}],"curies":[{"name":"wp","href":"https:\/\/api.w.org\/{rel}","templated":true}]}}