{"id":6461,"date":"2021-01-24T10:36:46","date_gmt":"2021-01-24T10:36:46","guid":{"rendered":"http:\/\/megapharm.al\/index.php\/product\/import-placeholder-for-2652\/"},"modified":"2021-01-24T10:36:52","modified_gmt":"2021-01-24T10:36:52","slug":"perfect-balance-face-cream-spf-15","status":"publish","type":"product","link":"https:\/\/megapharm.al\/?product=perfect-balance-face-cream-spf-15","title":{"rendered":"Perfect Balance Face Cream SPF 15"},"content":{"rendered":"<p>Perfect Balance Face Cream \u00ebsht\u00eb nj\u00eb krem fytyre q\u00eb ndihmon l\u00ebkur\u00ebn t\u00eb gjej\u00eb ekuilibrin e saj. Formuluar me Centella asiatica, vaj Camelia, vaj Inca dhe ekstrakt Lupinus albus dhe Schisandra chinensis hidraton n\u00eb thell\u00ebsi dhe ridensifikon l\u00ebkur\u00ebn. Kremi ka dhe faktor mbrojt\u00ebs SPF 15 q\u00eb mbron l\u00ebkur\u00ebn nga fotoplakja. L\u00ebkura \u00ebsht\u00eb e rigjeneruar, e forcuar me uniform\u00eb dhe me shk\u00eblqim.<\/p>\n","protected":false},"excerpt":{"rendered":"<p>Perfect Balance Face Cream \u00ebsht\u00eb nj\u00eb krem fytyre q\u00eb ndihmon l\u00ebkur\u00ebn t\u00eb gjej\u00eb ekuilibrin e saj. Formuluar me Centella asiatica, vaj Camelia, vaj Inca dhe ekstrakt Lupinus albus dhe Schisandra chinensis hidraton n\u00eb thell\u00ebsi dhe ridensifikon l\u00ebkur\u00ebn. Kremi ka dhe faktor mbrojt\u00ebs SPF 15 q\u00eb mbron l\u00ebkur\u00ebn nga fotoplakja. L\u00ebkura \u00ebsht\u00eb e rigjeneruar, e forcuar me uniform\u00eb dhe me shk\u00eblqim.<\/p>\n","protected":false},"featured_media":5738,"comment_status":"open","ping_status":"closed","template":"","meta":[],"product_cat":[124],"product_tag":[],"class_list":{"0":"post-6461","1":"product","2":"type-product","3":"status-publish","4":"has-post-thumbnail","6":"product_cat-korff","8":"first","9":"instock","10":"shipping-taxable","11":"product-type-simple"},"_links":{"self":[{"href":"https:\/\/megapharm.al\/index.php?rest_route=\/wp\/v2\/product\/6461","targetHints":{"allow":["GET"]}}],"collection":[{"href":"https:\/\/megapharm.al\/index.php?rest_route=\/wp\/v2\/product"}],"about":[{"href":"https:\/\/megapharm.al\/index.php?rest_route=\/wp\/v2\/types\/product"}],"replies":[{"embeddable":true,"href":"https:\/\/megapharm.al\/index.php?rest_route=%2Fwp%2Fv2%2Fcomments&post=6461"}],"wp:featuredmedia":[{"embeddable":true,"href":"https:\/\/megapharm.al\/index.php?rest_route=\/wp\/v2\/media\/5738"}],"wp:attachment":[{"href":"https:\/\/megapharm.al\/index.php?rest_route=%2Fwp%2Fv2%2Fmedia&parent=6461"}],"wp:term":[{"taxonomy":"product_cat","embeddable":true,"href":"https:\/\/megapharm.al\/index.php?rest_route=%2Fwp%2Fv2%2Fproduct_cat&post=6461"},{"taxonomy":"product_tag","embeddable":true,"href":"https:\/\/megapharm.al\/index.php?rest_route=%2Fwp%2Fv2%2Fproduct_tag&post=6461"}],"curies":[{"name":"wp","href":"https:\/\/api.w.org\/{rel}","templated":true}]}}