{"id":6456,"date":"2021-01-24T10:36:45","date_gmt":"2021-01-24T10:36:45","guid":{"rendered":"http:\/\/megapharm.al\/index.php\/product\/import-placeholder-for-2647\/"},"modified":"2021-01-24T10:36:51","modified_gmt":"2021-01-24T10:36:51","slug":"purifying-face-stick","status":"publish","type":"product","link":"https:\/\/megapharm.al\/?product=purifying-face-stick","title":{"rendered":"Purifying Face Stick"},"content":{"rendered":"<p>Pyrifying Face Stik \u00ebsht\u00eb nj\u00eb pastrues fytyre n\u00eb forme stiku, mjaft i leht\u00eb n\u00eb p\u00ebrdorim dhe pastron n\u00eb m\u00ebnyr\u00eb efikase fytyren. Mjaft I p\u00ebrshtatshem edhe p\u00ebr heqjen e make-up.<br \/>\n&gt; Karbon bimor dhe vaj kumini I zi; sebo-normalizues dhe veti pastruese<br \/>\n&gt; Acid Salicilik dhe vaj sambuco; riekuilibrues.<br \/>\nI p\u00ebrshtatsh\u00ebm p\u00ebr l\u00ebkura mikse, t\u00eb yndyrshme edhe l\u00ebkura t\u00eb ndjeshme.<\/p>\n","protected":false},"excerpt":{"rendered":"<p>Pyrifying Face Stik \u00ebsht\u00eb nj\u00eb pastrues fytyre n\u00eb forme stiku, mjaft i leht\u00eb n\u00eb p\u00ebrdorim dhe pastron n\u00eb m\u00ebnyr\u00eb efikase fytyren. Mjaft I p\u00ebrshtatshem edhe p\u00ebr heqjen e make-up.<br \/>\n&gt; Karbon bimor dhe vaj kumini I zi; sebo-normalizues dhe veti pastruese<br \/>\n&gt; Acid Salicilik dhe vaj sambuco; riekuilibrues.<br \/>\nI p\u00ebrshtatsh\u00ebm p\u00ebr l\u00ebkura mikse, t\u00eb yndyrshme edhe l\u00ebkura t\u00eb ndjeshme.<\/p>\n","protected":false},"featured_media":5733,"comment_status":"open","ping_status":"closed","template":"","meta":[],"product_cat":[124],"product_tag":[],"class_list":{"0":"post-6456","1":"product","2":"type-product","3":"status-publish","4":"has-post-thumbnail","6":"product_cat-korff","8":"first","9":"instock","10":"shipping-taxable","11":"product-type-simple"},"_links":{"self":[{"href":"https:\/\/megapharm.al\/index.php?rest_route=\/wp\/v2\/product\/6456","targetHints":{"allow":["GET"]}}],"collection":[{"href":"https:\/\/megapharm.al\/index.php?rest_route=\/wp\/v2\/product"}],"about":[{"href":"https:\/\/megapharm.al\/index.php?rest_route=\/wp\/v2\/types\/product"}],"replies":[{"embeddable":true,"href":"https:\/\/megapharm.al\/index.php?rest_route=%2Fwp%2Fv2%2Fcomments&post=6456"}],"wp:featuredmedia":[{"embeddable":true,"href":"https:\/\/megapharm.al\/index.php?rest_route=\/wp\/v2\/media\/5733"}],"wp:attachment":[{"href":"https:\/\/megapharm.al\/index.php?rest_route=%2Fwp%2Fv2%2Fmedia&parent=6456"}],"wp:term":[{"taxonomy":"product_cat","embeddable":true,"href":"https:\/\/megapharm.al\/index.php?rest_route=%2Fwp%2Fv2%2Fproduct_cat&post=6456"},{"taxonomy":"product_tag","embeddable":true,"href":"https:\/\/megapharm.al\/index.php?rest_route=%2Fwp%2Fv2%2Fproduct_tag&post=6456"}],"curies":[{"name":"wp","href":"https:\/\/api.w.org\/{rel}","templated":true}]}}