{"id":6455,"date":"2021-01-24T10:36:45","date_gmt":"2021-01-24T10:36:45","guid":{"rendered":"http:\/\/megapharm.al\/index.php\/product\/import-placeholder-for-2646\/"},"modified":"2021-01-24T10:36:50","modified_gmt":"2021-01-24T10:36:50","slug":"purifying-mattifying-face-serum","status":"publish","type":"product","link":"https:\/\/megapharm.al\/?product=purifying-mattifying-face-serum","title":{"rendered":"Purifying mattifying face serum"},"content":{"rendered":"<p>Serum i but\u00eb, i fresk\u00ebt, i leht\u00eb dhe q\u00eb p\u00ebrthithet shpejt. I p\u00ebrshtatsh\u00ebm si nj\u00eb trajtim ribalancues anti-rrudh\u00eb p\u00ebr l\u00ebkurat e kombinuara dhe t\u00eb yndyrshme.<br \/>\nProdukti \u00ebsht\u00eb i pasur me Lactococcus lactis dhe nj\u00eb Prebiotik p\u00ebr t\u00eb mb\u00ebshtetur ekosistemin normal t\u00eb l\u00ebkur\u00ebs dhe balanc\u00ebn hidrolipidike. Vitamina B3, Polyporus officinalis dhe pudrat matifikuese ndihmojn\u00eb n\u00eb normalizimin e prodhimit t\u00eb yndyr\u00ebs, reduktimin e diametrit t\u00eb poreve dhe p\u00ebrthithjen e yndyr\u00ebs s\u00eb tep\u00ebrt. Ekstrakti i sheg\u00ebs favorizon hidratimin, nd\u00ebrsa ekstrakti i orizit ka efekt rigjenerues dhe kund\u00ebr mosh\u00ebs.<\/p>\n","protected":false},"excerpt":{"rendered":"<p>Serum i but\u00eb, i fresk\u00ebt, i leht\u00eb dhe q\u00eb p\u00ebrthithet shpejt. I p\u00ebrshtatsh\u00ebm si nj\u00eb trajtim ribalancues anti-rrudh\u00eb p\u00ebr l\u00ebkurat e kombinuara dhe t\u00eb yndyrshme.<br \/>\nProdukti \u00ebsht\u00eb i pasur me Lactococcus lactis dhe nj\u00eb Prebiotik p\u00ebr t\u00eb mb\u00ebshtetur ekosistemin normal t\u00eb l\u00ebkur\u00ebs dhe balanc\u00ebn hidrolipidike. Vitamina B3, Polyporus officinalis dhe pudrat matifikuese ndihmojn\u00eb n\u00eb normalizimin e prodhimit t\u00eb yndyr\u00ebs, reduktimin e diametrit t\u00eb poreve dhe p\u00ebrthithjen e yndyr\u00ebs s\u00eb tep\u00ebrt. Ekstrakti i sheg\u00ebs favorizon hidratimin, nd\u00ebrsa ekstrakti i orizit ka efekt rigjenerues dhe kund\u00ebr mosh\u00ebs.<\/p>\n","protected":false},"featured_media":5732,"comment_status":"open","ping_status":"closed","template":"","meta":[],"product_cat":[124],"product_tag":[],"class_list":{"0":"post-6455","1":"product","2":"type-product","3":"status-publish","4":"has-post-thumbnail","6":"product_cat-korff","8":"first","9":"instock","10":"shipping-taxable","11":"product-type-simple"},"_links":{"self":[{"href":"https:\/\/megapharm.al\/index.php?rest_route=\/wp\/v2\/product\/6455","targetHints":{"allow":["GET"]}}],"collection":[{"href":"https:\/\/megapharm.al\/index.php?rest_route=\/wp\/v2\/product"}],"about":[{"href":"https:\/\/megapharm.al\/index.php?rest_route=\/wp\/v2\/types\/product"}],"replies":[{"embeddable":true,"href":"https:\/\/megapharm.al\/index.php?rest_route=%2Fwp%2Fv2%2Fcomments&post=6455"}],"wp:featuredmedia":[{"embeddable":true,"href":"https:\/\/megapharm.al\/index.php?rest_route=\/wp\/v2\/media\/5732"}],"wp:attachment":[{"href":"https:\/\/megapharm.al\/index.php?rest_route=%2Fwp%2Fv2%2Fmedia&parent=6455"}],"wp:term":[{"taxonomy":"product_cat","embeddable":true,"href":"https:\/\/megapharm.al\/index.php?rest_route=%2Fwp%2Fv2%2Fproduct_cat&post=6455"},{"taxonomy":"product_tag","embeddable":true,"href":"https:\/\/megapharm.al\/index.php?rest_route=%2Fwp%2Fv2%2Fproduct_tag&post=6455"}],"curies":[{"name":"wp","href":"https:\/\/api.w.org\/{rel}","templated":true}]}}