{"id":6454,"date":"2021-01-24T10:36:45","date_gmt":"2021-01-24T10:36:45","guid":{"rendered":"http:\/\/megapharm.al\/index.php\/product\/import-placeholder-for-2645\/"},"modified":"2021-01-24T10:36:50","modified_gmt":"2021-01-24T10:36:50","slug":"purifying-mattifying-rebalancing-anti-age-face-cream","status":"publish","type":"product","link":"https:\/\/megapharm.al\/?product=purifying-mattifying-rebalancing-anti-age-face-cream","title":{"rendered":"Purifying mattifying rebalancing anti-age face cream"},"content":{"rendered":"<p>Krem-xhel me nj\u00eb tekstur\u00eb shum\u00eb t\u00eb leht\u00eb.. E p\u00ebrshtatshme si trajtim kund\u00ebr plakjes, riekuilibrues p\u00ebr l\u00ebkurat mikse dhe t\u00eb yndyrshme.<\/p>\n<p>Produkti \u00ebsht\u00eb i pasur me Lacctococcus Lactis dhe nj\u00eb Prebiotik si mb\u00ebshtet\u00ebs t\u00eb ekosistemit normal t\u00eb l\u00ebkur\u00ebs dhe ekuilibrit t\u00eb barrier\u00ebs hidrolipidike. Vitamina B3, Polyporus officinalis dhe pluhurat matifikues kontribuojn\u00eb n\u00eb normalizimin e prodhimit t\u00eb yndyr\u00ebs, reduktimin e diametrit t\u00eb poreve dhe p\u00ebrthithjen e yndyr\u00ebs s\u00eb tep\u00ebrt. Ekstrakti i sheg\u00ebs favorizon hidratimin, nd\u00ebrsa ekstrakti i orizit ka nj\u00eb veprim rigjenerues dhe kund\u00ebr plakjes.<\/p>\n","protected":false},"excerpt":{"rendered":"<p>Krem-xhel me nj\u00eb tekstur\u00eb shum\u00eb t\u00eb leht\u00eb.. E p\u00ebrshtatshme si trajtim kund\u00ebr plakjes, riekuilibrues p\u00ebr l\u00ebkurat mikse dhe t\u00eb yndyrshme.<\/p>\n<p>Produkti \u00ebsht\u00eb i pasur me Lacctococcus Lactis dhe nj\u00eb Prebiotik si mb\u00ebshtet\u00ebs t\u00eb ekosistemit normal t\u00eb l\u00ebkur\u00ebs dhe ekuilibrit t\u00eb barrier\u00ebs hidrolipidike. Vitamina B3, Polyporus officinalis dhe pluhurat matifikues kontribuojn\u00eb n\u00eb normalizimin e prodhimit t\u00eb yndyr\u00ebs, reduktimin e diametrit t\u00eb poreve dhe p\u00ebrthithjen e yndyr\u00ebs s\u00eb tep\u00ebrt. Ekstrakti i sheg\u00ebs favorizon hidratimin, nd\u00ebrsa ekstrakti i orizit ka nj\u00eb veprim rigjenerues dhe kund\u00ebr plakjes.<\/p>\n","protected":false},"featured_media":5731,"comment_status":"open","ping_status":"closed","template":"","meta":[],"product_cat":[124],"product_tag":[],"class_list":{"0":"post-6454","1":"product","2":"type-product","3":"status-publish","4":"has-post-thumbnail","6":"product_cat-korff","8":"first","9":"instock","10":"shipping-taxable","11":"product-type-simple"},"_links":{"self":[{"href":"https:\/\/megapharm.al\/index.php?rest_route=\/wp\/v2\/product\/6454","targetHints":{"allow":["GET"]}}],"collection":[{"href":"https:\/\/megapharm.al\/index.php?rest_route=\/wp\/v2\/product"}],"about":[{"href":"https:\/\/megapharm.al\/index.php?rest_route=\/wp\/v2\/types\/product"}],"replies":[{"embeddable":true,"href":"https:\/\/megapharm.al\/index.php?rest_route=%2Fwp%2Fv2%2Fcomments&post=6454"}],"wp:featuredmedia":[{"embeddable":true,"href":"https:\/\/megapharm.al\/index.php?rest_route=\/wp\/v2\/media\/5731"}],"wp:attachment":[{"href":"https:\/\/megapharm.al\/index.php?rest_route=%2Fwp%2Fv2%2Fmedia&parent=6454"}],"wp:term":[{"taxonomy":"product_cat","embeddable":true,"href":"https:\/\/megapharm.al\/index.php?rest_route=%2Fwp%2Fv2%2Fproduct_cat&post=6454"},{"taxonomy":"product_tag","embeddable":true,"href":"https:\/\/megapharm.al\/index.php?rest_route=%2Fwp%2Fv2%2Fproduct_tag&post=6454"}],"curies":[{"name":"wp","href":"https:\/\/api.w.org\/{rel}","templated":true}]}}