{"id":6416,"date":"2021-01-24T10:36:30","date_gmt":"2021-01-24T10:36:30","guid":{"rendered":"http:\/\/megapharm.al\/index.php\/product\/import-placeholder-for-2606\/"},"modified":"2021-01-24T10:36:36","modified_gmt":"2021-01-24T10:36:36","slug":"protective-gel-spf-50","status":"publish","type":"product","link":"https:\/\/megapharm.al\/?product=protective-gel-spf-50","title":{"rendered":"Protective Gel Spf 50"},"content":{"rendered":"<p>Produkt n\u00eb forme xheli i fresk\u00ebt, delikat dhe leht\u00ebsisht i aplikuesh\u00ebm me arom\u00eb t\u00eb leht\u00eb.<br \/>\nI formuluar me kombinime filtrash komplekse fizike dhe kimike, mund\u00ebson mbrojtjen UVA\/UVB per mbrojtjen e l\u00ebkur\u00ebs dhe fotoplakjen.<br \/>\nMe DNA Safe Complex, Acid Hialuronik, Aloe Vera, Alantoine dhe Pantenol t\u00eb cilat hidratojn\u00eb l\u00ebkur\u00ebn.<br \/>\nRezistent ndaj ujit.<br \/>\nPa derivate.<br \/>\nPa ngjyrues.<br \/>\nJo komedogjenik.<br \/>\nTestuar dermatologjikisht dhe klinikisht. Testuar p\u00ebr Nikel, Krom, Kobalt, M\u00ebrkur dhe Paladium.<\/p>\n","protected":false},"excerpt":{"rendered":"<p>Produkt n\u00eb forme xheli i fresk\u00ebt, delikat dhe leht\u00ebsisht i aplikuesh\u00ebm me arom\u00eb t\u00eb leht\u00eb.<br \/>\nI formuluar me kombinime filtrash komplekse fizike dhe kimike, mund\u00ebson mbrojtjen UVA\/UVB per mbrojtjen e l\u00ebkur\u00ebs dhe fotoplakjen.<br \/>\nMe DNA Safe Complex, Acid Hialuronik, Aloe Vera, Alantoine dhe Pantenol t\u00eb cilat hidratojn\u00eb l\u00ebkur\u00ebn.<br \/>\nRezistent ndaj ujit.<br \/>\nPa derivate.<br \/>\nPa ngjyrues.<br \/>\nJo komedogjenik.<br \/>\nTestuar dermatologjikisht dhe klinikisht. Testuar p\u00ebr Nikel, Krom, Kobalt, M\u00ebrkur dhe Paladium.<\/p>\n","protected":false},"featured_media":5693,"comment_status":"open","ping_status":"closed","template":"","meta":[],"product_cat":[124],"product_tag":[],"class_list":{"0":"post-6416","1":"product","2":"type-product","3":"status-publish","4":"has-post-thumbnail","6":"product_cat-korff","8":"first","9":"instock","10":"shipping-taxable","11":"product-type-simple"},"_links":{"self":[{"href":"https:\/\/megapharm.al\/index.php?rest_route=\/wp\/v2\/product\/6416","targetHints":{"allow":["GET"]}}],"collection":[{"href":"https:\/\/megapharm.al\/index.php?rest_route=\/wp\/v2\/product"}],"about":[{"href":"https:\/\/megapharm.al\/index.php?rest_route=\/wp\/v2\/types\/product"}],"replies":[{"embeddable":true,"href":"https:\/\/megapharm.al\/index.php?rest_route=%2Fwp%2Fv2%2Fcomments&post=6416"}],"wp:featuredmedia":[{"embeddable":true,"href":"https:\/\/megapharm.al\/index.php?rest_route=\/wp\/v2\/media\/5693"}],"wp:attachment":[{"href":"https:\/\/megapharm.al\/index.php?rest_route=%2Fwp%2Fv2%2Fmedia&parent=6416"}],"wp:term":[{"taxonomy":"product_cat","embeddable":true,"href":"https:\/\/megapharm.al\/index.php?rest_route=%2Fwp%2Fv2%2Fproduct_cat&post=6416"},{"taxonomy":"product_tag","embeddable":true,"href":"https:\/\/megapharm.al\/index.php?rest_route=%2Fwp%2Fv2%2Fproduct_tag&post=6416"}],"curies":[{"name":"wp","href":"https:\/\/api.w.org\/{rel}","templated":true}]}}