{"id":6415,"date":"2021-01-24T10:36:30","date_gmt":"2021-01-24T10:36:30","guid":{"rendered":"http:\/\/megapharm.al\/index.php\/product\/import-placeholder-for-2605\/"},"modified":"2021-01-24T10:36:36","modified_gmt":"2021-01-24T10:36:36","slug":"sun-secret-after-sun-body-oil","status":"publish","type":"product","link":"https:\/\/megapharm.al\/?product=sun-secret-after-sun-body-oil","title":{"rendered":"Sun Secret After Sun Body Oil"},"content":{"rendered":"<p>Vaji i trupit me efekt t\u00eb leht\u00eb, i but\u00eb dhe me prekje t\u00eb that\u00eb i p\u00ebrdorsh\u00ebm pas ekzpozimit n\u00eb diell.<br \/>\nE pasur me formulen DNA Safe Complex mund\u00ebson zbutjen dhe qet\u00ebsimin e l\u00ebkur\u00ebs pas ekspozimit n\u00eb diell.<br \/>\nP\u00ebrdorimi<br \/>\nAplikojeni n\u00eb t\u00eb gjith\u00eb trupin pas ekspozimit n\u00eb diell p\u00ebr nj\u00eb ndjesi t\u00eb menj\u00ebhershme leht\u00ebsimi dhe qet\u00ebsie.<br \/>\nTestuar dermatologjikisht dhe klinikisht. Testuar p\u00ebr Nikel, Krom, Kobalt, M\u00ebrkur dhe Paladium.<\/p>\n","protected":false},"excerpt":{"rendered":"<p>Vaji i trupit me efekt t\u00eb leht\u00eb, i but\u00eb dhe me prekje t\u00eb that\u00eb i p\u00ebrdorsh\u00ebm pas ekzpozimit n\u00eb diell.<br \/>\nE pasur me formulen DNA Safe Complex mund\u00ebson zbutjen dhe qet\u00ebsimin e l\u00ebkur\u00ebs pas ekspozimit n\u00eb diell.<br \/>\nP\u00ebrdorimi<br \/>\nAplikojeni n\u00eb t\u00eb gjith\u00eb trupin pas ekspozimit n\u00eb diell p\u00ebr nj\u00eb ndjesi t\u00eb menj\u00ebhershme leht\u00ebsimi dhe qet\u00ebsie.<br \/>\nTestuar dermatologjikisht dhe klinikisht. Testuar p\u00ebr Nikel, Krom, Kobalt, M\u00ebrkur dhe Paladium.<\/p>\n","protected":false},"featured_media":5692,"comment_status":"open","ping_status":"closed","template":"","meta":[],"product_cat":[124],"product_tag":[],"class_list":{"0":"post-6415","1":"product","2":"type-product","3":"status-publish","4":"has-post-thumbnail","6":"product_cat-korff","8":"first","9":"instock","10":"shipping-taxable","11":"product-type-simple"},"_links":{"self":[{"href":"https:\/\/megapharm.al\/index.php?rest_route=\/wp\/v2\/product\/6415","targetHints":{"allow":["GET"]}}],"collection":[{"href":"https:\/\/megapharm.al\/index.php?rest_route=\/wp\/v2\/product"}],"about":[{"href":"https:\/\/megapharm.al\/index.php?rest_route=\/wp\/v2\/types\/product"}],"replies":[{"embeddable":true,"href":"https:\/\/megapharm.al\/index.php?rest_route=%2Fwp%2Fv2%2Fcomments&post=6415"}],"wp:featuredmedia":[{"embeddable":true,"href":"https:\/\/megapharm.al\/index.php?rest_route=\/wp\/v2\/media\/5692"}],"wp:attachment":[{"href":"https:\/\/megapharm.al\/index.php?rest_route=%2Fwp%2Fv2%2Fmedia&parent=6415"}],"wp:term":[{"taxonomy":"product_cat","embeddable":true,"href":"https:\/\/megapharm.al\/index.php?rest_route=%2Fwp%2Fv2%2Fproduct_cat&post=6415"},{"taxonomy":"product_tag","embeddable":true,"href":"https:\/\/megapharm.al\/index.php?rest_route=%2Fwp%2Fv2%2Fproduct_tag&post=6415"}],"curies":[{"name":"wp","href":"https:\/\/api.w.org\/{rel}","templated":true}]}}