{"id":6405,"date":"2021-01-24T10:36:29","date_gmt":"2021-01-24T10:36:29","guid":{"rendered":"http:\/\/megapharm.al\/index.php\/product\/import-placeholder-for-2595\/"},"modified":"2021-01-24T10:36:34","modified_gmt":"2021-01-24T10:36:34","slug":"sun-secret-fluid-sun-cream-protective-anti-age-spf-50","status":"publish","type":"product","link":"https:\/\/megapharm.al\/?product=sun-secret-fluid-sun-cream-protective-anti-age-spf-50","title":{"rendered":"Sun Secret Fluid Sun Cream Protective &amp; Anti-age SPF 50"},"content":{"rendered":"<p>Sun Secret Fluid Sun Cream Protective &amp; Anti-age SPF 50 eshte nj\u00eb emulsion me texture t\u00eb leht\u00eb, fluide e cila siguron mbrojtje maksimale ndaj rrezeve t\u00eb diellit (Spf 50) Ne saj\u00eb t\u00eb kombinimit t\u00eb kompleksit DNA-Safe dhe substancave me vetihidratuese, kjo formul\u00eb mbron l\u00ebkur\u00ebn nga ekspozimin n\u00ebdiell, hidraton l\u00ebkur\u00ebn, parandalon formimin e rrudhave dhelufton foto-plakjen.<br \/>\nRezistent ndaj ujit.<br \/>\nJo komedogjenik.<br \/>\nTestuar dermatologjikisht dhe klinikisht. Testuar p\u00ebr Nikel, Krom, Kobalt, M\u00ebrkur dhe Paladium.<\/p>\n","protected":false},"excerpt":{"rendered":"<p>Sun Secret Fluid Sun Cream Protective &amp; Anti-age SPF 50 eshte nj\u00eb emulsion me texture t\u00eb leht\u00eb, fluide e cila siguron mbrojtje maksimale ndaj rrezeve t\u00eb diellit (Spf 50) Ne saj\u00eb t\u00eb kombinimit t\u00eb kompleksit DNA-Safe dhe substancave me vetihidratuese, kjo formul\u00eb mbron l\u00ebkur\u00ebn nga ekspozimin n\u00ebdiell, hidraton l\u00ebkur\u00ebn, parandalon formimin e rrudhave dhelufton foto-plakjen.<br \/>\nRezistent ndaj ujit.<br \/>\nJo komedogjenik.<br \/>\nTestuar dermatologjikisht dhe klinikisht. Testuar p\u00ebr Nikel, Krom, Kobalt, M\u00ebrkur dhe Paladium.<\/p>\n","protected":false},"featured_media":5677,"comment_status":"open","ping_status":"closed","template":"","meta":[],"product_cat":[124],"product_tag":[],"class_list":{"0":"post-6405","1":"product","2":"type-product","3":"status-publish","4":"has-post-thumbnail","6":"product_cat-korff","8":"first","9":"instock","10":"shipping-taxable","11":"product-type-simple"},"_links":{"self":[{"href":"https:\/\/megapharm.al\/index.php?rest_route=\/wp\/v2\/product\/6405","targetHints":{"allow":["GET"]}}],"collection":[{"href":"https:\/\/megapharm.al\/index.php?rest_route=\/wp\/v2\/product"}],"about":[{"href":"https:\/\/megapharm.al\/index.php?rest_route=\/wp\/v2\/types\/product"}],"replies":[{"embeddable":true,"href":"https:\/\/megapharm.al\/index.php?rest_route=%2Fwp%2Fv2%2Fcomments&post=6405"}],"wp:featuredmedia":[{"embeddable":true,"href":"https:\/\/megapharm.al\/index.php?rest_route=\/wp\/v2\/media\/5677"}],"wp:attachment":[{"href":"https:\/\/megapharm.al\/index.php?rest_route=%2Fwp%2Fv2%2Fmedia&parent=6405"}],"wp:term":[{"taxonomy":"product_cat","embeddable":true,"href":"https:\/\/megapharm.al\/index.php?rest_route=%2Fwp%2Fv2%2Fproduct_cat&post=6405"},{"taxonomy":"product_tag","embeddable":true,"href":"https:\/\/megapharm.al\/index.php?rest_route=%2Fwp%2Fv2%2Fproduct_tag&post=6405"}],"curies":[{"name":"wp","href":"https:\/\/api.w.org\/{rel}","templated":true}]}}