{"id":6404,"date":"2021-01-24T10:36:29","date_gmt":"2021-01-24T10:36:29","guid":{"rendered":"http:\/\/megapharm.al\/index.php\/product\/import-placeholder-for-2594\/"},"modified":"2024-10-21T19:09:28","modified_gmt":"2024-10-21T19:09:28","slug":"sun-secret-fluid-sun-cream-protective-anti-age-spf-15","status":"publish","type":"product","link":"https:\/\/megapharm.al\/?product=sun-secret-fluid-sun-cream-protective-anti-age-spf-15","title":{"rendered":"Sun Secret Fluid Sun Cream Protective &amp; Anti-age SPF 15"},"content":{"rendered":"<p>Sun Secret Fluid Sun Cream Protective &amp; Anti-age SPF 15 eshte nj\u00eb emulsion me nj\u00eb texture t\u00eb leht\u00eb, fluide mbrojt\u00ebse ndaj rrezeve t\u00eb diellit (Spf 15). N\u00eb saj\u00eb t\u00eb kombinimit t\u00eb kompleksit DNA-Safe dhe substancave me veti hidratuese, kjo formul\u00eb mbron l\u00ebkur\u00ebn nga ekspozimi n\u00eb diell, hidraton l\u00ebkur\u00ebn, parandalon formimin e rrudhave dhe lufton foto-plakjen.<br \/>\nRezistent ndaj ujit.<br \/>\nJo komedogjenik.<br \/>\nTestuar dermatologjikisht dhe klinikisht. Testuar p\u00ebr Nikel, Krom, Kobalt, M\u00ebrkur dhe Paladium.<\/p>\n","protected":false},"excerpt":{"rendered":"<p>Sun Secret Fluid Sun Cream Protective &amp; Anti-age SPF 15 eshte nj\u00eb emulsion me nj\u00eb texture t\u00eb leht\u00eb, fluide mbrojt\u00ebse ndaj rrezeve t\u00eb diellit (Spf 15). N\u00eb saj\u00eb t\u00eb kombinimit t\u00eb kompleksit DNA-Safe dhe substancave me veti hidratuese, kjo formul\u00eb mbron l\u00ebkur\u00ebn nga ekspozimi n\u00eb diell, hidraton l\u00ebkur\u00ebn, parandalon formimin e rrudhave dhe lufton foto-plakjen.<br \/>\nRezistent ndaj ujit.<br \/>\nJo komedogjenik.<br \/>\nTestuar dermatologjikisht dhe klinikisht. Testuar p\u00ebr Nikel, Krom, Kobalt, M\u00ebrkur dhe Paladium.<\/p>\n","protected":false},"featured_media":5683,"comment_status":"open","ping_status":"closed","template":"","meta":[],"product_cat":[124],"product_tag":[],"class_list":{"0":"post-6404","1":"product","2":"type-product","3":"status-publish","4":"has-post-thumbnail","6":"product_cat-korff","8":"first","9":"instock","10":"shipping-taxable","11":"product-type-simple"},"_links":{"self":[{"href":"https:\/\/megapharm.al\/index.php?rest_route=\/wp\/v2\/product\/6404","targetHints":{"allow":["GET"]}}],"collection":[{"href":"https:\/\/megapharm.al\/index.php?rest_route=\/wp\/v2\/product"}],"about":[{"href":"https:\/\/megapharm.al\/index.php?rest_route=\/wp\/v2\/types\/product"}],"replies":[{"embeddable":true,"href":"https:\/\/megapharm.al\/index.php?rest_route=%2Fwp%2Fv2%2Fcomments&post=6404"}],"wp:featuredmedia":[{"embeddable":true,"href":"https:\/\/megapharm.al\/index.php?rest_route=\/wp\/v2\/media\/5683"}],"wp:attachment":[{"href":"https:\/\/megapharm.al\/index.php?rest_route=%2Fwp%2Fv2%2Fmedia&parent=6404"}],"wp:term":[{"taxonomy":"product_cat","embeddable":true,"href":"https:\/\/megapharm.al\/index.php?rest_route=%2Fwp%2Fv2%2Fproduct_cat&post=6404"},{"taxonomy":"product_tag","embeddable":true,"href":"https:\/\/megapharm.al\/index.php?rest_route=%2Fwp%2Fv2%2Fproduct_tag&post=6404"}],"curies":[{"name":"wp","href":"https:\/\/api.w.org\/{rel}","templated":true}]}}