{"id":6402,"date":"2021-01-24T10:36:21","date_gmt":"2021-01-24T10:36:21","guid":{"rendered":"http:\/\/megapharm.al\/index.php\/product\/import-placeholder-for-2592\/"},"modified":"2021-01-24T10:36:27","modified_gmt":"2021-01-24T10:36:27","slug":"spray-oil-dry-touch-spf-50","status":"publish","type":"product","link":"https:\/\/megapharm.al\/?product=spray-oil-dry-touch-spf-50","title":{"rendered":"Spray Oil Dry Touch Spf 50"},"content":{"rendered":"<p>Vaji i that\u00eb n\u00eb form\u00eb spray me mbrojtje t\u00eb lart\u00eb, i leht\u00eb dhe i fresk\u00ebt p\u00ebr trupin. Formula inovative, me DNA-Safe Complex mbron l\u00ebkur\u00ebn nga rrezatimi diellor, ndalon foto-plakjen dhe gjithashtu rehati dhe elasticitet p\u00ebr lekur\u00ebn e ekspozuar n\u00eb diell.<br \/>\nP\u00ebrhapet n\u00eb t\u00eb gjith\u00eb trupin t\u00eb pakt\u00ebn 30 minuta para ekspozimit n\u00eb diell. P\u00ebrs\u00ebritet vazhdimisht disa her\u00eb brenda dit\u00ebs.<br \/>\nRezistent ndaj ujit. Pa paraben dhe ngjyrues. Testuar p\u00ebr Nikel, Krom, Kobalt, Paladium dhe M\u00ebrkur.<\/p>\n","protected":false},"excerpt":{"rendered":"<p>Vaji i that\u00eb n\u00eb form\u00eb spray me mbrojtje t\u00eb lart\u00eb, i leht\u00eb dhe i fresk\u00ebt p\u00ebr trupin. Formula inovative, me DNA-Safe Complex mbron l\u00ebkur\u00ebn nga rrezatimi diellor, ndalon foto-plakjen dhe gjithashtu rehati dhe elasticitet p\u00ebr lekur\u00ebn e ekspozuar n\u00eb diell.<br \/>\nP\u00ebrhapet n\u00eb t\u00eb gjith\u00eb trupin t\u00eb pakt\u00ebn 30 minuta para ekspozimit n\u00eb diell. P\u00ebrs\u00ebritet vazhdimisht disa her\u00eb brenda dit\u00ebs.<br \/>\nRezistent ndaj ujit. Pa paraben dhe ngjyrues. Testuar p\u00ebr Nikel, Krom, Kobalt, Paladium dhe M\u00ebrkur.<\/p>\n","protected":false},"featured_media":5681,"comment_status":"open","ping_status":"closed","template":"","meta":[],"product_cat":[124],"product_tag":[],"class_list":{"0":"post-6402","1":"product","2":"type-product","3":"status-publish","4":"has-post-thumbnail","6":"product_cat-korff","8":"first","9":"instock","10":"shipping-taxable","11":"product-type-simple"},"_links":{"self":[{"href":"https:\/\/megapharm.al\/index.php?rest_route=\/wp\/v2\/product\/6402","targetHints":{"allow":["GET"]}}],"collection":[{"href":"https:\/\/megapharm.al\/index.php?rest_route=\/wp\/v2\/product"}],"about":[{"href":"https:\/\/megapharm.al\/index.php?rest_route=\/wp\/v2\/types\/product"}],"replies":[{"embeddable":true,"href":"https:\/\/megapharm.al\/index.php?rest_route=%2Fwp%2Fv2%2Fcomments&post=6402"}],"wp:featuredmedia":[{"embeddable":true,"href":"https:\/\/megapharm.al\/index.php?rest_route=\/wp\/v2\/media\/5681"}],"wp:attachment":[{"href":"https:\/\/megapharm.al\/index.php?rest_route=%2Fwp%2Fv2%2Fmedia&parent=6402"}],"wp:term":[{"taxonomy":"product_cat","embeddable":true,"href":"https:\/\/megapharm.al\/index.php?rest_route=%2Fwp%2Fv2%2Fproduct_cat&post=6402"},{"taxonomy":"product_tag","embeddable":true,"href":"https:\/\/megapharm.al\/index.php?rest_route=%2Fwp%2Fv2%2Fproduct_tag&post=6402"}],"curies":[{"name":"wp","href":"https:\/\/api.w.org\/{rel}","templated":true}]}}