{"id":6401,"date":"2021-01-24T10:36:21","date_gmt":"2021-01-24T10:36:21","guid":{"rendered":"http:\/\/megapharm.al\/index.php\/product\/import-placeholder-for-2591\/"},"modified":"2021-01-24T10:36:27","modified_gmt":"2021-01-24T10:36:27","slug":"sun-oil-spray-body-and-hair-spf-30","status":"publish","type":"product","link":"https:\/\/megapharm.al\/?product=sun-oil-spray-body-and-hair-spf-30","title":{"rendered":"Sun Oil Spray Body And Hair SPF 30"},"content":{"rendered":"<p>Vaj per flok\u00eb dhe trup me mbrojtje t\u00eb lart\u00eb. Ka n\u00eb p\u00ebrb\u00ebrjen e tij aktive hidratues dhe ushqyes. Ka nj\u00eb mbrojtje t\u00eb shum\u00ebfisht\u00eb. Mbron nga rrezet e diellit, era, r\u00ebra, klori.<br \/>\nI testuar klinikisht dhe dermatologjikisht.<br \/>\nRezistent ndaj ujit. Pa paraben dhe ngjyrues. Testuar p\u00ebr Nikel, Krom, Kobalt, Paladium dhe M\u00ebrkur.<\/p>\n","protected":false},"excerpt":{"rendered":"<p>Vaj per flok\u00eb dhe trup me mbrojtje t\u00eb lart\u00eb. Ka n\u00eb p\u00ebrb\u00ebrjen e tij aktive hidratues dhe ushqyes. Ka nj\u00eb mbrojtje t\u00eb shum\u00ebfisht\u00eb. Mbron nga rrezet e diellit, era, r\u00ebra, klori.<br \/>\nI testuar klinikisht dhe dermatologjikisht.<br \/>\nRezistent ndaj ujit. Pa paraben dhe ngjyrues. Testuar p\u00ebr Nikel, Krom, Kobalt, Paladium dhe M\u00ebrkur.<\/p>\n","protected":false},"featured_media":5680,"comment_status":"open","ping_status":"closed","template":"","meta":[],"product_cat":[124],"product_tag":[],"class_list":{"0":"post-6401","1":"product","2":"type-product","3":"status-publish","4":"has-post-thumbnail","6":"product_cat-korff","8":"first","9":"instock","10":"shipping-taxable","11":"product-type-simple"},"_links":{"self":[{"href":"https:\/\/megapharm.al\/index.php?rest_route=\/wp\/v2\/product\/6401","targetHints":{"allow":["GET"]}}],"collection":[{"href":"https:\/\/megapharm.al\/index.php?rest_route=\/wp\/v2\/product"}],"about":[{"href":"https:\/\/megapharm.al\/index.php?rest_route=\/wp\/v2\/types\/product"}],"replies":[{"embeddable":true,"href":"https:\/\/megapharm.al\/index.php?rest_route=%2Fwp%2Fv2%2Fcomments&post=6401"}],"wp:featuredmedia":[{"embeddable":true,"href":"https:\/\/megapharm.al\/index.php?rest_route=\/wp\/v2\/media\/5680"}],"wp:attachment":[{"href":"https:\/\/megapharm.al\/index.php?rest_route=%2Fwp%2Fv2%2Fmedia&parent=6401"}],"wp:term":[{"taxonomy":"product_cat","embeddable":true,"href":"https:\/\/megapharm.al\/index.php?rest_route=%2Fwp%2Fv2%2Fproduct_cat&post=6401"},{"taxonomy":"product_tag","embeddable":true,"href":"https:\/\/megapharm.al\/index.php?rest_route=%2Fwp%2Fv2%2Fproduct_tag&post=6401"}],"curies":[{"name":"wp","href":"https:\/\/api.w.org\/{rel}","templated":true}]}}