{"id":6397,"date":"2021-01-24T10:36:20","date_gmt":"2021-01-24T10:36:20","guid":{"rendered":"http:\/\/megapharm.al\/index.php\/product\/import-placeholder-for-2587\/"},"modified":"2021-01-24T10:36:26","modified_gmt":"2021-01-24T10:36:26","slug":"sun-secret-sensorial-matt-fluid-sun-cream-spf-30","status":"publish","type":"product","link":"https:\/\/megapharm.al\/?product=sun-secret-sensorial-matt-fluid-sun-cream-spf-30","title":{"rendered":"Sun Secret  Sensorial-Matt Fluid Sun Cream SPF 30"},"content":{"rendered":"<p>Sun Secret Sensorial-Matt Fluid Sun Cream SPF 30 \u00ebsht\u00eb krem fytyre mbrojt\u00ebs ndaj rrezeve dhe anti-age. Ka nj\u00eb teksture t\u00eb leht\u00eb. Mbron l\u00ebkur\u00ebn nga rrezet e diellit dhe fotoplakja, parandalon rrudhat dhe hidraton l\u00ebkur\u00ebn fal\u00eb kompleksit inovativ DNA-Safe.<br \/>\nRezistent ndaj ujit.<br \/>\nPa konservues. Jo komedogjenik.<br \/>\nTestuar dermatologjikisht dhe klinikisht. Testuar p\u00ebr nikel, krom, kobalt, m\u00ebrkur<\/p>\n","protected":false},"excerpt":{"rendered":"<p>Sun Secret Sensorial-Matt Fluid Sun Cream SPF 30 \u00ebsht\u00eb krem fytyre mbrojt\u00ebs ndaj rrezeve dhe anti-age. Ka nj\u00eb teksture t\u00eb leht\u00eb. Mbron l\u00ebkur\u00ebn nga rrezet e diellit dhe fotoplakja, parandalon rrudhat dhe hidraton l\u00ebkur\u00ebn fal\u00eb kompleksit inovativ DNA-Safe.<br \/>\nRezistent ndaj ujit.<br \/>\nPa konservues. Jo komedogjenik.<br \/>\nTestuar dermatologjikisht dhe klinikisht. Testuar p\u00ebr nikel, krom, kobalt, m\u00ebrkur<\/p>\n","protected":false},"featured_media":5676,"comment_status":"open","ping_status":"closed","template":"","meta":[],"product_cat":[124],"product_tag":[],"class_list":{"0":"post-6397","1":"product","2":"type-product","3":"status-publish","4":"has-post-thumbnail","6":"product_cat-korff","8":"first","9":"instock","10":"shipping-taxable","11":"product-type-simple"},"_links":{"self":[{"href":"https:\/\/megapharm.al\/index.php?rest_route=\/wp\/v2\/product\/6397","targetHints":{"allow":["GET"]}}],"collection":[{"href":"https:\/\/megapharm.al\/index.php?rest_route=\/wp\/v2\/product"}],"about":[{"href":"https:\/\/megapharm.al\/index.php?rest_route=\/wp\/v2\/types\/product"}],"replies":[{"embeddable":true,"href":"https:\/\/megapharm.al\/index.php?rest_route=%2Fwp%2Fv2%2Fcomments&post=6397"}],"wp:featuredmedia":[{"embeddable":true,"href":"https:\/\/megapharm.al\/index.php?rest_route=\/wp\/v2\/media\/5676"}],"wp:attachment":[{"href":"https:\/\/megapharm.al\/index.php?rest_route=%2Fwp%2Fv2%2Fmedia&parent=6397"}],"wp:term":[{"taxonomy":"product_cat","embeddable":true,"href":"https:\/\/megapharm.al\/index.php?rest_route=%2Fwp%2Fv2%2Fproduct_cat&post=6397"},{"taxonomy":"product_tag","embeddable":true,"href":"https:\/\/megapharm.al\/index.php?rest_route=%2Fwp%2Fv2%2Fproduct_tag&post=6397"}],"curies":[{"name":"wp","href":"https:\/\/api.w.org\/{rel}","templated":true}]}}