{"id":6301,"date":"2021-01-24T10:35:39","date_gmt":"2021-01-24T10:35:39","guid":{"rendered":"http:\/\/megapharm.al\/index.php\/product\/import-placeholder-for-2481\/"},"modified":"2021-01-24T10:35:45","modified_gmt":"2021-01-24T10:35:45","slug":"dermastir-luxury-zinc-mask","status":"publish","type":"product","link":"https:\/\/megapharm.al\/?product=dermastir-luxury-zinc-mask","title":{"rendered":"DERMASTIR LUXURY ZINC MASK"},"content":{"rendered":"<p>Mask\u00eb zinku 50 ml<\/p>\n<p>Mask\u00eb riparuese intensive e t\u00eb gjitha shtresave te l\u00ebkures. Efekti i saj riparues \u00ebsht\u00eb m\u00eb i fuqish\u00ebm se ai i kremit t\u00eb nat\u00ebs.<\/p>\n<p>P\u00ebrb\u00ebr\u00ebsit: Oksid zinku.<\/p>\n<p>P\u00ebrdorimi:Aplikojeni 2 her\u00eb n\u00eb jav\u00eb n\u00eb l\u00ebkur\u00eb te past\u00ebr n\u00eb fytyr\u00eb qaf\u00eb dhe dekolte. Shmangni zon\u00ebn p\u00ebrreth syve.<\/p>\n","protected":false},"excerpt":{"rendered":"<p>Mask\u00eb zinku 50 ml<\/p>\n<p>Mask\u00eb riparuese intensive e t\u00eb gjitha shtresave te l\u00ebkures. Efekti i saj riparues \u00ebsht\u00eb m\u00eb i fuqish\u00ebm se ai i kremit t\u00eb nat\u00ebs.<\/p>\n<p>P\u00ebrb\u00ebr\u00ebsit: Oksid zinku.<\/p>\n<p>P\u00ebrdorimi:Aplikojeni 2 her\u00eb n\u00eb jav\u00eb n\u00eb l\u00ebkur\u00eb te past\u00ebr n\u00eb fytyr\u00eb qaf\u00eb dhe dekolte. Shmangni zon\u00ebn p\u00ebrreth syve.<\/p>\n","protected":false},"featured_media":5571,"comment_status":"open","ping_status":"closed","template":"","meta":[],"product_cat":[126],"product_tag":[],"class_list":{"0":"post-6301","1":"product","2":"type-product","3":"status-publish","4":"has-post-thumbnail","6":"product_cat-dermastir","8":"first","9":"instock","10":"shipping-taxable","11":"product-type-simple"},"_links":{"self":[{"href":"https:\/\/megapharm.al\/index.php?rest_route=\/wp\/v2\/product\/6301","targetHints":{"allow":["GET"]}}],"collection":[{"href":"https:\/\/megapharm.al\/index.php?rest_route=\/wp\/v2\/product"}],"about":[{"href":"https:\/\/megapharm.al\/index.php?rest_route=\/wp\/v2\/types\/product"}],"replies":[{"embeddable":true,"href":"https:\/\/megapharm.al\/index.php?rest_route=%2Fwp%2Fv2%2Fcomments&post=6301"}],"wp:featuredmedia":[{"embeddable":true,"href":"https:\/\/megapharm.al\/index.php?rest_route=\/wp\/v2\/media\/5571"}],"wp:attachment":[{"href":"https:\/\/megapharm.al\/index.php?rest_route=%2Fwp%2Fv2%2Fmedia&parent=6301"}],"wp:term":[{"taxonomy":"product_cat","embeddable":true,"href":"https:\/\/megapharm.al\/index.php?rest_route=%2Fwp%2Fv2%2Fproduct_cat&post=6301"},{"taxonomy":"product_tag","embeddable":true,"href":"https:\/\/megapharm.al\/index.php?rest_route=%2Fwp%2Fv2%2Fproduct_tag&post=6301"}],"curies":[{"name":"wp","href":"https:\/\/api.w.org\/{rel}","templated":true}]}}