{"id":6299,"date":"2021-01-24T10:35:38","date_gmt":"2021-01-24T10:35:38","guid":{"rendered":"http:\/\/megapharm.al\/index.php\/product\/import-placeholder-for-2479\/"},"modified":"2021-01-24T10:35:44","modified_gmt":"2021-01-24T10:35:44","slug":"dermastir-droper-whitening","status":"publish","type":"product","link":"https:\/\/megapharm.al\/?product=dermastir-droper-whitening","title":{"rendered":"DERMASTIR DROPER WHITENING"},"content":{"rendered":"<p>Serum zbardhues\u00a0\u00a0 30 ml<\/p>\n<p>Serum zbardhuesi i \u00a0njollave kafe. Nj\u00ebtrajt\u00ebson nuanc\u00ebn e l\u00ebkur\u00ebs dhe nj\u00ebkoh\u00ebsisht mbron l\u00ebkur\u00ebn nga intensifikimi njollave.<\/p>\n<p>P\u00ebrdorimi: Aplikoni 2 deri n\u00eb 3 pika serum n\u00eb zonat ku jan\u00eb t\u00eb shfaqura njollat ose aty ku kan\u00eb tendenc\u00eb.<\/p>\n","protected":false},"excerpt":{"rendered":"<p>Serum zbardhues\u00a0\u00a0 30 ml<\/p>\n<p>Serum zbardhuesi i \u00a0njollave kafe. Nj\u00ebtrajt\u00ebson nuanc\u00ebn e l\u00ebkur\u00ebs dhe nj\u00ebkoh\u00ebsisht mbron l\u00ebkur\u00ebn nga intensifikimi njollave.<\/p>\n<p>P\u00ebrdorimi: Aplikoni 2 deri n\u00eb 3 pika serum n\u00eb zonat ku jan\u00eb t\u00eb shfaqura njollat ose aty ku kan\u00eb tendenc\u00eb.<\/p>\n","protected":false},"featured_media":5569,"comment_status":"open","ping_status":"closed","template":"","meta":[],"product_cat":[126],"product_tag":[],"class_list":{"0":"post-6299","1":"product","2":"type-product","3":"status-publish","4":"has-post-thumbnail","6":"product_cat-dermastir","8":"first","9":"instock","10":"shipping-taxable","11":"product-type-simple"},"_links":{"self":[{"href":"https:\/\/megapharm.al\/index.php?rest_route=\/wp\/v2\/product\/6299","targetHints":{"allow":["GET"]}}],"collection":[{"href":"https:\/\/megapharm.al\/index.php?rest_route=\/wp\/v2\/product"}],"about":[{"href":"https:\/\/megapharm.al\/index.php?rest_route=\/wp\/v2\/types\/product"}],"replies":[{"embeddable":true,"href":"https:\/\/megapharm.al\/index.php?rest_route=%2Fwp%2Fv2%2Fcomments&post=6299"}],"wp:featuredmedia":[{"embeddable":true,"href":"https:\/\/megapharm.al\/index.php?rest_route=\/wp\/v2\/media\/5569"}],"wp:attachment":[{"href":"https:\/\/megapharm.al\/index.php?rest_route=%2Fwp%2Fv2%2Fmedia&parent=6299"}],"wp:term":[{"taxonomy":"product_cat","embeddable":true,"href":"https:\/\/megapharm.al\/index.php?rest_route=%2Fwp%2Fv2%2Fproduct_cat&post=6299"},{"taxonomy":"product_tag","embeddable":true,"href":"https:\/\/megapharm.al\/index.php?rest_route=%2Fwp%2Fv2%2Fproduct_tag&post=6299"}],"curies":[{"name":"wp","href":"https:\/\/api.w.org\/{rel}","templated":true}]}}