{"id":6298,"date":"2021-01-24T10:35:38","date_gmt":"2021-01-24T10:35:38","guid":{"rendered":"http:\/\/megapharm.al\/index.php\/product\/import-placeholder-for-2478\/"},"modified":"2024-10-28T13:37:31","modified_gmt":"2024-10-28T13:37:31","slug":"dermastir-autodroper-rich-nutrition","status":"publish","type":"product","link":"https:\/\/megapharm.al\/?product=dermastir-autodroper-rich-nutrition","title":{"rendered":"DERMASTIR AUTODROPER RICH NUTRITION"},"content":{"rendered":"<p>Serum ushqyes i pasur\u00a0 30 ml<\/p>\n<p>Serum me pika i cili parandalon procesin e degradimit t\u00eb kolagjenit, nxit hidratimin dhe forcimin e barrieres natyrale t\u00eb l\u00ebkur\u00ebs.<\/p>\n<p>P\u00ebrb\u00ebr\u00ebsit: Glicerine, acid hialuronik, haviar, minerale, Vitamine E.<\/p>\n<p>P\u00ebrdorimi: Aplikojeni cdo mengjes\u00a0 n\u00eb fytyr\u00eb, qaf\u00eb dhe dekolte dhe riaplikoheni disa here gjat\u00eb dit\u00ebs n\u00ebse \u00ebsht\u00eb e nevojshme. Shmangni kontaktin me syt\u00eb.<\/p>\n","protected":false},"excerpt":{"rendered":"<p>Serum ushqyes i pasur\u00a0 30 ml<\/p>\n<p>Serum me pika i cili parandalon procesin e degradimit t\u00eb kolagjenit, nxit hidratimin dhe forcimin e barrieres natyrale t\u00eb l\u00ebkur\u00ebs.<\/p>\n<p>P\u00ebrb\u00ebr\u00ebsit: Glicerine, acid hialuronik, haviar, minerale, Vitamine E.<\/p>\n<p>P\u00ebrdorimi: Aplikojeni cdo mengjes\u00a0 n\u00eb fytyr\u00eb, qaf\u00eb dhe dekolte dhe riaplikoheni disa here gjat\u00eb dit\u00ebs n\u00ebse \u00ebsht\u00eb e nevojshme. Shmangni kontaktin me syt\u00eb.<\/p>\n","protected":false},"featured_media":5565,"comment_status":"open","ping_status":"closed","template":"","meta":[],"product_cat":[126],"product_tag":[],"class_list":{"0":"post-6298","1":"product","2":"type-product","3":"status-publish","4":"has-post-thumbnail","6":"product_cat-dermastir","8":"first","9":"instock","10":"shipping-taxable","11":"product-type-simple"},"_links":{"self":[{"href":"https:\/\/megapharm.al\/index.php?rest_route=\/wp\/v2\/product\/6298","targetHints":{"allow":["GET"]}}],"collection":[{"href":"https:\/\/megapharm.al\/index.php?rest_route=\/wp\/v2\/product"}],"about":[{"href":"https:\/\/megapharm.al\/index.php?rest_route=\/wp\/v2\/types\/product"}],"replies":[{"embeddable":true,"href":"https:\/\/megapharm.al\/index.php?rest_route=%2Fwp%2Fv2%2Fcomments&post=6298"}],"wp:featuredmedia":[{"embeddable":true,"href":"https:\/\/megapharm.al\/index.php?rest_route=\/wp\/v2\/media\/5565"}],"wp:attachment":[{"href":"https:\/\/megapharm.al\/index.php?rest_route=%2Fwp%2Fv2%2Fmedia&parent=6298"}],"wp:term":[{"taxonomy":"product_cat","embeddable":true,"href":"https:\/\/megapharm.al\/index.php?rest_route=%2Fwp%2Fv2%2Fproduct_cat&post=6298"},{"taxonomy":"product_tag","embeddable":true,"href":"https:\/\/megapharm.al\/index.php?rest_route=%2Fwp%2Fv2%2Fproduct_tag&post=6298"}],"curies":[{"name":"wp","href":"https:\/\/api.w.org\/{rel}","templated":true}]}}