{"id":6293,"date":"2021-01-24T10:35:37","date_gmt":"2021-01-24T10:35:37","guid":{"rendered":"http:\/\/megapharm.al\/index.php\/product\/import-placeholder-for-2408\/"},"modified":"2021-01-24T10:35:43","modified_gmt":"2021-01-24T10:35:43","slug":"dermastir-ampula-acid-kojik-10-x-2-ml","status":"publish","type":"product","link":"https:\/\/megapharm.al\/?product=dermastir-ampula-acid-kojik-10-x-2-ml","title":{"rendered":"DERMASTIR AMPULA ACID KOJIK 10 x 2 ml"},"content":{"rendered":"<p>Ampula me p\u00ebrmbajtje t\u00eb acidit kojik\u00a0 dhe hidrokinoneve t\u00eb cilat kan\u00eb efekt t\u00eb fuqishem ndaj njollave kafe.<\/p>\n<p>P\u00ebrdorimi:\u00a0 Aplikojeni n\u00eb l\u00ebkure duke e masazhuar cdo nj\u00eb jav\u00eb nj\u00eb ampul\u00eb ose cdo tre dit\u00eb p\u00ebr trajtim m\u00eb intensiv.<\/p>\n","protected":false},"excerpt":{"rendered":"<p>Ampula me p\u00ebrmbajtje t\u00eb acidit kojik\u00a0 dhe hidrokinoneve t\u00eb cilat kan\u00eb efekt t\u00eb fuqishem ndaj njollave kafe.<\/p>\n<p>P\u00ebrdorimi:\u00a0 Aplikojeni n\u00eb l\u00ebkure duke e masazhuar cdo nj\u00eb jav\u00eb nj\u00eb ampul\u00eb ose cdo tre dit\u00eb p\u00ebr trajtim m\u00eb intensiv.<\/p>\n","protected":false},"featured_media":5603,"comment_status":"open","ping_status":"closed","template":"","meta":[],"product_cat":[126],"product_tag":[],"class_list":{"0":"post-6293","1":"product","2":"type-product","3":"status-publish","4":"has-post-thumbnail","6":"product_cat-dermastir","8":"first","9":"instock","10":"shipping-taxable","11":"product-type-simple"},"_links":{"self":[{"href":"https:\/\/megapharm.al\/index.php?rest_route=\/wp\/v2\/product\/6293","targetHints":{"allow":["GET"]}}],"collection":[{"href":"https:\/\/megapharm.al\/index.php?rest_route=\/wp\/v2\/product"}],"about":[{"href":"https:\/\/megapharm.al\/index.php?rest_route=\/wp\/v2\/types\/product"}],"replies":[{"embeddable":true,"href":"https:\/\/megapharm.al\/index.php?rest_route=%2Fwp%2Fv2%2Fcomments&post=6293"}],"wp:featuredmedia":[{"embeddable":true,"href":"https:\/\/megapharm.al\/index.php?rest_route=\/wp\/v2\/media\/5603"}],"wp:attachment":[{"href":"https:\/\/megapharm.al\/index.php?rest_route=%2Fwp%2Fv2%2Fmedia&parent=6293"}],"wp:term":[{"taxonomy":"product_cat","embeddable":true,"href":"https:\/\/megapharm.al\/index.php?rest_route=%2Fwp%2Fv2%2Fproduct_cat&post=6293"},{"taxonomy":"product_tag","embeddable":true,"href":"https:\/\/megapharm.al\/index.php?rest_route=%2Fwp%2Fv2%2Fproduct_tag&post=6293"}],"curies":[{"name":"wp","href":"https:\/\/api.w.org\/{rel}","templated":true}]}}