{"id":6292,"date":"2021-01-24T10:35:37","date_gmt":"2021-01-24T10:35:37","guid":{"rendered":"http:\/\/megapharm.al\/index.php\/product\/import-placeholder-for-2407\/"},"modified":"2024-11-03T00:54:39","modified_gmt":"2024-11-03T00:54:39","slug":"dermastir-ampula-qeliza-staminale-nga-lotusi-blu-10-x-2ml","status":"publish","type":"product","link":"https:\/\/megapharm.al\/?product=dermastir-ampula-qeliza-staminale-nga-lotusi-blu-10-x-2ml","title":{"rendered":"DERMASTIR AMPULA  QELIZA STAMINALE NGA LOTUSI BLU  10  x 2ml"},"content":{"rendered":"<p>Ampula me qeliza staminale t\u00eb lotusit blu. Lotusi blu \u00ebsht\u00eb konsideruar nga egjiptianet e lasht\u00eb si\u00a0 burimi i rinis\u00eb. Prania e elementeve ushyes si fitosterole, antioksidante dhe p\u00ebrb\u00ebr\u00ebs t\u00eb tjer\u00eb mundesojn\u00eb efekt rigjenerues t\u00eb shpejt\u00eb, efekt antinflamator si dhe nxites t\u00eb mikroqarkullimit.<\/p>\n<p>P\u00ebrdorimi:\u00a0 Aplikojeni n\u00eb l\u00ebkur\u00eb duke e masazhuar cdo nj\u00eb jav\u00eb nj\u00eb ampul\u00eb ose cdo tre dit\u00eb p\u00ebr trajtim m\u00eb intensiv. Mund ta miksoni me kremin tuaj ose me mask\u00eb.<\/p>\n<p>Kujdes: Mos e ekspozoni veten n\u00eb diell. Mbrohuni me krem me faktor t\u00eb lart\u00eb. Shmang kontaktin me syt\u00eb.<\/p>\n","protected":false},"excerpt":{"rendered":"<p>Ampula me qeliza staminale t\u00eb lotusit blu. Lotusi blu \u00ebsht\u00eb konsideruar nga egjiptianet e lasht\u00eb si\u00a0 burimi i rinis\u00eb. Prania e elementeve ushyes si fitosterole, antioksidante dhe p\u00ebrb\u00ebr\u00ebs t\u00eb tjer\u00eb mundesojn\u00eb efekt rigjenerues t\u00eb shpejt\u00eb, efekt antinflamator si dhe nxites t\u00eb mikroqarkullimit.<\/p>\n<p>P\u00ebrdorimi:\u00a0 Aplikojeni n\u00eb l\u00ebkur\u00eb duke e masazhuar cdo nj\u00eb jav\u00eb nj\u00eb ampul\u00eb ose cdo tre dit\u00eb p\u00ebr trajtim m\u00eb intensiv. Mund ta miksoni me kremin tuaj ose me mask\u00eb.<\/p>\n<p>Kujdes: Mos e ekspozoni veten n\u00eb diell. Mbrohuni me krem me faktor t\u00eb lart\u00eb. Shmang kontaktin me syt\u00eb.<\/p>\n","protected":false},"featured_media":5602,"comment_status":"open","ping_status":"closed","template":"","meta":[],"product_cat":[126],"product_tag":[],"class_list":{"0":"post-6292","1":"product","2":"type-product","3":"status-publish","4":"has-post-thumbnail","6":"product_cat-dermastir","8":"first","9":"instock","10":"shipping-taxable","11":"product-type-simple"},"_links":{"self":[{"href":"https:\/\/megapharm.al\/index.php?rest_route=\/wp\/v2\/product\/6292","targetHints":{"allow":["GET"]}}],"collection":[{"href":"https:\/\/megapharm.al\/index.php?rest_route=\/wp\/v2\/product"}],"about":[{"href":"https:\/\/megapharm.al\/index.php?rest_route=\/wp\/v2\/types\/product"}],"replies":[{"embeddable":true,"href":"https:\/\/megapharm.al\/index.php?rest_route=%2Fwp%2Fv2%2Fcomments&post=6292"}],"wp:featuredmedia":[{"embeddable":true,"href":"https:\/\/megapharm.al\/index.php?rest_route=\/wp\/v2\/media\/5602"}],"wp:attachment":[{"href":"https:\/\/megapharm.al\/index.php?rest_route=%2Fwp%2Fv2%2Fmedia&parent=6292"}],"wp:term":[{"taxonomy":"product_cat","embeddable":true,"href":"https:\/\/megapharm.al\/index.php?rest_route=%2Fwp%2Fv2%2Fproduct_cat&post=6292"},{"taxonomy":"product_tag","embeddable":true,"href":"https:\/\/megapharm.al\/index.php?rest_route=%2Fwp%2Fv2%2Fproduct_tag&post=6292"}],"curies":[{"name":"wp","href":"https:\/\/api.w.org\/{rel}","templated":true}]}}