{"id":6291,"date":"2021-01-24T10:35:37","date_gmt":"2021-01-24T10:35:37","guid":{"rendered":"http:\/\/megapharm.al\/index.php\/product\/import-placeholder-for-2406\/"},"modified":"2021-01-24T10:35:43","modified_gmt":"2021-01-24T10:35:43","slug":"dermastir-ampula-kolagjen-10-x-3ml","status":"publish","type":"product","link":"https:\/\/megapharm.al\/?product=dermastir-ampula-kolagjen-10-x-3ml","title":{"rendered":"DERMASTIR AMPULA KOLAGJEN    10 x 3ml"},"content":{"rendered":"<p>Ampula me kolagjen, nj\u00eb proteinenatyrale q\u00eb luan rrol t\u00eb fuqish\u00ebm n\u00eb ruajtjen e tendosur t\u00eb l\u00ebkur\u00ebs. Kolagjeni prodhohet natyralisht nga lekura, por me kalimin e viteve ka tendence t\u00eb bjer\u00eb prodhimi i tij. Prania e ampules s\u00eb kolagjenit kontribuon n\u00eb t\u00ebrheqjen e l\u00ebkur\u00ebs s\u00eb l\u00ebshuar duke ndihmuar n\u00eb rritjen e tonifikimit.<\/p>\n<p>P\u00ebrdorimi: \u00a0Aplikojeni n\u00eb lekur\u00eb duke e masazhuar cdo nj\u00eb jav\u00eb nj\u00eb ampul\u00eb ose cdo tre dit\u00eb p\u00ebr trajtim m\u00eb intensiv. Mund ta miksoni me kremin tuaj ose me mask\u00eb.<\/p>\n<p>Kujdes: Mos e ekspozoni veten n\u00eb diell. Mbrohuni me krem me faktor t\u00eb lart\u00eb. Shmang kontaktin me syt\u00eb.<\/p>\n","protected":false},"excerpt":{"rendered":"<p>Ampula me kolagjen, nj\u00eb proteinenatyrale q\u00eb luan rrol t\u00eb fuqish\u00ebm n\u00eb ruajtjen e tendosur t\u00eb l\u00ebkur\u00ebs. Kolagjeni prodhohet natyralisht nga lekura, por me kalimin e viteve ka tendence t\u00eb bjer\u00eb prodhimi i tij. Prania e ampules s\u00eb kolagjenit kontribuon n\u00eb t\u00ebrheqjen e l\u00ebkur\u00ebs s\u00eb l\u00ebshuar duke ndihmuar n\u00eb rritjen e tonifikimit.<\/p>\n<p>P\u00ebrdorimi: \u00a0Aplikojeni n\u00eb lekur\u00eb duke e masazhuar cdo nj\u00eb jav\u00eb nj\u00eb ampul\u00eb ose cdo tre dit\u00eb p\u00ebr trajtim m\u00eb intensiv. Mund ta miksoni me kremin tuaj ose me mask\u00eb.<\/p>\n<p>Kujdes: Mos e ekspozoni veten n\u00eb diell. Mbrohuni me krem me faktor t\u00eb lart\u00eb. Shmang kontaktin me syt\u00eb.<\/p>\n","protected":false},"featured_media":5601,"comment_status":"open","ping_status":"closed","template":"","meta":[],"product_cat":[126],"product_tag":[],"class_list":{"0":"post-6291","1":"product","2":"type-product","3":"status-publish","4":"has-post-thumbnail","6":"product_cat-dermastir","8":"first","9":"instock","10":"shipping-taxable","11":"product-type-simple"},"_links":{"self":[{"href":"https:\/\/megapharm.al\/index.php?rest_route=\/wp\/v2\/product\/6291","targetHints":{"allow":["GET"]}}],"collection":[{"href":"https:\/\/megapharm.al\/index.php?rest_route=\/wp\/v2\/product"}],"about":[{"href":"https:\/\/megapharm.al\/index.php?rest_route=\/wp\/v2\/types\/product"}],"replies":[{"embeddable":true,"href":"https:\/\/megapharm.al\/index.php?rest_route=%2Fwp%2Fv2%2Fcomments&post=6291"}],"wp:featuredmedia":[{"embeddable":true,"href":"https:\/\/megapharm.al\/index.php?rest_route=\/wp\/v2\/media\/5601"}],"wp:attachment":[{"href":"https:\/\/megapharm.al\/index.php?rest_route=%2Fwp%2Fv2%2Fmedia&parent=6291"}],"wp:term":[{"taxonomy":"product_cat","embeddable":true,"href":"https:\/\/megapharm.al\/index.php?rest_route=%2Fwp%2Fv2%2Fproduct_cat&post=6291"},{"taxonomy":"product_tag","embeddable":true,"href":"https:\/\/megapharm.al\/index.php?rest_route=%2Fwp%2Fv2%2Fproduct_tag&post=6291"}],"curies":[{"name":"wp","href":"https:\/\/api.w.org\/{rel}","templated":true}]}}