{"id":6290,"date":"2021-01-24T10:35:37","date_gmt":"2021-01-24T10:35:37","guid":{"rendered":"http:\/\/megapharm.al\/index.php\/product\/import-placeholder-for-2405\/"},"modified":"2021-01-24T10:35:42","modified_gmt":"2021-01-24T10:35:42","slug":"dermastir-ampula-vitamine-c-10-x-3ml","status":"publish","type":"product","link":"https:\/\/megapharm.al\/?product=dermastir-ampula-vitamine-c-10-x-3ml","title":{"rendered":"DERMASTIR AMPULA VITAMINE C    10 x 3ml"},"content":{"rendered":"<p>Ampula me vitamine C si nj\u00eb nder antioksidant\u00ebt m\u00eb t\u00eb fuqish\u00ebm kund\u00ebr radikaleve t\u00eb lira. Radikalet e e lira jan\u00eb substanca q\u00eb d\u00ebmtojn\u00eb l\u00ebkur\u00ebn duke e plakur at\u00eb n\u00eb m\u00ebnyr\u00eb t\u00eb parakohshme. Vitamina C merr pjes\u00eb n\u00eb ndertimin e kolagjenit natyral t\u00eb l\u00ebkur\u00ebs. Ka efekt zbardhues gjithashtu.<\/p>\n<p>P\u00ebrdorimi:\u00a0 Aplikojeni n\u00eb lekur\u00eb duke e masazhuar cdo nj\u00eb jav\u00eb nj\u00eb ampul\u00eb ose cdo tre dit\u00eb p\u00ebr trajtim m\u00eb intensiv. Mund ta miksoni me kremin tuaj ose me mask\u00eb.<\/p>\n<p>Kujdes: Mos e ekspozoni veten n\u00eb diell. Mbrohuni me krem me faktor t\u00eb lart\u00eb. Shmang kontaktin me syt\u00eb.<\/p>\n","protected":false},"excerpt":{"rendered":"<p>Ampula me vitamine C si nj\u00eb nder antioksidant\u00ebt m\u00eb t\u00eb fuqish\u00ebm kund\u00ebr radikaleve t\u00eb lira. Radikalet e e lira jan\u00eb substanca q\u00eb d\u00ebmtojn\u00eb l\u00ebkur\u00ebn duke e plakur at\u00eb n\u00eb m\u00ebnyr\u00eb t\u00eb parakohshme. Vitamina C merr pjes\u00eb n\u00eb ndertimin e kolagjenit natyral t\u00eb l\u00ebkur\u00ebs. Ka efekt zbardhues gjithashtu.<\/p>\n<p>P\u00ebrdorimi:\u00a0 Aplikojeni n\u00eb lekur\u00eb duke e masazhuar cdo nj\u00eb jav\u00eb nj\u00eb ampul\u00eb ose cdo tre dit\u00eb p\u00ebr trajtim m\u00eb intensiv. Mund ta miksoni me kremin tuaj ose me mask\u00eb.<\/p>\n<p>Kujdes: Mos e ekspozoni veten n\u00eb diell. Mbrohuni me krem me faktor t\u00eb lart\u00eb. Shmang kontaktin me syt\u00eb.<\/p>\n","protected":false},"featured_media":5600,"comment_status":"open","ping_status":"closed","template":"","meta":[],"product_cat":[126],"product_tag":[],"class_list":{"0":"post-6290","1":"product","2":"type-product","3":"status-publish","4":"has-post-thumbnail","6":"product_cat-dermastir","8":"first","9":"instock","10":"shipping-taxable","11":"product-type-simple"},"_links":{"self":[{"href":"https:\/\/megapharm.al\/index.php?rest_route=\/wp\/v2\/product\/6290","targetHints":{"allow":["GET"]}}],"collection":[{"href":"https:\/\/megapharm.al\/index.php?rest_route=\/wp\/v2\/product"}],"about":[{"href":"https:\/\/megapharm.al\/index.php?rest_route=\/wp\/v2\/types\/product"}],"replies":[{"embeddable":true,"href":"https:\/\/megapharm.al\/index.php?rest_route=%2Fwp%2Fv2%2Fcomments&post=6290"}],"wp:featuredmedia":[{"embeddable":true,"href":"https:\/\/megapharm.al\/index.php?rest_route=\/wp\/v2\/media\/5600"}],"wp:attachment":[{"href":"https:\/\/megapharm.al\/index.php?rest_route=%2Fwp%2Fv2%2Fmedia&parent=6290"}],"wp:term":[{"taxonomy":"product_cat","embeddable":true,"href":"https:\/\/megapharm.al\/index.php?rest_route=%2Fwp%2Fv2%2Fproduct_cat&post=6290"},{"taxonomy":"product_tag","embeddable":true,"href":"https:\/\/megapharm.al\/index.php?rest_route=%2Fwp%2Fv2%2Fproduct_tag&post=6290"}],"curies":[{"name":"wp","href":"https:\/\/api.w.org\/{rel}","templated":true}]}}