{"id":6289,"date":"2021-01-24T10:35:37","date_gmt":"2021-01-24T10:35:37","guid":{"rendered":"http:\/\/megapharm.al\/index.php\/product\/import-placeholder-for-2404\/"},"modified":"2021-01-24T10:35:42","modified_gmt":"2021-01-24T10:35:42","slug":"dermastir-ampula-acid-hialuronik-10-x-2ml","status":"publish","type":"product","link":"https:\/\/megapharm.al\/?product=dermastir-ampula-acid-hialuronik-10-x-2ml","title":{"rendered":"DERMASTIR AMPULA ACID HIALURONIK 10 x 2ml"},"content":{"rendered":"<p>Ampula me acid hialuronik si p\u00ebrb\u00ebr\u00ebsi natyral pjes\u00eb e trupit ton\u00eb me veti hidratuese t\u00eb fuqishme. Ka aft\u00ebsi t\u00eb ruaj\u00eb ujin n\u00eb l\u00ebkur\u00eb duke mund\u00ebsuar kushte optimale p\u00ebr l\u00ebkur\u00ebn. Absorbohet leht\u00ebsisht n\u00eb l\u00ebkur\u00eb dhe ndihmon n\u00eb luftimin e rrudhave fine.<\/p>\n<p>P\u00ebrdorimi:\u00a0 Aplikojeni n\u00eb l\u00ebkur\u00eb duke e masazhuar cdo nj\u00eb jav\u00eb nj\u00eb ampul\u00eb ose cdo tre dit\u00eb p\u00ebr trajtim m\u00eb intensiv. Mund ta miksoni me kremin tuaj ose me mask\u00eb.<\/p>\n<p>Kujdes: Mos e ekspozoni veten n\u00eb diell. Mbrohuni me krem me faktor t\u00eb lart\u00eb. Shmang kontaktin me syt\u00eb.<\/p>\n","protected":false},"excerpt":{"rendered":"<p>Ampula me acid hialuronik si p\u00ebrb\u00ebr\u00ebsi natyral pjes\u00eb e trupit ton\u00eb me veti hidratuese t\u00eb fuqishme. Ka aft\u00ebsi t\u00eb ruaj\u00eb ujin n\u00eb l\u00ebkur\u00eb duke mund\u00ebsuar kushte optimale p\u00ebr l\u00ebkur\u00ebn. Absorbohet leht\u00ebsisht n\u00eb l\u00ebkur\u00eb dhe ndihmon n\u00eb luftimin e rrudhave fine.<\/p>\n<p>P\u00ebrdorimi:\u00a0 Aplikojeni n\u00eb l\u00ebkur\u00eb duke e masazhuar cdo nj\u00eb jav\u00eb nj\u00eb ampul\u00eb ose cdo tre dit\u00eb p\u00ebr trajtim m\u00eb intensiv. Mund ta miksoni me kremin tuaj ose me mask\u00eb.<\/p>\n<p>Kujdes: Mos e ekspozoni veten n\u00eb diell. Mbrohuni me krem me faktor t\u00eb lart\u00eb. Shmang kontaktin me syt\u00eb.<\/p>\n","protected":false},"featured_media":5599,"comment_status":"open","ping_status":"closed","template":"","meta":[],"product_cat":[126],"product_tag":[],"class_list":{"0":"post-6289","1":"product","2":"type-product","3":"status-publish","4":"has-post-thumbnail","6":"product_cat-dermastir","8":"first","9":"instock","10":"shipping-taxable","11":"product-type-simple"},"_links":{"self":[{"href":"https:\/\/megapharm.al\/index.php?rest_route=\/wp\/v2\/product\/6289","targetHints":{"allow":["GET"]}}],"collection":[{"href":"https:\/\/megapharm.al\/index.php?rest_route=\/wp\/v2\/product"}],"about":[{"href":"https:\/\/megapharm.al\/index.php?rest_route=\/wp\/v2\/types\/product"}],"replies":[{"embeddable":true,"href":"https:\/\/megapharm.al\/index.php?rest_route=%2Fwp%2Fv2%2Fcomments&post=6289"}],"wp:featuredmedia":[{"embeddable":true,"href":"https:\/\/megapharm.al\/index.php?rest_route=\/wp\/v2\/media\/5599"}],"wp:attachment":[{"href":"https:\/\/megapharm.al\/index.php?rest_route=%2Fwp%2Fv2%2Fmedia&parent=6289"}],"wp:term":[{"taxonomy":"product_cat","embeddable":true,"href":"https:\/\/megapharm.al\/index.php?rest_route=%2Fwp%2Fv2%2Fproduct_cat&post=6289"},{"taxonomy":"product_tag","embeddable":true,"href":"https:\/\/megapharm.al\/index.php?rest_route=%2Fwp%2Fv2%2Fproduct_tag&post=6289"}],"curies":[{"name":"wp","href":"https:\/\/api.w.org\/{rel}","templated":true}]}}