{"id":6283,"date":"2021-01-24T10:35:36","date_gmt":"2021-01-24T10:35:36","guid":{"rendered":"http:\/\/megapharm.al\/index.php\/product\/import-placeholder-for-2398\/"},"modified":"2021-01-24T10:35:41","modified_gmt":"2021-01-24T10:35:41","slug":"dermastir-cilser-yp-serum-ushqyes-per-qerpiket-5-ml","status":"publish","type":"product","link":"https:\/\/megapharm.al\/?product=dermastir-cilser-yp-serum-ushqyes-per-qerpiket-5-ml","title":{"rendered":"DERMASTIR CILSER YP Serum ushqyes per qerpiket    5 ml"},"content":{"rendered":"<p>Serum ushqyes p\u00ebr qerpik\u00ebt\u00a0\u00a0\u00a0 5 ml<\/p>\n<p>Serum me 13 peptide ushqyese p\u00ebr rritjen e fijes s\u00eb qerpik\u00ebve.<\/p>\n<p>P\u00ebrb\u00ebr\u00ebsit: Peptide, biotin, acid hialuronik.<\/p>\n<p>P\u00ebrdorimi:\u00a0 Aplikojeni n\u00eb rrenj\u00ebn e qerpikut dy her\u00eb n\u00eb dit\u00eb.<\/p>\n","protected":false},"excerpt":{"rendered":"<p>Serum ushqyes p\u00ebr qerpik\u00ebt\u00a0\u00a0\u00a0 5 ml<\/p>\n<p>Serum me 13 peptide ushqyese p\u00ebr rritjen e fijes s\u00eb qerpik\u00ebve.<\/p>\n<p>P\u00ebrb\u00ebr\u00ebsit: Peptide, biotin, acid hialuronik.<\/p>\n<p>P\u00ebrdorimi:\u00a0 Aplikojeni n\u00eb rrenj\u00ebn e qerpikut dy her\u00eb n\u00eb dit\u00eb.<\/p>\n","protected":false},"featured_media":5593,"comment_status":"open","ping_status":"closed","template":"","meta":[],"product_cat":[126],"product_tag":[],"class_list":{"0":"post-6283","1":"product","2":"type-product","3":"status-publish","4":"has-post-thumbnail","6":"product_cat-dermastir","8":"first","9":"instock","10":"shipping-taxable","11":"product-type-simple"},"_links":{"self":[{"href":"https:\/\/megapharm.al\/index.php?rest_route=\/wp\/v2\/product\/6283","targetHints":{"allow":["GET"]}}],"collection":[{"href":"https:\/\/megapharm.al\/index.php?rest_route=\/wp\/v2\/product"}],"about":[{"href":"https:\/\/megapharm.al\/index.php?rest_route=\/wp\/v2\/types\/product"}],"replies":[{"embeddable":true,"href":"https:\/\/megapharm.al\/index.php?rest_route=%2Fwp%2Fv2%2Fcomments&post=6283"}],"wp:featuredmedia":[{"embeddable":true,"href":"https:\/\/megapharm.al\/index.php?rest_route=\/wp\/v2\/media\/5593"}],"wp:attachment":[{"href":"https:\/\/megapharm.al\/index.php?rest_route=%2Fwp%2Fv2%2Fmedia&parent=6283"}],"wp:term":[{"taxonomy":"product_cat","embeddable":true,"href":"https:\/\/megapharm.al\/index.php?rest_route=%2Fwp%2Fv2%2Fproduct_cat&post=6283"},{"taxonomy":"product_tag","embeddable":true,"href":"https:\/\/megapharm.al\/index.php?rest_route=%2Fwp%2Fv2%2Fproduct_tag&post=6283"}],"curies":[{"name":"wp","href":"https:\/\/api.w.org\/{rel}","templated":true}]}}