{"id":6282,"date":"2021-01-24T10:35:27","date_gmt":"2021-01-24T10:35:27","guid":{"rendered":"http:\/\/megapharm.al\/index.php\/product\/import-placeholder-for-2397\/"},"modified":"2021-01-24T10:35:34","modified_gmt":"2021-01-24T10:35:34","slug":"dermastir-brow-serum-ushqyes-per-vetullat-10-ml","status":"publish","type":"product","link":"https:\/\/megapharm.al\/?product=dermastir-brow-serum-ushqyes-per-vetullat-10-ml","title":{"rendered":"DERMASTIR BROW Serum ushqyes per vetullat  10 ml"},"content":{"rendered":"<p>Serum ushqyes per vetullat\u00a0 10 ml<\/p>\n<p>Serum me 13 peptide ushqyese p\u00ebr rritjen e fijes s\u00eb vetullave.<\/p>\n<p>P\u00ebrb\u00ebr\u00ebsit: Peptide, biotin, acid hialuronik.<\/p>\n<p>P\u00ebrdorimi:\u00a0 Aplikojeni n\u00eb vetull dy her\u00eb n\u00eb dit\u00eb.<\/p>\n","protected":false},"excerpt":{"rendered":"<p>Serum ushqyes per vetullat\u00a0 10 ml<\/p>\n<p>Serum me 13 peptide ushqyese p\u00ebr rritjen e fijes s\u00eb vetullave.<\/p>\n<p>P\u00ebrb\u00ebr\u00ebsit: Peptide, biotin, acid hialuronik.<\/p>\n<p>P\u00ebrdorimi:\u00a0 Aplikojeni n\u00eb vetull dy her\u00eb n\u00eb dit\u00eb.<\/p>\n","protected":false},"featured_media":5592,"comment_status":"open","ping_status":"closed","template":"","meta":[],"product_cat":[126],"product_tag":[],"class_list":{"0":"post-6282","1":"product","2":"type-product","3":"status-publish","4":"has-post-thumbnail","6":"product_cat-dermastir","8":"first","9":"instock","10":"shipping-taxable","11":"product-type-simple"},"_links":{"self":[{"href":"https:\/\/megapharm.al\/index.php?rest_route=\/wp\/v2\/product\/6282","targetHints":{"allow":["GET"]}}],"collection":[{"href":"https:\/\/megapharm.al\/index.php?rest_route=\/wp\/v2\/product"}],"about":[{"href":"https:\/\/megapharm.al\/index.php?rest_route=\/wp\/v2\/types\/product"}],"replies":[{"embeddable":true,"href":"https:\/\/megapharm.al\/index.php?rest_route=%2Fwp%2Fv2%2Fcomments&post=6282"}],"wp:featuredmedia":[{"embeddable":true,"href":"https:\/\/megapharm.al\/index.php?rest_route=\/wp\/v2\/media\/5592"}],"wp:attachment":[{"href":"https:\/\/megapharm.al\/index.php?rest_route=%2Fwp%2Fv2%2Fmedia&parent=6282"}],"wp:term":[{"taxonomy":"product_cat","embeddable":true,"href":"https:\/\/megapharm.al\/index.php?rest_route=%2Fwp%2Fv2%2Fproduct_cat&post=6282"},{"taxonomy":"product_tag","embeddable":true,"href":"https:\/\/megapharm.al\/index.php?rest_route=%2Fwp%2Fv2%2Fproduct_tag&post=6282"}],"curies":[{"name":"wp","href":"https:\/\/api.w.org\/{rel}","templated":true}]}}