{"id":6281,"date":"2021-01-24T10:35:27","date_gmt":"2021-01-24T10:35:27","guid":{"rendered":"http:\/\/megapharm.al\/index.php\/product\/import-placeholder-for-2396\/"},"modified":"2024-10-23T21:48:33","modified_gmt":"2024-10-23T21:48:33","slug":"dermastir-crystal-gommage-krem-eksfoljues-me-kristale-100ml","status":"publish","type":"product","link":"https:\/\/megapharm.al\/?product=dermastir-crystal-gommage-krem-eksfoljues-me-kristale-100ml","title":{"rendered":"Dermastir CRYSTAL GOMMAGE krem eksfoljues me kristale 100ml"},"content":{"rendered":"<p>Krem eksfoljues me kristale 100ml<\/p>\n<p>Krem me veti eksfoljuese.<\/p>\n<p>Mikrokristalet ndihmojn\u00eb n\u00eb largimin e\u00a0 qelizave t\u00eb vdekura dhe pastrimin e fytyr\u00ebs n\u00eb thell\u00ebsi.<\/p>\n<p>P\u00ebrb\u00ebr\u00ebsit. Mirkrokristale, vaj bajameje, kamomil.<\/p>\n<p>Perdorimi: Aplikojeni ne lekure te thate dhe masazhojeni ne te gjithe fytyren.<\/p>\n","protected":false},"excerpt":{"rendered":"<p>Krem eksfoljues me kristale 100ml<\/p>\n<p>Krem me veti eksfoljuese.<\/p>\n<p>Mikrokristalet ndihmojn\u00eb n\u00eb largimin e\u00a0 qelizave t\u00eb vdekura dhe pastrimin e fytyr\u00ebs n\u00eb thell\u00ebsi.<\/p>\n<p>P\u00ebrb\u00ebr\u00ebsit. Mirkrokristale, vaj bajameje, kamomil.<\/p>\n<p>Perdorimi: Aplikojeni ne lekure te thate dhe masazhojeni ne te gjithe fytyren.<\/p>\n","protected":false},"featured_media":5591,"comment_status":"open","ping_status":"closed","template":"","meta":[],"product_cat":[126],"product_tag":[],"class_list":{"0":"post-6281","1":"product","2":"type-product","3":"status-publish","4":"has-post-thumbnail","6":"product_cat-dermastir","8":"first","9":"instock","10":"shipping-taxable","11":"product-type-simple"},"_links":{"self":[{"href":"https:\/\/megapharm.al\/index.php?rest_route=\/wp\/v2\/product\/6281","targetHints":{"allow":["GET"]}}],"collection":[{"href":"https:\/\/megapharm.al\/index.php?rest_route=\/wp\/v2\/product"}],"about":[{"href":"https:\/\/megapharm.al\/index.php?rest_route=\/wp\/v2\/types\/product"}],"replies":[{"embeddable":true,"href":"https:\/\/megapharm.al\/index.php?rest_route=%2Fwp%2Fv2%2Fcomments&post=6281"}],"wp:featuredmedia":[{"embeddable":true,"href":"https:\/\/megapharm.al\/index.php?rest_route=\/wp\/v2\/media\/5591"}],"wp:attachment":[{"href":"https:\/\/megapharm.al\/index.php?rest_route=%2Fwp%2Fv2%2Fmedia&parent=6281"}],"wp:term":[{"taxonomy":"product_cat","embeddable":true,"href":"https:\/\/megapharm.al\/index.php?rest_route=%2Fwp%2Fv2%2Fproduct_cat&post=6281"},{"taxonomy":"product_tag","embeddable":true,"href":"https:\/\/megapharm.al\/index.php?rest_route=%2Fwp%2Fv2%2Fproduct_tag&post=6281"}],"curies":[{"name":"wp","href":"https:\/\/api.w.org\/{rel}","templated":true}]}}