{"id":6276,"date":"2021-01-24T10:35:26","date_gmt":"2021-01-24T10:35:26","guid":{"rendered":"http:\/\/megapharm.al\/index.php\/product\/import-placeholder-for-2391\/"},"modified":"2021-01-24T10:35:33","modified_gmt":"2021-01-24T10:35:33","slug":"dermastir-biocellular-post-op-maske-zbardhuese-30ml","status":"publish","type":"product","link":"https:\/\/megapharm.al\/?product=dermastir-biocellular-post-op-maske-zbardhuese-30ml","title":{"rendered":"DERMASTIR BIOCELLULAR Post Op maske zbardhuese  30ml"},"content":{"rendered":"<p>Mask\u00eb zbardhuese p\u00ebr fytyr\u00ebn nj\u00eb p\u00ebrdorimeshe.<\/p>\n<p>P\u00ebrb\u00ebr\u00ebsit: Acid elaxhik, jamball<\/p>\n<p>P\u00ebrdorimi: Largoni dy shtresat e jashtme t\u00eb mask\u00ebs dhe shtres\u00ebn e mesit vendoseni n\u00eb fytyr\u00eb t\u00eb pastruar m\u00eb par\u00eb. Lereni t\u00eb veproj\u00eb p\u00ebr 30 deri 45 min.<\/p>\n","protected":false},"excerpt":{"rendered":"<p>Mask\u00eb zbardhuese p\u00ebr fytyr\u00ebn nj\u00eb p\u00ebrdorimeshe.<\/p>\n<p>P\u00ebrb\u00ebr\u00ebsit: Acid elaxhik, jamball<\/p>\n<p>P\u00ebrdorimi: Largoni dy shtresat e jashtme t\u00eb mask\u00ebs dhe shtres\u00ebn e mesit vendoseni n\u00eb fytyr\u00eb t\u00eb pastruar m\u00eb par\u00eb. Lereni t\u00eb veproj\u00eb p\u00ebr 30 deri 45 min.<\/p>\n","protected":false},"featured_media":5586,"comment_status":"open","ping_status":"closed","template":"","meta":[],"product_cat":[126],"product_tag":[],"class_list":{"0":"post-6276","1":"product","2":"type-product","3":"status-publish","4":"has-post-thumbnail","6":"product_cat-dermastir","8":"first","9":"instock","10":"shipping-taxable","11":"product-type-simple"},"_links":{"self":[{"href":"https:\/\/megapharm.al\/index.php?rest_route=\/wp\/v2\/product\/6276","targetHints":{"allow":["GET"]}}],"collection":[{"href":"https:\/\/megapharm.al\/index.php?rest_route=\/wp\/v2\/product"}],"about":[{"href":"https:\/\/megapharm.al\/index.php?rest_route=\/wp\/v2\/types\/product"}],"replies":[{"embeddable":true,"href":"https:\/\/megapharm.al\/index.php?rest_route=%2Fwp%2Fv2%2Fcomments&post=6276"}],"wp:featuredmedia":[{"embeddable":true,"href":"https:\/\/megapharm.al\/index.php?rest_route=\/wp\/v2\/media\/5586"}],"wp:attachment":[{"href":"https:\/\/megapharm.al\/index.php?rest_route=%2Fwp%2Fv2%2Fmedia&parent=6276"}],"wp:term":[{"taxonomy":"product_cat","embeddable":true,"href":"https:\/\/megapharm.al\/index.php?rest_route=%2Fwp%2Fv2%2Fproduct_cat&post=6276"},{"taxonomy":"product_tag","embeddable":true,"href":"https:\/\/megapharm.al\/index.php?rest_route=%2Fwp%2Fv2%2Fproduct_tag&post=6276"}],"curies":[{"name":"wp","href":"https:\/\/api.w.org\/{rel}","templated":true}]}}